{"id":1062,"date":"2023-02-23T17:33:29","date_gmt":"2023-02-23T16:33:29","guid":{"rendered":"https:\/\/consfriburgo.esteri.it\/servizi-consolari-e-visti\/servizi-per-il-cittadino-italiano\/cittadinanza\/"},"modified":"2025-01-08T09:48:00","modified_gmt":"2025-01-08T08:48:00","slug":"cittadinanza","status":"publish","type":"page","link":"https:\/\/consfriburgo.esteri.it\/de\/servizi-consolari-e-visti\/servizi-per-il-cittadino-straniero\/cittadinanza\/","title":{"rendered":"Staatsangeh\u00f6rigkeit"},"content":{"rendered":"<p>Erwerb der italienischen Staatsangeh\u00f6rigkeit durch Heirat mit einem italienischen Staatsb\u00fcrger (a 5 Gesetz Nr. 91 vom 5. Februar 1992)<\/p>\n<p>&nbsp;<\/p>\n<h4>Voraussetzungen<\/h4>\n<ul>\n<li><strong>3 Jahre g\u00fcltige Ehe (1\u00bd Jahre mit minderj\u00e4hrigen Kindern);<\/strong><\/li>\n<li><strong>Keine strafrechtlichen Verurteilungen;<\/strong><\/li>\n<li><strong>SPRACHZERTIFIKAT STUFE B1.<\/strong><\/li>\n<\/ul>\n<p><strong>! ACHTUNG !<\/strong> Neues Antragsverfahren f\u00fcr den Erwerb der Staatsangeh\u00f6rigkeit &#8211;&gt; <a href=\"https:\/\/consfriburgo.esteri.it\/wp-content\/uploads\/2024\/02\/INFO-ACQUISTO-CITTADINANZA-PER-MATRIMONIO.doc-1.pdf\">Merkblatt<\/a><\/p>\n<p>Vergewissern Sie sich, dass Sie alle erforderlichen Unterlagen haben, die unten aufgef\u00fchrt sind:<\/p>\n<ul>\n<li><strong>Auszug aus der Geburtsurkunde des Antragstellers<\/strong>, ausgestellt vom Herkunftsland, mit allen Angaben, mit italienischer \u00dcbersetzung und beglaubigt;<\/li>\n<li><strong>Meldebest\u00e4tigung der Familie<\/strong>, ausgestellt von der Gemeinde des derzeitigen Wohnsitzes;<\/li>\n<li><strong>Strafregisterbescheinigung, ausgestellt vom Herkunftsland des Antragstellers und von jedem Land<\/strong>, in dem sich der Antragsteller seit seinem 14. Lebensjahr aufgehalten hat. Die Bescheinigungen m\u00fcssen im Original, mit einer italienischen \u00dcbersetzung und beglaubigt sein;<\/li>\n<li><strong>Strafregisterbescheinigung (F\u00fchrungszeugnis)<\/strong>, die bei der Wohnsitzgemeinde des Antragstellers zu beantragen ist, zusammen mit einer italienischen \u00dcbersetzung, die von einem vereidigten \u00dcbersetzer angefertigt wurde (siehe Liste der \u00dcbersetzer im Abschnitt Formulare und Datenbanken);<\/li>\n<li><strong>Staatsangeh\u00f6rigkeitsbescheinigung des Ehepartners<\/strong> (ausgestellt vom Konsulat);<\/li>\n<li><strong>Familienstand<\/strong> (wird vom Konsulat ausgestellt);<\/li>\n<li><strong>Reisepass<\/strong> (g\u00fcltig und Fotokopie der Seite mit dem Foto und den pers\u00f6nlichen Daten des Antragstellers);<\/li>\n<li><strong>Nachweis ausreichender Kenntnisse der italienischen Sprache<\/strong>, mindestens auf dem Niveau <strong>B1<\/strong>. (Klicken Sie hier, um die auf der Website des Italienischen Kulturinstituts in Stuttgart verf\u00fcgbaren Sprachkurse zu besuchen<\/li>\n<li><strong>Kopie der Bank\u00fcberweisung von 250 \u20ac<\/strong> zugunsten von:<\/li>\n<\/ul>\n<p>&nbsp;<\/p>\n<p style=\"text-align: center;\">MINISTERO DELL\u2019INTERNO D.L.C.I. \u2013 CITTADINANZA \u2013<\/p>\n<p style=\"text-align: center;\">Codice IBAN \u2013 IT54D0760103200000000809020<\/p>\n<p style=\"text-align: center;\">Codice BIC\/SWIFT \u2013 BPPIITRRXXX<\/p>\n<p><strong>Iure Sanguinis<\/strong><\/p>\n<p>Bez\u00fcglich der Formalit\u00e4ten f\u00fcr die Anerkennung der italienischen Staatsb\u00fcrgerschaft iure sanguinis (Wiederaufbau) wenden Sie sich bitte per E-Mail an das Konsulat und konsultieren Sie das entsprechende <a href=\"https:\/\/consfriburgo.esteri.it\/wp-content\/uploads\/2025\/01\/1-Foglio-informativo.pdf\">Informationsblatt<\/a>.<\/p>\n<p><a href=\"https:\/\/consfriburgo.esteri.it\/wp-content\/uploads\/2023\/04\/modulo_di_richiesta_di_riconoscimento_iure_sanguinis.pdf\">ANTRAGSFORMULAR F\u00dcR DIE ANERKENNUNG DER ITALIENISCHEN STAATSB\u00dcRGERSCHAFT IURE SANGUINIS<\/a><\/p>\n<p><a href=\"https:\/\/consfriburgo.esteri.it\/wp-content\/uploads\/2023\/04\/specchietto_riepilogativo_discendenza.pdf\">STAMMBAUM F\u00dcR DIE WIEDERHERSTELLUNG DER STAATSB\u00dcRGERSCHAFT<\/a><\/p>\n<p>&nbsp;<\/p>\n<p>&nbsp;<\/p>\n<p><strong>N\u00dcTZLICHE KONTAKTE<\/strong><\/p>\n<p>Telefon: 0761 38661 &#8211; 48<\/p>\n<p>E-Mail: <a href=\"mailto:statocivile.friburgo@esteri.it\">statocivile.friburgo@esteri.it<\/a><\/p>\n<p>Tel. 0761 38661 47<\/p>\n<p>Tel. 0761 38661 54<\/p>\n<p>E-Mail: <a href=\"mailto:statocivile.friburgo@esteri.it\">statocivile.friburgo@esteri.it<\/a><\/p>\n<p>&nbsp;<\/p>\n","protected":false},"excerpt":{"rendered":"Erwerb der italienischen Staatsangeh\u00f6rigkeit durch Heirat mit einem italienischen Staatsb\u00fcrger (a 5 Gesetz Nr. 91 vom 5. Februar 1992) &nbsp; Voraussetzungen 3 Jahre g\u00fcltige Ehe (1\u00bd Jahre mit minderj\u00e4hrigen Kindern); Keine strafrechtlichen Verurteilungen; SPRACHZERTIFIKAT STUFE B1. ! ACHTUNG ! Neues Antragsverfahren f\u00fcr den Erwerb der Staatsangeh\u00f6rigkeit &#8211;&gt; Merkblatt Vergewissern Sie sich, dass Sie alle erforderlichen [&hellip;]","protected":false},"author":3,"featured_media":0,"parent":166,"menu_order":5,"comment_status":"closed","ping_status":"closed","template":"","meta":{"footnotes":""},"class_list":["post-1062","page","type-page","status-publish","hentry"],"_links":{"self":[{"href":"https:\/\/consfriburgo.esteri.it\/de\/wp-json\/wp\/v2\/pages\/1062","targetHints":{"allow":["GET"]}}],"collection":[{"href":"https:\/\/consfriburgo.esteri.it\/de\/wp-json\/wp\/v2\/pages"}],"about":[{"href":"https:\/\/consfriburgo.esteri.it\/de\/wp-json\/wp\/v2\/types\/page"}],"author":[{"embeddable":true,"href":"https:\/\/consfriburgo.esteri.it\/de\/wp-json\/wp\/v2\/users\/3"}],"replies":[{"embeddable":true,"href":"https:\/\/consfriburgo.esteri.it\/de\/wp-json\/wp\/v2\/comments?post=1062"}],"version-history":[{"count":7,"href":"https:\/\/consfriburgo.esteri.it\/de\/wp-json\/wp\/v2\/pages\/1062\/revisions"}],"predecessor-version":[{"id":10186,"href":"https:\/\/consfriburgo.esteri.it\/de\/wp-json\/wp\/v2\/pages\/1062\/revisions\/10186"}],"up":[{"embeddable":true,"href":"https:\/\/consfriburgo.esteri.it\/de\/wp-json\/wp\/v2\/pages\/166"}],"wp:attachment":[{"href":"https:\/\/consfriburgo.esteri.it\/de\/wp-json\/wp\/v2\/media?parent=1062"}],"curies":[{"name":"wp","href":"https:\/\/api.w.org\/{rel}","templated":true}]}}