{"id":1071,"date":"2023-03-15T16:56:38","date_gmt":"2023-03-15T15:56:38","guid":{"rendered":"https:\/\/consfriburgo.esteri.it\/servizi-consolari-e-visti\/servizi-per-il-cittadino-italiano\/anagrafe-degli-italiani-residenti-allestero-aire\/fast-it\/"},"modified":"2023-10-23T15:20:36","modified_gmt":"2023-10-23T13:20:36","slug":"fast-it","status":"publish","type":"page","link":"https:\/\/consfriburgo.esteri.it\/de\/servizi-consolari-e-visti\/servizi-per-il-cittadino-italiano\/anagrafe-degli-italiani-residenti-allestero-aire\/fast-it\/","title":{"rendered":"FAST IT"},"content":{"rendered":"<p style=\"text-align: center;\"><strong>BENUTZEN SIE DAS PORTAL FAST-IT !<\/strong><\/p>\n<p style=\"text-align: center;\"><a href=\"https:\/\/consfriburgo.esteri.it\/de\/servizi-consolari-e-visti\/servizi-per-il-cittadino-italiano\/anagrafe-degli-italiani-residenti-allestero-aire\/fast-it-tutorial-iscrizione-allaire-e-cambio-dindirizzo\/\"><strong>&#8211;&gt;FAST-IT Tutorial &#8211; Einschreibung in das AIRE und Adresswechsel&lt;&#8211;<\/strong><\/a><\/p>\n<p style=\"text-align: center;\"><a href=\"https:\/\/consfriburgo.esteri.it\/de\/servizi-consolari-e-visti\/servizi-per-il-cittadino-italiano\/anagrafe-degli-italiani-residenti-allestero-aire\/fast-it-tutorial-iscrizione-allaire-e-cambio-dindirizzo\/\"><img loading=\"lazy\" decoding=\"async\" class=\"img-fluid alignnone wp-image-306 size-medium\" src=\"https:\/\/consfriburgo.esteri.it\/wp-content\/uploads\/2023\/03\/fast_it_iscrizione_aire1-300x192.jpg\" alt=\"Iscrizione AIRE\" width=\"300\" height=\"192\" srcset=\"https:\/\/consfriburgo.esteri.it\/wp-content\/uploads\/2023\/03\/fast_it_iscrizione_aire1-300x192.jpg 300w, https:\/\/consfriburgo.esteri.it\/wp-content\/uploads\/2023\/03\/fast_it_iscrizione_aire1.jpg 360w\" sizes=\"auto, (max-width: 300px) 100vw, 300px\" \/>\u00a0 \u00a0 \u00a0 \u00a0 \u00a0 \u00a0 \u00a0 \u00a0 \u00a0 \u00a0 \u00a0 \u00a0 \u00a0 \u00a0 \u00a0 \u00a0<\/a>\u00a0<a href=\"https:\/\/consfriburgo.esteri.it\/de\/servizi-consolari-e-visti\/servizi-per-il-cittadino-italiano\/anagrafe-degli-italiani-residenti-allestero-aire\/fast-it-tutorial-iscrizione-allaire-e-cambio-dindirizzo\/\"><img loading=\"lazy\" decoding=\"async\" class=\"img-fluid alignnone wp-image-305 size-medium\" src=\"https:\/\/consfriburgo.esteri.it\/wp-content\/uploads\/2023\/03\/fast_it_cambiodindirizzo1-300x192.jpg\" alt=\"Cambio indirizzo\" width=\"300\" height=\"192\" srcset=\"https:\/\/consfriburgo.esteri.it\/wp-content\/uploads\/2023\/03\/fast_it_cambiodindirizzo1-300x192.jpg 300w, https:\/\/consfriburgo.esteri.it\/wp-content\/uploads\/2023\/03\/fast_it_cambiodindirizzo1.jpg 360w\" sizes=\"auto, (max-width: 300px) 100vw, 300px\" \/><\/a><\/p>\n<p style=\"text-align: justify;\">Die im Bezirk des Konsulats in Freiburge ans\u00e4ssigen italienischen Staatsb\u00fcrger\/innen k\u00f6nnen das Portal\u00a0<a href=\"https:\/\/serviziconsolarionline.esteri.it\/ScoFE\/index.sco\" target=\"_blank\" rel=\"noopener\">FAST-IT<\/a>\u00a0nutzen:<\/p>\n<p style=\"text-align: justify;\"><a href=\"https:\/\/serviziconsolarionline.esteri.it\/ScoFE\/index.sco\">https:\/\/serviziconsolarionline.esteri.it<\/a><\/p>\n<p style=\"text-align: justify;\">Dadurch ist m\u00f6glich, die\u00a0<strong>AIRE-Anmeldung<\/strong>\u00a0selber zu beantragen, die eigenen personenbezogenen Daten zu \u00fcberpr\u00fcfen, die\u00a0erfolgte Adressen\u00e4nderung in Deutschland mitzuteilen\u00a0oder den Wechsel aus einen anderen konsularischen Bezirks zu kommunizieren.<\/p>\n<p style=\"text-align: justify;\">Um sich im Portal einzuloggen braucht man nur eine g\u00fcltige E-Mail-Adresse.<\/p>\n<p style=\"text-align: justify;\">Seit dem 01. April 2019 ist der Antrag auf AIRE-Anmeldung oder die Mitteilung \u00fcber die erfolgte Adressen\u00e4nderung in Deutschland ausschlie\u00dflich \u00fcber das Portal\u00a0<a href=\"https:\/\/serviziconsolarionline.esteri.it\/ScoFE\/index.sco\" target=\"_blank\" rel=\"noopener\">FAST-IT<\/a>\u00a0m\u00f6glich.<\/p>\n<p style=\"text-align: justify;\">Das Portal\u00a0<a href=\"https:\/\/serviziconsolarionline.esteri.it\/ScoFE\/index.sco\" target=\"_blank\" rel=\"noopener\">FAST-IT<\/a>\u00a0ersetzt die elektronische Zusendung des Antrags auf AIRE-Anmeldung oder die elektronische Mitteilung \u00fcber die erfolgte Adressen\u00e4nderung in Deutschland.<\/p>\n<p>&nbsp;<\/p>\n","protected":false},"excerpt":{"rendered":"BENUTZEN SIE DAS PORTAL FAST-IT ! &#8211;&gt;FAST-IT Tutorial &#8211; Einschreibung in das AIRE und Adresswechsel&lt;&#8211; \u00a0 \u00a0 \u00a0 \u00a0 \u00a0 \u00a0 \u00a0 \u00a0 \u00a0 \u00a0 \u00a0 \u00a0 \u00a0 \u00a0 \u00a0 \u00a0\u00a0 Die im Bezirk des Konsulats in Freiburge ans\u00e4ssigen italienischen Staatsb\u00fcrger\/innen k\u00f6nnen das Portal\u00a0FAST-IT\u00a0nutzen: https:\/\/serviziconsolarionline.esteri.it Dadurch ist m\u00f6glich, die\u00a0AIRE-Anmeldung\u00a0selber zu beantragen, die eigenen personenbezogenen Daten [&hellip;]","protected":false},"author":7,"featured_media":0,"parent":1068,"menu_order":0,"comment_status":"closed","ping_status":"closed","template":"","meta":{"footnotes":""},"class_list":["post-1071","page","type-page","status-publish","hentry"],"_links":{"self":[{"href":"https:\/\/consfriburgo.esteri.it\/de\/wp-json\/wp\/v2\/pages\/1071","targetHints":{"allow":["GET"]}}],"collection":[{"href":"https:\/\/consfriburgo.esteri.it\/de\/wp-json\/wp\/v2\/pages"}],"about":[{"href":"https:\/\/consfriburgo.esteri.it\/de\/wp-json\/wp\/v2\/types\/page"}],"author":[{"embeddable":true,"href":"https:\/\/consfriburgo.esteri.it\/de\/wp-json\/wp\/v2\/users\/7"}],"replies":[{"embeddable":true,"href":"https:\/\/consfriburgo.esteri.it\/de\/wp-json\/wp\/v2\/comments?post=1071"}],"version-history":[{"count":3,"href":"https:\/\/consfriburgo.esteri.it\/de\/wp-json\/wp\/v2\/pages\/1071\/revisions"}],"predecessor-version":[{"id":3081,"href":"https:\/\/consfriburgo.esteri.it\/de\/wp-json\/wp\/v2\/pages\/1071\/revisions\/3081"}],"up":[{"embeddable":true,"href":"https:\/\/consfriburgo.esteri.it\/de\/wp-json\/wp\/v2\/pages\/1068"}],"wp:attachment":[{"href":"https:\/\/consfriburgo.esteri.it\/de\/wp-json\/wp\/v2\/media?parent=1071"}],"curies":[{"name":"wp","href":"https:\/\/api.w.org\/{rel}","templated":true}]}}