{"id":1097,"date":"2023-03-29T16:07:19","date_gmt":"2023-03-29T14:07:19","guid":{"rendered":"https:\/\/consfriburgo.esteri.it\/servizi-consolari-e-visti\/servizi-per-il-cittadino-italiano\/carta-di-identita\/informazioni\/"},"modified":"2024-10-30T14:43:32","modified_gmt":"2024-10-30T13:43:32","slug":"informazioni","status":"publish","type":"page","link":"https:\/\/consfriburgo.esteri.it\/de\/servizi-consolari-e-visti\/servizi-per-il-cittadino-italiano\/personalausweis-und-reisepass\/carta-di-identita\/informazioni\/","title":{"rendered":"Informationen zum elektronischen Personalausweis"},"content":{"rendered":"<h5><strong>\u00a0<\/strong><strong>1) Was ist der elektronische Personalausweis?<\/strong><\/h5>\n<p><strong>Der Personalausweis ist ein pers\u00f6nliches Ausweisdokument, mit dem man sich innerhalb der Europ\u00e4ischen Union, in einigen Schengen-Mitgliedstaaten (z. B. Island, Norwegen und der Schweiz)<\/strong> und in anderen Staaten, mit denen bilaterale Abkommen geschlossen wurden, ausweisen und bewegen kann (siehe die einzelnen &#8222;L\u00e4nderbl\u00e4tter&#8220; unter <a href=\"http:\/\/www.viaggiaresicuri.it\/\">www.viaggiaresicuri.it<\/a>).<\/p>\n<p><strong>Der elektronische Personalausweis (CIE) ist der neue Personalausweis im Kartenformat<\/strong>; er erf\u00fcllt nicht nur die gleichen Funktionen wie der Papierausweis, sondern erm\u00f6glicht auch den Zugang zu den Online-Diensten der italienischen \u00f6ffentlichen Verwaltungen.<\/p>\n<p><strong>2) F\u00fcr wen kann der elektronische Personalausweis ausgestellt werden?<\/strong><\/p>\n<p>Das italienische Konsulat in Freiburg kann Personalausweise<strong> nur an italienische Staatsangeh\u00f6rige ausstellen, die ihren rechtm\u00e4\u00dfigen Wohnsitz in ihrem Konsularbezirk haben, die im Konsularregister eingetragen sind und deren Personalien bereits im Register A.I.R.E.<\/strong> (Anagrafe degli Italiani Residenti all&#8217;Estero) <strong>des Innenministeriums aufgef\u00fchrt sind.<\/strong><\/p>\n<p><strong>Der CIE wird denjenigen ausgestellt, die nicht im Besitz eines anderen g\u00fcltigen Personalausweises sind, deren Personalausweis demn\u00e4chst abl\u00e4uft <\/strong>(ab 6 Monaten vor Ablauf des G\u00fcltigkeitsdatums) <strong>oder bei Diebstahl, Verlust oder Besch\u00e4digung des vorherigen Personalausweises. AIRE-Registrierte, die einen noch g\u00fcltigen Papierausweis besitzen, k\u00f6nnen diesen ebenfalls beantragen.<\/strong><\/p>\n<p><strong>Diejenigen, die nicht bei A.I.R.E. registriert sind, m\u00fcssen zun\u00e4chst ihre zivilrechtliche Registrierung \u00fcber das<\/strong> <a href=\"https:\/\/serviziconsolarionline.esteri.it\/ScoFE\/index.sco\">FAST IT<\/a>-Portal regeln und warten, bis sie von der zust\u00e4ndigen italienischen Gemeinde in dieses Register eingetragen werden (f\u00fcr B\u00fcrger, die nicht bei A.I.R.E. registriert sind, bleibt die Zust\u00e4ndigkeit f\u00fcr die Ausstellung des Personalausweises bei der Wohnsitzgemeinde), bevor sie einen Antrag stellen k\u00f6nnen.<\/p>\n<p>F\u00fcr die Eintragung in die A.I.R.E.-Datenbank ist es f\u00fcr im Ausland geborene italienische Staatsb\u00fcrger unabdingbar, dass die Geburtsurkunde bereits in den Personenstandsregistern der Bezugsgemeinde umgeschrieben wurde.<\/p>\n<p><strong>Wenn Sie Ihren Wohnsitz ge\u00e4ndert haben (gegen\u00fcber der Adresse, die Sie dem Konsulat mitgeteilt haben), m\u00fcssen Sie die Adress\u00e4nderung \u00fcber das Portal<\/strong><a href=\"https:\/\/serviziconsolarionline.esteri.it\/ScoFE\/index.sco\"> FAST IT<\/a> <strong>beantragen<\/strong>. Au\u00dferdem ist es f\u00fcr den Erhalt der CIE unerl\u00e4sslich, eine von der Agenzia delle Entrate validierte Steuernummer zu besitzen. Wenn der Staatsangeh\u00f6rige nicht im Besitz einer Steuernummer ist oder diese nicht validiert wurde, wird das Konsulat diese \u00fcber die Agenzia delle Entrate anfordern.<\/p>\n<p><strong>3) Ist es m\u00f6glich, ein CIE zu beantragen, indem man sich direkt beim Konsulat vorstellt?<\/strong><\/p>\n<p>Nein, das ist nicht m\u00f6glich. Die CIE wird ausschlie\u00dflich nach Terminvereinbarung beantragt, und zwar nach dem unten angegebenen Verfahren. Wer ohne Termin direkt im Konsulat vorstellig wird, erh\u00e4lt die CIE nicht.<\/p>\n<p><strong>4) Wie kann ich einen elektronischen Personalausweis (CIE) beantragen?<\/strong><\/p>\n<p>Der elektronische Personalausweis darf nur \u00fcber die Plattform <a href=\"https:\/\/prenotami.esteri.it\/\">&#8222;Prenot@Mi&#8220;<\/a> beantragt werden.<\/p>\n<p>Landsleute, die aus objektiven und au\u00dfergew\u00f6hnlichen Gr\u00fcnden nicht in der Lage sind, das Computersystem <a href=\"https:\/\/prenotami.esteri.it\/\">&#8222;Prenot@Mi&#8220;<\/a> zu nutzen, werden gebeten, sich telefonisch an die Telefonzentrale des Konsulats und an das Personalausweisb\u00fcro zu wenden, um Hilfe bei der Buchung eines Termins zu erhalten. Sie werden auch daran erinnert, dass der Termin von einem Freund, Verwandten usw. wahrgenommen werden kann. Auch die Schalter der Patronate und Komitees k\u00f6nnen bei der Buchung eines Termins f\u00fcr die Ausstellung des CIE behilflich sein<\/p>\n<p><strong>5) Wie kann ich einen Termin auf der Plattform Prenot@mi vereinbaren?<\/strong><\/p>\n<p>Wenn Sie bereits als <strong>Benutzer auf der Plattform Booking on line registriert sind<\/strong>, m\u00fcssen Sie auf das Feld &#8222;bereits registrierter Benutzer-Login&#8220; klicken und Ihre Anmeldedaten eingeben:<\/p>\n<p><strong>Benutzername<\/strong>: Ihre E-Mail-Adresse<\/p>\n<p><strong>Passwort<\/strong>: das von Ihnen bei der Registrierung eingegebene Passwort<\/p>\n<p><strong>Er\/sie wird dann auf die Seite der aktivierten Dienste zugreifen, den Dienst &#8222;Identit\u00e4tskarte&#8220; ausw\u00e4hlen und die Seite mit den Daten der Person ausf\u00fcllen<\/strong>, die die Karte erhalten soll (der sogenannte &#8222;Antragsteller&#8220;). Wenn es also um die Erneuerung eines Kinderausweises geht, m\u00fcssen die Daten des Kindes in die Termindaten eingegeben werden, auch wenn die Person, die den Termin bucht, ein Elternteil ist.<\/p>\n<p>Sie k\u00f6nnen dann auf den Terminkalender zugreifen und einen Termin aus den verf\u00fcgbaren Terminen ausw\u00e4hlen.<\/p>\n<p>Wenn Sie bereits auf der fr\u00fcheren Plattform Booking Online registriert waren, m\u00fcssen Sie sich unbedingt auf der neuen Plattform Prenot@mi registrieren, um mit der Buchung eines Termins fortzufahren.<\/p>\n<p><strong>Ein neuer Nutze<\/strong>r muss sich zun\u00e4chst auf dem Portal registrieren, indem er auf <strong>&#8222;Registrierung neuer Nutzer&#8220;<\/strong> klickt. Nach Abschluss der Registrierung muss er sich erneut in das Buchungssystem einloggen und kann nach Eingabe seiner Anmeldedaten auf die Seite mit den Dienstleistungen zugreifen und wie oben beschrieben vorgehen.<\/p>\n<p>Vom Zeitpunkt des Antrags bis zum Termin vergehen mindestens f\u00fcnfzehn Tage, die notwendig sind, damit die Konsularabteilung Ihre pers\u00f6nlichen Daten \u00fcberpr\u00fcfen, eventuelle Abweichungen zwischen den Daten in der Konsulatsdatei und denen der italienischen Gemeinde beheben und \u00fcberpr\u00fcfen kann, ob es keine Gr\u00fcnde gibt, die der Ausstellung des Dokuments entgegenstehen.<\/p>\n<p><strong>ACHTUNG: Sollten sich bei der \u00dcberpr\u00fcfung Anhaltspunkte ergeben, die der Ausstellung des CIE (vor\u00fcbergehend oder anderweitig) entgegenstehen, wird sich die Konsularabteilung mit dem Staatsangeh\u00f6rigen in Verbindung setzen, um den Termin eventuell zu stornieren.<\/strong><\/p>\n<p><strong>6) Ist es m\u00f6glich, einen Termin f\u00fcr eine andere Person zu beantragen?<\/strong><\/p>\n<p>Ja, das ist m\u00f6glich. Um die notwendigen \u00dcberpr\u00fcfungen zu erm\u00f6glichen, ist es jedoch erforderlich, dass bei der Beantragung des Termins die Daten aller Personen, die die CIE erhalten sollen (Antragsteller), angegeben werden. Erscheinen am Schalter Personen, deren Daten bei der Buchung des Termins nicht in das System eingegeben wurden, kann der CIE-Antrag nicht bearbeitet werden.<\/p>\n<p>Bei minderj\u00e4hrigen Kindern kann der Elternteil von seinem Konto aus einen Termin f\u00fcr das Kind beantragen. In diesem Fall muss er in dem Formular, das f\u00fcr den Termin auszuf\u00fcllen ist, die erste Frage<strong> &#8222;Der Termin ist f\u00fcr&#8220; mit &#8222;mein Kind&#8220;<\/strong> beantworten und dann die Daten des Kindes eintragen und nicht die des Elternteils, der das Formular ausf\u00fcllt.<\/p>\n<p>Wenn Sie einen Termin f\u00fcr ein anderes Familienmitglied buchen m\u00f6chten, k\u00f6nnen Sie sich mit Ihrem Konto anmelden, im Feld <strong>&#8222;Der Termin ist f\u00fcr&#8220;<\/strong> &#8222;ein anderes Familienmitglied&#8220; ausw\u00e4hlen und dann alle Daten des Familienmitglieds (das der Antragsteller sein wird) eingeben.<\/p>\n<p>Das System erm\u00f6glicht es Ihnen auch, einen Termin f\u00fcr mehrere Personen zu buchen, d. h. f\u00fcr sich selbst und f\u00fcr andere Personen am selben Tag. In diesem Fall besteht das auszuf\u00fcllende Formular aus mehreren Teilen (Sie m\u00fcssen auf dem Bildschirm nach unten scrollen) und Sie m\u00fcssen f\u00fcr jede Person, die einen Termin zum selben Datum w\u00fcnscht, ein Datenblatt ausf\u00fcllen, d. h. f\u00fcr den ersten Antragsteller und dann f\u00fcr jeden weiteren Antragsteller.<\/p>\n<p><strong>7) Welche Unterlagen muss ich zum Termin mitbringen, um das CIE zu beantragen?<\/strong><\/p>\n<p>Am Tag des Termins muss der Antragsteller Folgendes mitbringen<\/p>\n<ul>\n<li><strong>Bisheriger Personalausweis<\/strong> (wenn Sie keinen haben, ein anderes Ausweisdokument; wenn Sie kein anderes Dokument haben<br \/>\nAusweisdokument, zwei Zeugen); wenn die CIE f\u00fcr einen Minderj\u00e4hrigen beantragt wird, muss auch der begleitende Elternteil ein Ausweisdokument vorlegen.1<\/li>\n<li><strong>biometrisches Lichtbild<\/strong> (neueren Datums, frontal, Farbe, Format 35 x 45 mm).<\/li>\n<li>Wenn der Antragsteller Kinder<strong> unter <\/strong>18 Jahren hat:<br \/>\n<strong>Achtung neues Verfahren &#8211; P\u00e4sse und CIE &#8211; Zustimmung des anderen Elternteils<\/strong><br \/>\nStaatsangeh\u00f6rige, die<strong> Eltern von Kindern unter 18 Jahren sind<\/strong>, werden hiermit dar\u00fcber informiert, dass ab dem 14. Juni 2023 f\u00fcr die Ausstellung ihres Ausweises (Pass und CIE) gem\u00e4\u00df Art. 20 des Gesetzesdekrets 69\/2023 nicht mehr<strong> die Zustimmung des anderen Elternteils vorgelegt werden muss<\/strong>. Der Antragsteller eines Reisepasses, der minderj\u00e4hrige Kinder hat, muss gem\u00e4\u00df Artikel 46 und 47 des Pr\u00e4sidialdekrets 445\/2000 in eigener Verantwortung bescheinigen, dass keine Hemmungen bestehen, d.h. dass er nicht anderweitig gerichtlichen Anordnungen unterliegt, die die Ausstellung des Reisepasses verhindern. Wenn eine konkrete und aktuelle Gefahr besteht, dass sich der Elternteil eines minderj\u00e4hrigen Kindes durch den Umzug ins Ausland der Erf\u00fcllung seiner Verpflichtungen gegen\u00fcber seinen Kindern entziehen k\u00f6nnte, kann der andere Elternteil eine Hemmung der Ausstellung des Reisepasses beantragen.<\/li>\n<li><strong>F\u00fcr die Ausstellung von Dokumenten f\u00fcr Minderj\u00e4hrige bleibt jedoch die Verpflichtung bestehen, dass die Zustimmung von beiden Elternteilen oder denjenigen, die die elterliche Verantwortung aus\u00fcben, unterzeichnet wird.<\/strong><br \/>\nIst der andere Elternteil kein B\u00fcrger der Europ\u00e4ischen Union, muss seine Unterschrift auf der eidesstattlichen Erkl\u00e4rung notariell beglaubigt werden: entweder beim Konsulat zum Zeitpunkt des Termins oder bei der deutschen Wohnsitzgemeinde oder einer anderen \u00f6ffentlichen Stelle oder bei einem Notar. Um die Richtigkeit der vorgelegten Zustimmungserkl\u00e4rung zu \u00fcberpr\u00fcfen, ist es erforderlich, dass das Kind bereits im Standesamt eingetragen ist oder dass das Original der Geburtsurkunde, aus der die Mutterschaft und Vaterschaft des Kindes hervorgeht, vorgelegt wird.<\/li>\n<li>Bei der Beantragung einer CIE f\u00fcr Minderj\u00e4hrige unter 12 Jahren ist deren Anwesenheit bei dem Termin nicht zwingend erforderlich, jedoch m\u00fcssen die Eltern ein von den deutschen Beh\u00f6rden beglaubigtes Foto des Kindes mitbringen.<\/li>\n<li><strong>Bezahlung<\/strong>: <a href=\"https:\/\/consfriburgo.esteri.it\/wp-content\/uploads\/2023\/03\/61696_f_cons57versamento.jpg\">\u00dcberweisungsnachweis<\/a>, nur in Ausnahmef\u00e4llen kann die Bezahlung am Schalter per EC-Karte oder in bar erfolgen.<\/li>\n<\/ul>\n<p>Die Kosten f\u00fcr das CIE betragen:<\/p>\n<ul>\n<li>21,95 Euro bei der Erstausstellung oder Erneuerung<\/li>\n<li>27,11 Euro f\u00fcr ein Duplikat des Personalausweises (neuer Personalausweis, der vor Ablauf von 180 Tagen nach Ablauf der G\u00fcltigkeit des vorherigen Personalausweises aufgrund von Diebstahl, Verlust oder Besch\u00e4digung ausgestellt wird)<br \/>\nNB: Diejenigen, die bereits einen Personalausweis in Papierform besitzen, m\u00fcssen 21,95 Euro bezahlen, da es sich um eine Erstausstellung eines CIE und nicht um ein Duplikat handelt.<\/li>\n<\/ul>\n<p>Ist der Antragsteller aufgrund eines Diebstahls oder Verlusts nicht mehr im Besitz des vorherigen Dokuments, muss er bei der Vorsprache das Formular f\u00fcr die <a href=\"https:\/\/consfriburgo.esteri.it\/wp-content\/uploads\/2023\/03\/dichiarazione_smarrimentofurto_cipass-1.pdf\">Diebstahls- oder Verlustmeldung<\/a> vorlegen, zusammen mit der Anzeige bei den deutschen Beh\u00f6rden (Polizei oder Fundb\u00fcro der Gemeinde), die auch online erfolgen kann (&#8222;Internetwache&#8220;; jedes Bundesland hat seine eigene Website; die Quittung wird einige Tage sp\u00e4ter per Post zugestellt).<\/p>\n<p>Ein verlorenes oder gestohlenes Dokument kann auch beim Konsulat gemeldet werden, aber in diesem Fall m\u00fcssen Sie die Nummer Ihres verlorenen oder gestohlenen Dokuments mit dem Ausstellungsdatum haben.<\/p>\n<p><strong>8) Welche Vorg\u00e4nge werden am Tag des Termins durchgef\u00fchrt?<\/strong><\/p>\n<p>Am Tag des Termins nimmt der Konsularbeamte die unter dem vorigen Punkt genannten Unterlagen entgegen, f\u00fchrt die Identit\u00e4ts- und Lichtbildpr\u00fcfung durch und nimmt Fingerabdr\u00fccke und Unterschriften ab (au\u00dfer bei Minderj\u00e4hrigen unter 12 Jahren).<\/p>\n<p>F\u00fcr Minderj\u00e4hrige unter 12 Jahren ist eine Identifizierung durch den Beamten erforderlich. Dies ist pers\u00f6nlich m\u00f6glich oder anhand eines alten Dokuments oder eines von den \u00f6rtlichen Beh\u00f6rden beglaubigten Fotos.<\/p>\n<p>&nbsp;<\/p>\n<p><strong>9) Wie erhalte ich den elektronischen Personalausweis?<\/strong><\/p>\n<p>Der CIE wird vom Innenministerium ausgestellt und von der Staatsdruckerei (Istituto Poligrafico e Zecca dello Stato) hergestellt. Diese schickt ihn per Einschreiben an die vom Antragsteller angegebene Wohnadresse (oder Anschrift). Au\u00dfer in Sonderf\u00e4llen sollte der CIE\u00a0<strong>innerhalb von 15 Tagen<\/strong>\u00a0ab dem Tag des Termins auf dem Postweg eintreffen (das Einschreiben kann \u00fcber den Tracking-Code selbst online verfolgt werden).<\/p>\n<p>Bei Nichtzustellung wird die Sendung nach Ablauf der Aufbewahrungsfrist bei der Post f\u00fcr weitere Zustellversuche an das Konsulat zur\u00fcckgeschickt.<\/p>\n<p><strong>10) Wie lange ist der Personalausweis g\u00fcltig?<\/strong><\/p>\n<p>Die G\u00fcltigkeitsdauer eines Personalausweises\u00a0<strong>variiert<\/strong>\u00a0je nach Alter des Inhabers und betr\u00e4gt:<\/p>\n<p>\u2022\u00a0<strong>3 Jahre<\/strong>\u00a0f\u00fcr Minderj\u00e4hrige im Alter zwischen 0 und 3 Jahre;<\/p>\n<p>\u2022\u00a0<strong>5 Jahre<\/strong>\u00a0f\u00fcr Minderj\u00e4hrige im Alter zwischen 3 Jahren und dem Erreichen der Vollj\u00e4hrigkeit (18 Jahre);<\/p>\n<p>\u2022\u00a0<strong>10 Jahre<\/strong>\u00a0ab einem Alter von 18 Jahren.<\/p>\n<p><strong>11) Ist es m\u00f6glich, meinen Personalausweis zu \u00e4ndern?<\/strong><\/p>\n<p>Nein. Der Personalausweis ist ein Identit\u00e4tsdokument und kein Aufenthalts- oder Personenstandsdokument. Es ist nicht m\u00f6glich, die Adresse auf dem Ausweis zu \u00e4ndern. Im Falle einer Adress\u00e4nderung kann der Landsmann eine Kopie der von den deutschen Beh\u00f6rden ausgestellten Aufenthaltsbescheinigung (Anmeldebest\u00e4tigung oder Meldebescheinigung) mitbringen. Es besteht weiterhin die M\u00f6glichkeit, auf Wunsch und nur dann, wenn man dem Konsulat zuvor \u00fcber die <a href=\"https:\/\/serviziconsolarionline.esteri.it\/ScoFE\/index.sco\">FAST-IT<\/a>-Plattform seinen Wohnsitzwechsel innerhalb desselben Konsularbezirks mitgeteilt hat, eine neue Meldebescheinigung mit aktualisierten pers\u00f6nlichen Daten zu beantragen. Da es sich in diesem Fall um ein Duplikat handelt, betragen die Kosten 27,11 \u20ac.<\/p>\n<p>12) K\u00f6nnen verheiratete Frauen den Nachnamen ihres Mannes angeben?<\/p>\n<p>Nein, das ist nicht m\u00f6glich. F\u00fcr eine korrekte Zustellung ist es erforderlich, den Nachnamen des Karteninhabers an der Zustelladresse anzugeben.<\/p>\n<p><strong>13) Ist der Papierpersonalausweis in Deutschland noch g\u00fcltig?<\/strong><\/p>\n<p>Ja, Ihr g\u00fcltiger Papierausweis ist in Deutschland noch bis zu seinem nat\u00fcrlichen Ablaufdatum voll g\u00fcltig, wie es in der Verordnung (EU) 2019\/1157 des Europ\u00e4ischen Parlaments und des Rates vom 20. Juni 2019 festgelegt ist (weitere Informationen finden Sie <a href=\"https:\/\/consfriburgo.esteri.it\/wp-content\/uploads\/2023\/04\/validit_carte_di_identit_cartacee-1.pdf\">hier<\/a>).<\/p>\n<p>***Bitte vergewissern Sie sich vor Ihrem Termin, dass Sie die oben angegebene Geb\u00fchr f\u00fcr die CIE-Ausstellung entrichtet haben.<\/p>\n<p>&nbsp;<\/p>\n<p>Kontaktinformationen des Personalausweisamtes:<\/p>\n<p>Tel. 0761 &#8211; 38661-42\/49<\/p>\n<p>Fax: 0761 38661 61<\/p>\n<p>E-Mail: ci_confrib@esteri.it<\/p>\n<p>PEC: con.friburgo.pass@cert.esteri.it<\/p>\n","protected":false},"excerpt":{"rendered":"\u00a01) Was ist der elektronische Personalausweis? Der Personalausweis ist ein pers\u00f6nliches Ausweisdokument, mit dem man sich innerhalb der Europ\u00e4ischen Union, in einigen Schengen-Mitgliedstaaten (z. B. Island, Norwegen und der Schweiz) und in anderen Staaten, mit denen bilaterale Abkommen geschlossen wurden, ausweisen und bewegen kann (siehe die einzelnen &#8222;L\u00e4nderbl\u00e4tter&#8220; unter www.viaggiaresicuri.it). Der elektronische Personalausweis (CIE) ist [&hellip;]","protected":false},"author":7,"featured_media":0,"parent":1081,"menu_order":0,"comment_status":"closed","ping_status":"closed","template":"","meta":{"footnotes":""},"class_list":["post-1097","page","type-page","status-publish","hentry"],"_links":{"self":[{"href":"https:\/\/consfriburgo.esteri.it\/de\/wp-json\/wp\/v2\/pages\/1097","targetHints":{"allow":["GET"]}}],"collection":[{"href":"https:\/\/consfriburgo.esteri.it\/de\/wp-json\/wp\/v2\/pages"}],"about":[{"href":"https:\/\/consfriburgo.esteri.it\/de\/wp-json\/wp\/v2\/types\/page"}],"author":[{"embeddable":true,"href":"https:\/\/consfriburgo.esteri.it\/de\/wp-json\/wp\/v2\/users\/7"}],"replies":[{"embeddable":true,"href":"https:\/\/consfriburgo.esteri.it\/de\/wp-json\/wp\/v2\/comments?post=1097"}],"version-history":[{"count":6,"href":"https:\/\/consfriburgo.esteri.it\/de\/wp-json\/wp\/v2\/pages\/1097\/revisions"}],"predecessor-version":[{"id":9103,"href":"https:\/\/consfriburgo.esteri.it\/de\/wp-json\/wp\/v2\/pages\/1097\/revisions\/9103"}],"up":[{"embeddable":true,"href":"https:\/\/consfriburgo.esteri.it\/de\/wp-json\/wp\/v2\/pages\/1081"}],"wp:attachment":[{"href":"https:\/\/consfriburgo.esteri.it\/de\/wp-json\/wp\/v2\/media?parent=1097"}],"curies":[{"name":"wp","href":"https:\/\/api.w.org\/{rel}","templated":true}]}}