{"id":1138,"date":"2023-05-12T10:36:35","date_gmt":"2023-05-12T08:36:35","guid":{"rendered":"https:\/\/consfriburgo.esteri.it\/servizi-consolari-e-visti\/servizi-per-il-cittadino-italiano\/carta-di-identita\/carta-didentita-informazione-e-tuttorial-appuntamento-c-i-e\/"},"modified":"2023-11-24T11:22:16","modified_gmt":"2023-11-24T10:22:16","slug":"carta-didentita-informazione-e-tuttorial-appuntamento-c-i-e","status":"publish","type":"page","link":"https:\/\/consfriburgo.esteri.it\/de\/servizi-consolari-e-visti\/servizi-per-il-cittadino-italiano\/personalausweis-und-reisepass\/carta-di-identita\/carta-didentita-informazione-e-tuttorial-appuntamento-c-i-e\/","title":{"rendered":"Personalausweis &#8211; &#8211; Information und Tutorial  (Video) Termin C.I.E."},"content":{"rendered":"<p>&nbsp;<\/p>\n<p>TUTORIAL APPUNTAMENTO C.I.E.<\/p>\n<p>https:\/\/youtu.be\/7Z0tvnej_JM<\/p>\n<p>&nbsp;<\/p>\n<p>&nbsp;<\/p>\n<p>Bitte beachten Sie, dass von den italienischen Beh\u00f6rden ausgestellte und noch nicht abgelaufene Papierausweise<\/p>\n<p>ihre G\u00fcltigkeit bis zu ihrem nat\u00fcrlichen Ablaufdatum behalten<\/p>\n<p>&nbsp;<\/p>\n<p>&nbsp;<\/p>\n<p>&nbsp;<\/p>\n<p>&nbsp;<\/p>\n<p>&nbsp;<\/p>\n<p>&nbsp;<\/p>\n<p>&nbsp;<\/p>\n<p>&nbsp;<\/p>\n<p>&nbsp;<\/p>\n","protected":false},"excerpt":{"rendered":"&nbsp; TUTORIAL APPUNTAMENTO C.I.E. https:\/\/youtu.be\/7Z0tvnej_JM &nbsp; &nbsp; Bitte beachten Sie, dass von den italienischen Beh\u00f6rden ausgestellte und noch nicht abgelaufene Papierausweise ihre G\u00fcltigkeit bis zu ihrem nat\u00fcrlichen Ablaufdatum behalten &nbsp; &nbsp; &nbsp; &nbsp; &nbsp; &nbsp; &nbsp; &nbsp; &nbsp;","protected":false},"author":7,"featured_media":0,"parent":1081,"menu_order":0,"comment_status":"closed","ping_status":"closed","template":"","meta":{"footnotes":""},"class_list":["post-1138","page","type-page","status-publish","hentry"],"_links":{"self":[{"href":"https:\/\/consfriburgo.esteri.it\/de\/wp-json\/wp\/v2\/pages\/1138","targetHints":{"allow":["GET"]}}],"collection":[{"href":"https:\/\/consfriburgo.esteri.it\/de\/wp-json\/wp\/v2\/pages"}],"about":[{"href":"https:\/\/consfriburgo.esteri.it\/de\/wp-json\/wp\/v2\/types\/page"}],"author":[{"embeddable":true,"href":"https:\/\/consfriburgo.esteri.it\/de\/wp-json\/wp\/v2\/users\/7"}],"replies":[{"embeddable":true,"href":"https:\/\/consfriburgo.esteri.it\/de\/wp-json\/wp\/v2\/comments?post=1138"}],"version-history":[{"count":6,"href":"https:\/\/consfriburgo.esteri.it\/de\/wp-json\/wp\/v2\/pages\/1138\/revisions"}],"predecessor-version":[{"id":3560,"href":"https:\/\/consfriburgo.esteri.it\/de\/wp-json\/wp\/v2\/pages\/1138\/revisions\/3560"}],"up":[{"embeddable":true,"href":"https:\/\/consfriburgo.esteri.it\/de\/wp-json\/wp\/v2\/pages\/1081"}],"wp:attachment":[{"href":"https:\/\/consfriburgo.esteri.it\/de\/wp-json\/wp\/v2\/media?parent=1138"}],"curies":[{"name":"wp","href":"https:\/\/api.w.org\/{rel}","templated":true}]}}