{"id":1168,"date":"2023-02-23T17:28:51","date_gmt":"2023-02-23T16:28:51","guid":{"rendered":"https:\/\/consfriburgo.esteri.it\/servizi-consolari-e-visti\/servizi-per-il-cittadino-italiano\/codice-fiscale\/"},"modified":"2025-03-19T12:20:05","modified_gmt":"2025-03-19T11:20:05","slug":"codice-fiscale","status":"publish","type":"page","link":"https:\/\/consfriburgo.esteri.it\/de\/servizi-consolari-e-visti\/servizi-per-il-cittadino-italiano\/codice-fiscale\/","title":{"rendered":"Arbeit, Unterst\u00fctzung und andere Dienstleistungen"},"content":{"rendered":"<p style=\"text-align: center;\">UM EINEN TERMIN ZU VEREINBAREN, SENDEN SIE BITTE EINE E-MAIL AN: <a href=\"mailto:sociale.friburgo@esteri.it\">sociale.friburgo@esteri.it<\/a><\/p>\n<p>&nbsp;<\/p>\n<p>Das Amt f\u00fcr Arbeit und Soziales (L.A.S.) bietet im Ausland lebenden italienischen Staatsb\u00fcrgern Unterst\u00fctzung in verschiedenen Fragen.<\/p>\n<p><strong>Rechtsbeistand:<\/strong><\/p>\n<p>Eine Liste der italienischsprachigen Anw\u00e4lte im Konsularbezirk ist verf\u00fcgbar. Klicken Sie<a href=\"https:\/\/consfriburgo.esteri.it\/wp-content\/uploads\/2025\/03\/2025-03-10-Elenco-Avvocati-e-Notai-1.pdf\"> hier<\/a>, um die aktualisierte Liste zu sehen.<\/p>\n<p><strong>Gesundheitsvorsorge:<\/strong><\/p>\n<p>Bitte wenden Sie sich direkt an das L.A.S.-B\u00fcro, um Informationen \u00fcber Versicherungen und Krankenversicherungen zu erhalten.<\/p>\n<p><strong>Steuernummer:<\/strong><\/p>\n<p>Jeder kann eine Steuernummer beantragen. Klicken Sie<a href=\"https:\/\/consfriburgo.esteri.it\/it\/servizi-consolari-e-visti\/servizi-per-il-cittadino-italiano\/codice-fiscale\/codice-fiscale\/\"> hier<\/a>, um herauszufinden, wie!<\/p>\n<p><strong>Renten:<\/strong><\/p>\n<p><a href=\"https:\/\/consfriburgo.esteri.it\/it\/servizi-consolari-e-visti\/servizi-per-il-cittadino-italiano\/codice-fiscale\/pensioni\/\">Das B\u00fcro bietet Informationen \u00fcber italienische und deutsche Renten: Kontaktieren Sie uns!<\/a><\/p>\n<p><strong>Adoptionen:<\/strong><\/p>\n<p>F\u00fcr detaillierte Informationen wenden Sie sich bitte an das L.A.S.-B\u00fcro.<\/p>\n<p><strong>Veeidigte \u00dcbersetzungen:<\/strong><\/p>\n<p>Klicken Sie <a href=\"https:\/\/consfriburgo.esteri.it\/wp-content\/uploads\/2023\/03\/2023_01_23_elenco_traduttori_giurati.pdf\">hier<\/a>, um die offizielle Liste der vom Konsulat zugelassenen vereidigten \u00dcbersetzer einzusehen.<\/p>\n<p><strong>F\u00fchrerscheine:<\/strong><\/p>\n<p>Klicken Sie<a href=\"https:\/\/consfriburgo.esteri.it\/it\/servizi-consolari-e-visti\/servizi-per-il-cittadino-italiano\/codice-fiscale\/autoveicoli-e-patenti-di-guida-2\/\"> hier<\/a>, um Informationen \u00fcber die G\u00fcltigkeit und Erneuerung des italienischen F\u00fchrerscheins zu erhalten.<\/p>\n<p>&nbsp;<\/p>\n<p>N\u00fctzliche Kontakte<br \/>\nArbeit und Sozialhilfe<\/p>\n<p>Tel: 0761 38661 43<\/p>\n<p>Fax: 0761 38661 61<\/p>\n<p>E-Mail: sociale.friburgo@esteri.it<\/p>\n<p>PEC: con.friburgo@cert.esteri.it<\/p>\n","protected":false},"excerpt":{"rendered":"UM EINEN TERMIN ZU VEREINBAREN, SENDEN SIE BITTE EINE E-MAIL AN: sociale.friburgo@esteri.it &nbsp; Das Amt f\u00fcr Arbeit und Soziales (L.A.S.) bietet im Ausland lebenden italienischen Staatsb\u00fcrgern Unterst\u00fctzung in verschiedenen Fragen. Rechtsbeistand: Eine Liste der italienischsprachigen Anw\u00e4lte im Konsularbezirk ist verf\u00fcgbar. Klicken Sie hier, um die aktualisierte Liste zu sehen. Gesundheitsvorsorge: Bitte wenden Sie sich direkt [&hellip;]","protected":false},"author":3,"featured_media":0,"parent":164,"menu_order":7,"comment_status":"closed","ping_status":"closed","template":"","meta":{"footnotes":""},"class_list":["post-1168","page","type-page","status-publish","hentry"],"_links":{"self":[{"href":"https:\/\/consfriburgo.esteri.it\/de\/wp-json\/wp\/v2\/pages\/1168","targetHints":{"allow":["GET"]}}],"collection":[{"href":"https:\/\/consfriburgo.esteri.it\/de\/wp-json\/wp\/v2\/pages"}],"about":[{"href":"https:\/\/consfriburgo.esteri.it\/de\/wp-json\/wp\/v2\/types\/page"}],"author":[{"embeddable":true,"href":"https:\/\/consfriburgo.esteri.it\/de\/wp-json\/wp\/v2\/users\/3"}],"replies":[{"embeddable":true,"href":"https:\/\/consfriburgo.esteri.it\/de\/wp-json\/wp\/v2\/comments?post=1168"}],"version-history":[{"count":7,"href":"https:\/\/consfriburgo.esteri.it\/de\/wp-json\/wp\/v2\/pages\/1168\/revisions"}],"predecessor-version":[{"id":10924,"href":"https:\/\/consfriburgo.esteri.it\/de\/wp-json\/wp\/v2\/pages\/1168\/revisions\/10924"}],"up":[{"embeddable":true,"href":"https:\/\/consfriburgo.esteri.it\/de\/wp-json\/wp\/v2\/pages\/164"}],"wp:attachment":[{"href":"https:\/\/consfriburgo.esteri.it\/de\/wp-json\/wp\/v2\/media?parent=1168"}],"curies":[{"name":"wp","href":"https:\/\/api.w.org\/{rel}","templated":true}]}}