{"id":1177,"date":"2023-03-27T10:36:15","date_gmt":"2023-03-27T08:36:15","guid":{"rendered":"https:\/\/consfriburgo.esteri.it\/servizi-consolari-e-visti\/servizi-per-il-cittadino-italiano\/codice-fiscale\/pensioni\/"},"modified":"2025-04-07T16:34:05","modified_gmt":"2025-04-07T14:34:05","slug":"pensioni","status":"publish","type":"page","link":"https:\/\/consfriburgo.esteri.it\/de\/servizi-consolari-e-visti\/servizi-per-il-cittadino-italiano\/codice-fiscale\/pensioni\/","title":{"rendered":"Rente"},"content":{"rendered":"<div class=\"sr-only\"><\/div>\n<div>\n<p><strong>Abteilung f\u00fcr Arbeit und Soziales<\/strong><\/p>\n<p>Tel. 0761 38661 43<br \/>\nE-Mail:\u00a0<a href=\"mailto:sociale.friburgo@esteri.it\">sociale.friburgo@esteri.it<\/a><\/p>\n<p>ACHTUNG! INPS \u2013 Kampagne zur \u00dcberpr\u00fcfung der Existenz von Rentnern mit ausschlie\u00dflich italienischen Renten \u2013 Jahre 2025-2026<\/p>\n<p>Ab dem 17. September 2025 \u00fcbernimmt die Citibank NA den Versand der Antr\u00e4ge auf Existenznachweis f\u00fcr Rentner mit Wohnsitz in Europa, Afrika und Ozeanien, die bis zum 15. Januar 2026 an die Bank zur\u00fcckgeschickt werden m\u00fcssen. Wird die Bescheinigung nicht vorgelegt, erfolgt die Auszahlung der Rate f\u00fcr Februar 2026, soweit m\u00f6glich, in bar bei Western-Union-Agenturen im Wohnsitzland. Wird der Lebensnachweis nicht bis zum 19. Februar 2026 pers\u00f6nlich abgeholt oder vorgelegt, wird die Auszahlung der Rente ab der Rate f\u00fcr M\u00e4rz 2026 ausgesetzt.<\/p>\n<p>Weitere Informationen:<\/p>\n<p><u>Portale Inps \u2013 INPS-Renten im Ausland: \u00dcberpr\u00fcfung des Lebensstatus 2025 und 2026 <\/u><\/p>\n<p>Das Amt f\u00fcr Arbeit und Sozialhilfe erteilt allgemeine Ausk\u00fcnfte \u00fcber das italienische und deutsche Rentensystem. F\u00fcr die Einreichung von Rentenantr\u00e4gen sowie f\u00fcr weitere Fragen k\u00f6nnen sich Landsleute an die Patronate im Konsularbezirk wenden. Die Liste der Patronate finden Sie in unserer Rubrik, <u>Datenbanken.<\/u><\/p>\n<p><a href=\"https:\/\/www.esteri.it\/it\/?s=esistenza+in+vita\">Allgemeine Informationen auf der Website des Ministeriums f\u00fcr ausw\u00e4rtige Angelegenheiten und internationale Zusammenarbeit.<\/a><\/p>\n<\/div>\n<div><\/div>\n<div><\/div>\n","protected":false},"excerpt":{"rendered":"Abteilung f\u00fcr Arbeit und Soziales Tel. 0761 38661 43 E-Mail:\u00a0sociale.friburgo@esteri.it ACHTUNG! INPS \u2013 Kampagne zur \u00dcberpr\u00fcfung der Existenz von Rentnern mit ausschlie\u00dflich italienischen Renten \u2013 Jahre 2025-2026 Ab dem 17. September 2025 \u00fcbernimmt die Citibank NA den Versand der Antr\u00e4ge auf Existenznachweis f\u00fcr Rentner mit Wohnsitz in Europa, Afrika und Ozeanien, die bis zum 15. [&hellip;]","protected":false},"author":7,"featured_media":0,"parent":1168,"menu_order":0,"comment_status":"closed","ping_status":"closed","template":"","meta":{"footnotes":""},"class_list":["post-1177","page","type-page","status-publish","hentry"],"_links":{"self":[{"href":"https:\/\/consfriburgo.esteri.it\/de\/wp-json\/wp\/v2\/pages\/1177","targetHints":{"allow":["GET"]}}],"collection":[{"href":"https:\/\/consfriburgo.esteri.it\/de\/wp-json\/wp\/v2\/pages"}],"about":[{"href":"https:\/\/consfriburgo.esteri.it\/de\/wp-json\/wp\/v2\/types\/page"}],"author":[{"embeddable":true,"href":"https:\/\/consfriburgo.esteri.it\/de\/wp-json\/wp\/v2\/users\/7"}],"replies":[{"embeddable":true,"href":"https:\/\/consfriburgo.esteri.it\/de\/wp-json\/wp\/v2\/comments?post=1177"}],"version-history":[{"count":7,"href":"https:\/\/consfriburgo.esteri.it\/de\/wp-json\/wp\/v2\/pages\/1177\/revisions"}],"predecessor-version":[{"id":11205,"href":"https:\/\/consfriburgo.esteri.it\/de\/wp-json\/wp\/v2\/pages\/1177\/revisions\/11205"}],"up":[{"embeddable":true,"href":"https:\/\/consfriburgo.esteri.it\/de\/wp-json\/wp\/v2\/pages\/1168"}],"wp:attachment":[{"href":"https:\/\/consfriburgo.esteri.it\/de\/wp-json\/wp\/v2\/media?parent=1177"}],"curies":[{"name":"wp","href":"https:\/\/api.w.org\/{rel}","templated":true}]}}