{"id":1183,"date":"2023-03-27T11:09:53","date_gmt":"2023-03-27T09:09:53","guid":{"rendered":"https:\/\/consfriburgo.esteri.it\/servizi-consolari-e-visti\/servizi-per-il-cittadino-italiano\/codice-fiscale\/codice-fiscale\/"},"modified":"2025-06-30T16:48:28","modified_gmt":"2025-06-30T14:48:28","slug":"codice-fiscale","status":"publish","type":"page","link":"https:\/\/consfriburgo.esteri.it\/de\/servizi-consolari-e-visti\/servizi-per-il-cittadino-italiano\/codice-fiscale\/codice-fiscale\/","title":{"rendered":"Italienische Steuernummer"},"content":{"rendered":"<div style=\"text-align: center;\"><\/div>\n<div class=\"sr-only\">\n<h5 style=\"text-align: center;\"><span style=\"text-decoration: underline;\"><strong><span style=\"color: #ff0000; text-decoration: underline;\">***WICHTIG: DIE STEUERNUMMER KANN VON DIESEM KONSULAT NUR F\u00dcR PERSONEN MIT WOHNSITZ IN DIESEM BEZIRK AUSGESTELLT WERDEN***.<\/span><\/strong><\/span><\/h5>\n<h5 style=\"text-align: left;\"><span style=\"text-decoration: underline;\">Bitte beachten Sie, dass die Steuernummer automatisch auf der ELEKTRONISCHEN IDENTIT\u00c4TSKARTE angezeigt wird.<\/span><\/h5>\n<h5><span style=\"text-decoration: underline;\"><strong>Ab dem 15. Juli 2024 k\u00f6nnen Italienische Staatsb\u00fcrger, die im AIRE-Register dieses Konsulats eingetragen sind, die Bescheinigung \u00fcber die Zuteilung der Steuernummer direkt \u00fcber das Portal Fast It herunterladen.<\/strong><\/span><\/h5>\n<p>Wie?<\/p>\n<ul>\n<li>\n<h5>Melden Sie sich im Portal Fast It auf der Webseite dieses Konsulats an;<\/h5>\n<\/li>\n<li>Klicken Sie auf \u201eAnagrafe Consolare e AIRE\u201c und dann auf \u201eAttribuzione Codice Fiscale\u201c;<\/li>\n<li>Best\u00e4tigen Sie die Daten und starten Sie die Anfrage;<\/li>\n<li>Laden Sie die Bescheinigung \u00fcber die Zuteilung der Steuernummer herunter.<\/li>\n<\/ul>\n<p>&nbsp;<\/p>\n<p>Wenn Sie die Bescheinigung \u00fcber die Zuteilung der Steuernummer nicht herunterladen k\u00f6nnen:<\/p>\n<p>&nbsp;<\/p>\n<ul>\n<li>Registrieren Sie sich im Portal Fast It oder melden Sie sich an, falls Sie bereits ein aktives Konto haben;<\/li>\n<li>Fordern Sie die \u201eOnline-Verkn\u00fcpfung\u201c an, indem Sie auf \u201eAnagrafe Consolare e AIRE\u201c und dann auf \u201eVisualizzare la propria scheda anagrafica\u201c klicken;<\/li>\n<li>Innerhalb weniger Tage erhalten Sie eine Best\u00e4tigungsnachricht \u00fcber die erfolgreiche Verkn\u00fcpfung in Ihrem Postfach;<\/li>\n<li>Melden Sie sich erneut im Portal an und laden Sie die Bescheinigung herunter.<\/li>\n<\/ul>\n<p>&nbsp;<\/p>\n<p><strong>Beantragung einer Steuernummer<\/strong><\/p>\n<p>Der Steuercode kann per E-Mail an <a href=\"mailto:friburgo.codicefiscale@esteri.it\">friburgo.codicefiscale@esteri.it<\/a> angefordert werden.<\/p>\n<p>Nur diejenigen, die die Plastikkarte zu Hause erhalten m\u00f6chten, m\u00fcssen ihren Antrag auf dem Postweg stellen und dem Antrag eine Briefmarke im Wert von 0,95 \u20ac beif\u00fcgen.<\/p>\n<p>Um die Steuernummer zu beantragen, muss das <a href=\"https:\/\/consfriburgo.esteri.it\/wp-content\/uploads\/2025\/01\/NUOVO-MODELLO-CF.pdf\">Formula<\/a>r ausgef\u00fcllt und zusammen mit <strong>einer Kopie des Ausweises<\/strong> (Personalausweis oder Reisepass), aus dem die aktuelle Wohnanschrift hervorgeht, an das Konsulat geschickt werden.<\/p>\n<p>Bitte geben Sie auf dem Formular an, ob Sie<strong> nur die Steuernummer beantragen<\/strong> (Antrag per Post)<strong> oder ob Sie auch die Plastikkarte erhalten m\u00f6chten<\/strong> (Antrag per Post). Die Karte wird nicht vom Konsulat ausgestellt, sondern trifft sp\u00e4testens sechs Wochen nach der Beantragung beim Finanzamt ein.<\/p>\n<p><strong>Bitte geben Sie auf dem Antrag immer eine g\u00fcltige E-Mail-Adresse an, da die Bescheinigung \u00fcber die Zuteilung der Steuernummer nur per E-Mail im PDF-Format versandt wird.<\/strong><\/p>\n<\/div>\n<p>&nbsp;<\/p>\n<p><strong>AUSL\u00c4NDISCHE STAATSB\u00dcRGER, DIE NICHT IN ITALIEN WOHNHAFT SIND<\/strong><\/p>\n<p>Ein ausl\u00e4ndischer Staatsb\u00fcrger, der nicht in Italien ans\u00e4ssig ist, muss eine Person speziell bevollm\u00e4chtigen, das Antragsformular f\u00fcr die Steuernummer (Codice Fiscale) direkt bei den B\u00fcros der <strong>Agenzia delle Entrate<\/strong> (italienische Steuerbeh\u00f6rde) in Italien einzureichen, gem\u00e4\u00df Artikel 1 des Dekrets vom 17. Mai 2001, Nr. 281.<br \/>\nDie Adressen der B\u00fcros der Agenzia delle Entrate sind auf der Website <a href=\"http:\/\/www.agenziaentrate.it\">www.agenziaentrate.it<\/a> zu finden.<\/p>\n<p><strong><u>Ein ausl\u00e4ndischer Staatsb\u00fcrger kann die Steuernummer beim zust\u00e4ndigen italienischen Konsulat in seinem Wohnsitzland nur in den F\u00e4llen beantragen, in denen die Steuernummer f\u00fcr Online-Verfahren erforderlich ist und\/oder wenn es dem Antragsteller nicht m\u00f6glich ist, eine bevollm\u00e4chtigte Person mit der Beantragung bei der Agenzia delle Entrate zu beauftragen.<\/u><\/strong><br \/>\nIn diesen F\u00e4llen leitet das Konsulat den Antrag an die Agenzia delle Entrate in Italien weiter.<br \/>\nDer Antrag auf eine Steuernummer muss mit dem <u>Formular<\/u> gestellt werden und ist zusammen mit einer Kopie eines g\u00fcltigen Ausweisdokuments sowie einer Begr\u00fcndung f\u00fcr den Antrag einzureichen.<\/p>\n<p>Ausl\u00e4ndische Staatsb\u00fcrger, die eine Steuernummer f\u00fcr den Kauf von Immobilien oder andere gesch\u00e4ftliche\/finanzielle Aktivit\u00e4ten in Italien ben\u00f6tigen, k\u00f6nnen einen Vertreter bevollm\u00e4chtigen, die Steuernummer in ihrem Namen bei der Agenzia delle Entrate zu beantragen.<\/p>\n<p>F\u00fcr Staatsb\u00fcrger aus Nicht-EU-L\u00e4ndern, die in Italien wohnen m\u00f6chten, wird die Steuernummer von folgenden B\u00fcros \/ Beh\u00f6rden vergeben:<\/p>\n<ul>\n<li><strong>Sportello Unico per l\u2019Immigrazione<\/strong> (Einheitliche Anlaufstelle f\u00fcr Einwanderung), die in jeder Pr\u00e4fektur vorhanden ist und f\u00fcr die Ausstellung der Einreisegenehmigung f\u00fcr ausl\u00e4ndische Staatsb\u00fcrger zust\u00e4ndig ist, die eine Aufenthaltserlaubnis f\u00fcr abh\u00e4ngige Besch\u00e4ftigung oder Familienzusammenf\u00fchrung beantragen;<\/li>\n<li><strong>Questura<\/strong> (Polizeibeh\u00f6rde), f\u00fcr ausl\u00e4ndische Staatsb\u00fcrger, die andere Arten von Aufenthaltserlaubnissen beantragen.<\/li>\n<\/ul>\n<p>Staatsb\u00fcrger aus EU-L\u00e4ndern, die sich in Italien aufhalten m\u00f6chten, k\u00f6nnen die Steuernummer beantragen, indem sie das Formular <strong>AA4\/8<\/strong> bei einem \u00f6rtlichen B\u00fcro der Agenzia delle Entrate einreichen. Der Antrag muss begr\u00fcndet sein und von einem g\u00fcltigen Ausweisdokument (Reisepass oder Personalausweis) begleitet werden.<\/p>\n<p>Ein ausl\u00e4ndischer Staatsb\u00fcrger, der eine Steuernummer f\u00fcr die Einleitung eines Gerichtsverfahrens in Italien ben\u00f6tigt, kann seinen Anwalt bevollm\u00e4chtigen, die Steuernummer bei einem beliebigen B\u00fcro der Agenzia delle Entrate zu beantragen.<br \/>\nDie Adressen der B\u00fcros der Agenzia delle Entrate sind auf der Website <a href=\"http:\/\/www.agenziaentrate.it\">www.agenziaentrate.it<\/a> zu finden.<\/p>\n<p>&nbsp;<\/p>\n<p><strong><u>STUDIERENDE<\/u><\/strong><\/p>\n<p>Studierende, die eine italienische <strong>Steuernummer (Codice fiscale)<\/strong> f\u00fcr die Voranmeldung an der Universit\u00e4t in Italien ben\u00f6tigen, k\u00f6nnen diese automatisch \u00fcber das <strong>UNIVERSITALY-Portal<\/strong> w\u00e4hrend des Voranmeldeverfahrens erhalten.<\/p>\n<p>Die Zuteilung der Steuernummer kann wie folgt abgeschlossen werden:<\/p>\n<ul>\n<li><strong>F\u00fcr Studierende aus Nicht-EU-L\u00e4ndern<\/strong>: beim <strong>Sportello Unico per l\u2019Immigrazione<\/strong> (Einheitliche Anlaufstelle f\u00fcr Einwanderung) oder bei der <strong>Questura<\/strong> (Polizeibeh\u00f6rde) bei der Beantragung der Aufenthaltserlaubnis.<\/li>\n<li><strong>F\u00fcr Studierende aus EU-L\u00e4ndern<\/strong>: bei der <strong>Agenzia delle Entrate<\/strong>, indem sie das Formular <strong>AA4\/8<\/strong> einreichen.<\/li>\n<\/ul>\n","protected":false},"excerpt":{"rendered":"***WICHTIG: DIE STEUERNUMMER KANN VON DIESEM KONSULAT NUR F\u00dcR PERSONEN MIT WOHNSITZ IN DIESEM BEZIRK AUSGESTELLT WERDEN***. Bitte beachten Sie, dass die Steuernummer automatisch auf der ELEKTRONISCHEN IDENTIT\u00c4TSKARTE angezeigt wird. Ab dem 15. Juli 2024 k\u00f6nnen Italienische Staatsb\u00fcrger, die im AIRE-Register dieses Konsulats eingetragen sind, die Bescheinigung \u00fcber die Zuteilung der Steuernummer direkt \u00fcber das [&hellip;]","protected":false},"author":7,"featured_media":0,"parent":1168,"menu_order":2,"comment_status":"closed","ping_status":"closed","template":"","meta":{"footnotes":""},"class_list":["post-1183","page","type-page","status-publish","hentry"],"_links":{"self":[{"href":"https:\/\/consfriburgo.esteri.it\/de\/wp-json\/wp\/v2\/pages\/1183","targetHints":{"allow":["GET"]}}],"collection":[{"href":"https:\/\/consfriburgo.esteri.it\/de\/wp-json\/wp\/v2\/pages"}],"about":[{"href":"https:\/\/consfriburgo.esteri.it\/de\/wp-json\/wp\/v2\/types\/page"}],"author":[{"embeddable":true,"href":"https:\/\/consfriburgo.esteri.it\/de\/wp-json\/wp\/v2\/users\/7"}],"replies":[{"embeddable":true,"href":"https:\/\/consfriburgo.esteri.it\/de\/wp-json\/wp\/v2\/comments?post=1183"}],"version-history":[{"count":8,"href":"https:\/\/consfriburgo.esteri.it\/de\/wp-json\/wp\/v2\/pages\/1183\/revisions"}],"predecessor-version":[{"id":13073,"href":"https:\/\/consfriburgo.esteri.it\/de\/wp-json\/wp\/v2\/pages\/1183\/revisions\/13073"}],"up":[{"embeddable":true,"href":"https:\/\/consfriburgo.esteri.it\/de\/wp-json\/wp\/v2\/pages\/1168"}],"wp:attachment":[{"href":"https:\/\/consfriburgo.esteri.it\/de\/wp-json\/wp\/v2\/media?parent=1183"}],"curies":[{"name":"wp","href":"https:\/\/api.w.org\/{rel}","templated":true}]}}