{"id":1189,"date":"2023-03-27T11:14:32","date_gmt":"2023-03-27T09:14:32","guid":{"rendered":"https:\/\/consfriburgo.esteri.it\/servizi-consolari-e-visti\/servizi-per-il-cittadino-italiano\/codice-fiscale\/autoveicoli-e-patenti-di-guida-2\/"},"modified":"2025-01-30T14:20:48","modified_gmt":"2025-01-30T13:20:48","slug":"autoveicoli-e-patenti-di-guida-2","status":"publish","type":"page","link":"https:\/\/consfriburgo.esteri.it\/de\/servizi-consolari-e-visti\/servizi-per-il-cittadino-italiano\/codice-fiscale\/autoveicoli-e-patenti-di-guida-2\/","title":{"rendered":"Kraftfahrzeuge und F\u00fchrerscheine"},"content":{"rendered":"<p>Kraftfahrzeuge und F\u00fchrerscheine<br \/>\nAmt f\u00fcr Arbeit und Soziales<\/p>\n<p>Tel. 0761 38661 43<br \/>\nE-Mail: <a href=\"mailto:sociale.friburgo@esteri.it\">sociale.friburgo@esteri.it<\/a><\/p>\n<p>F\u00fchrerscheine<\/p>\n<p>F\u00fcr Informationen \u00fcber italienische F\u00fchrerscheine klicken Sie<a href=\"https:\/\/consfriburgo.esteri.it\/wp-content\/uploads\/2025\/01\/patenti_di_guida_29_01_2025_de.pdf\"> hier<\/a>.<\/p>\n<p>&nbsp;<\/p>\n<p>Streichung von in Deutschland zugelassenen Kraftfahrzeugen aus dem PRA<\/p>\n<p>Bitte beachten Sie, dass ab dem 1. April 2021 die italienischen Konsulate gem\u00e4\u00df den Bestimmungen des MIT\/ACI-Rundschreibens vom 3. November 2020 nicht mehr f\u00fcr das Verfahren zur L\u00f6schung von in Italien im \u00f6ffentlichen Kraftfahrzeugregister (PRA) eingetragenen Kraftfahrzeugen zust\u00e4ndig sind.<\/p>\n<p>Die Abmeldung muss dann direkt beim Pubblico Registro Automobilistico und ACI beantragt werden. Weitere Informationen finden Sie <a href=\"https:\/\/www.aci.it\/i-servizi\/guide-utili\/guida-pratiche-auto\/esportazione.html\">hier<\/a>.<\/p>\n","protected":false},"excerpt":{"rendered":"Kraftfahrzeuge und F\u00fchrerscheine Amt f\u00fcr Arbeit und Soziales Tel. 0761 38661 43 E-Mail: sociale.friburgo@esteri.it F\u00fchrerscheine F\u00fcr Informationen \u00fcber italienische F\u00fchrerscheine klicken Sie hier. &nbsp; Streichung von in Deutschland zugelassenen Kraftfahrzeugen aus dem PRA Bitte beachten Sie, dass ab dem 1. April 2021 die italienischen Konsulate gem\u00e4\u00df den Bestimmungen des MIT\/ACI-Rundschreibens vom 3. November 2020 nicht [&hellip;]","protected":false},"author":7,"featured_media":0,"parent":1168,"menu_order":0,"comment_status":"closed","ping_status":"closed","template":"","meta":{"footnotes":""},"class_list":["post-1189","page","type-page","status-publish","hentry"],"_links":{"self":[{"href":"https:\/\/consfriburgo.esteri.it\/de\/wp-json\/wp\/v2\/pages\/1189","targetHints":{"allow":["GET"]}}],"collection":[{"href":"https:\/\/consfriburgo.esteri.it\/de\/wp-json\/wp\/v2\/pages"}],"about":[{"href":"https:\/\/consfriburgo.esteri.it\/de\/wp-json\/wp\/v2\/types\/page"}],"author":[{"embeddable":true,"href":"https:\/\/consfriburgo.esteri.it\/de\/wp-json\/wp\/v2\/users\/7"}],"replies":[{"embeddable":true,"href":"https:\/\/consfriburgo.esteri.it\/de\/wp-json\/wp\/v2\/comments?post=1189"}],"version-history":[{"count":6,"href":"https:\/\/consfriburgo.esteri.it\/de\/wp-json\/wp\/v2\/pages\/1189\/revisions"}],"predecessor-version":[{"id":10410,"href":"https:\/\/consfriburgo.esteri.it\/de\/wp-json\/wp\/v2\/pages\/1189\/revisions\/10410"}],"up":[{"embeddable":true,"href":"https:\/\/consfriburgo.esteri.it\/de\/wp-json\/wp\/v2\/pages\/1168"}],"wp:attachment":[{"href":"https:\/\/consfriburgo.esteri.it\/de\/wp-json\/wp\/v2\/media?parent=1189"}],"curies":[{"name":"wp","href":"https:\/\/api.w.org\/{rel}","templated":true}]}}