{"id":1210,"date":"2023-05-08T17:32:51","date_gmt":"2023-05-08T15:32:51","guid":{"rendered":"https:\/\/consfriburgo.esteri.it\/servizi-consolari-e-visti\/servizi-per-il-cittadino-italiano\/ufficio-scuola\/"},"modified":"2023-11-27T09:48:15","modified_gmt":"2023-11-27T08:48:15","slug":"ufficio-scuola","status":"publish","type":"page","link":"https:\/\/consfriburgo.esteri.it\/de\/servizi-consolari-e-visti\/servizi-per-il-cittadino-italiano\/ufficio-scuola\/","title":{"rendered":"Schulabteilung"},"content":{"rendered":"<p><img loading=\"lazy\" decoding=\"async\" class=\"\" src=\"https:\/\/cdn.pixabay.com\/photo\/2015\/09\/01\/09\/32\/alphabet-916673_1280.jpg\" alt=\"Alfabeto, Lettere, Striscione\" width=\"858\" height=\"269\" \/><\/p>\n<p><span class=\"--l --r sentence_highlight\"><strong><span class=\"--l --r hover:bg-[#B4DAE8]\">Schulleiterin<\/span><\/strong><span class=\"--l --r hover:bg-[#B4DAE8]\">:<\/span> <span class=\"--l --r hover:bg-[#B4DAE8]\">Prof<\/span><span class=\"--l --r hover:bg-[#B4DAE8]\">.<\/span> <span class=\"--l --r hover:bg-[#B4DAE8]\">Concetta<\/span> <span class=\"--l --r hover:bg-[#B4DAE8]\">Matassa<\/span><\/span><\/p>\n<p style=\"text-align: justify;\"><span class=\"--l --r sentence_highlight\"><strong><span class=\"--l --r hover:bg-[#B4DAE8]\">Verwaltungsassistentin<\/span><\/strong><span class=\"--l --r hover:bg-[#B4DAE8]\">:<\/span> <span class=\"--l --r hover:bg-[#B4DAE8]\">Giovanna<\/span> <span class=\"--l --r hover:bg-[#B4DAE8]\">Catalano<\/span><\/span><\/p>\n<p style=\"text-align: justify;\"><strong><span class=\"--l --r sentence_highlight\">WOMIT WIR UNS BESCH\u00c4FTIGEN<\/span><\/strong><\/p>\n<p style=\"text-align: justify;\"><span class=\"--l --r sentence_highlight\">Das Schulb\u00fcro ist zust\u00e4ndig f\u00fcr die konsularische Einschreibung von Freiburg und:<\/span><\/p>\n<ul style=\"text-align: justify;\">\n<li><span class=\"--l --r sentence_highlight\">Es koordiniert Initiativen zur F\u00f6rderung der italienischen Sprache und Kultur;<\/span><\/li>\n<li><span class=\"--l --r sentence_highlight\">Es organisiert italienische Sprachzertifikate;<\/span><\/li>\n<li><span class=\"--l --r sentence_highlight\">Es informiert und ber\u00e4t bei der Einschreibung an Schulen und Universit\u00e4ten in Italien und Deutschland;<\/span><\/li>\n<li><span class=\"--l --r sentence_highlight\">Es stellt Wertigkeitserkl\u00e4rungen f\u00fcr an Schulen und Universit\u00e4ten im Konsularbezirk Freiburg erworbene Qualifikationen aus<\/span><\/li>\n<\/ul>\n<p style=\"text-align: justify;\"><strong><span class=\"--l --r sentence_highlight\">KURSE F\u00dcR ITALIENISCHE SPRACHE UND KULTUR<\/span><\/strong><\/p>\n<p style=\"text-align: justify;\"><span class=\"--l --r sentence_highlight\"><span class=\"--l --r hover:bg-[#B4DAE8]\">W\u00e4hrend<\/span> <span class=\"--l --r hover:bg-[#B4DAE8]\">des<\/span> <span class=\"--l --r hover:bg-[#B4DAE8]\">Schuljahres<\/span> <span class=\"--l --r hover:bg-[#B4DAE8]\">werden<\/span> <span class=\"--l --r hover:bg-[#B4DAE8]\">im<\/span> <span class=\"--l --r hover:bg-[#B4DAE8]\">Konsularbezirk<\/span> <span class=\"--l --r hover:bg-[#B4DAE8]\">Freiburg<\/span> <span class=\"--l --r hover:bg-[#B4DAE8]\">Kurse<\/span> <span class=\"--l --r hover:bg-[#B4DAE8]\">f\u00fcr<\/span> <span class=\"--l --r hover:bg-[#B4DAE8]\">italienische<\/span> <span class=\"--l --r hover:bg-[#B4DAE8]\">Sprache<\/span> <span class=\"--l --r hover:bg-[#B4DAE8]\">und<\/span> <span class=\"--l --r hover:bg-[#B4DAE8]\">Kultur<\/span> <span class=\"--l --r hover:bg-[#B4DAE8]\">organisiert<\/span><span class=\"--l --r hover:bg-[#B4DAE8]\">.<\/span> <\/span><span class=\"--l --r sentence_highlight\">Die Kurse werden von fest angestellten Lehrkr\u00e4ften und von Lehrkr\u00e4ften der Tr\u00e4gerorganisation <a href=\"https:\/\/vivace-freiburg.de\/\">Vivace e.V. <\/a><\/span><span class=\"--l --r sentence_highlight\">Freiburg.<\/span><\/p>\n<p style=\"text-align: justify;\"><img loading=\"lazy\" decoding=\"async\" class=\"\" src=\"https:\/\/images.emojiterra.com\/twitter\/512px\/1f5fa.png\" alt=\"\ud83d\uddfa\ufe0f Carte Du Monde Emoji\" width=\"26\" height=\"26\" data-wp-editing=\"1\" \/>\u00a0 &#8211; <a href=\"https:\/\/www.google.com\/maps\/d\/viewer?mid=19L11SQJEdNIdGbKrLekRAWB2pelKTMRt&amp;ll=48.005499003905115%2C8.842226249999987&amp;z=9\">Karte der Kurse<\/a><\/p>\n<p style=\"text-align: justify;\"><img loading=\"lazy\" decoding=\"async\" class=\"\" src=\"https:\/\/images.emojiterra.com\/google\/android-oreo\/512px\/1f4c4.png\" alt=\"\ud83d\udcc4 Documento Emoji\" width=\"28\" height=\"28\" \/>&#8211; <a href=\"https:\/\/consfriburgo.esteri.it\/wp-content\/uploads\/2023\/10\/CORSI-DI-LINGUA-E-CULTURA-ITALIANA-A.S.-2022-23.pdf\">Detaillierte Liste der Kurse<\/a><\/p>\n<p style=\"text-align: justify;\"><img loading=\"lazy\" decoding=\"async\" class=\"\" src=\"https:\/\/th.bing.com\/th\/id\/OIP.TBE2C62bc4osGvEToE_jKwAAAA?pid=ImgDet&amp;rs=1\" alt=\"\ud83c\uddee\ud83c\uddf9 Flag for Italy Emoji\" width=\"25\" height=\"25\" \/> \u2013 <a href=\"https:\/\/consfriburgo.esteri.it\/wp-content\/uploads\/2023\/05\/curricula_a_b_c.pdf\">Lehrpl\u00e4ne f\u00fcr Kurse der italienischen Sprache und Kultur<\/a><\/p>\n<p style=\"text-align: justify;\"><img loading=\"lazy\" decoding=\"async\" class=\"\" src=\"https:\/\/static.vecteezy.com\/system\/resources\/previews\/000\/420\/451\/original\/vector-documents-icon.jpg\" alt=\"Vector Documents Icon 420451 Vector Art at Vecteezy\" width=\"29\" height=\"29\" \/> <img loading=\"lazy\" decoding=\"async\" class=\"\" src=\"https:\/\/th.bing.com\/th\/id\/OIP.TBE2C62bc4osGvEToE_jKwAAAA?pid=ImgDet&amp;rs=1\" alt=\"\ud83c\uddee\ud83c\uddf9 Flag for Italy Emoji\" width=\"19\" height=\"19\" \/> \u2013 <a href=\"https:\/\/consfriburgo.esteri.it\/wp-content\/uploads\/2023\/10\/Iscrizione-Alunni-23-24-it.pdf\">Einschreibeformular (italienische Version)<\/a><\/p>\n<p style=\"text-align: justify;\"><img loading=\"lazy\" decoding=\"async\" class=\"\" src=\"https:\/\/static.vecteezy.com\/system\/resources\/previews\/000\/420\/451\/original\/vector-documents-icon.jpg\" alt=\"Vector Documents Icon 420451 Vector Art at Vecteezy\" width=\"29\" height=\"29\" \/> <img loading=\"lazy\" decoding=\"async\" class=\"\" src=\"https:\/\/th.bing.com\/th\/id\/R.68b8688fdc494ab89fcd020156eeffb4?rik=R2fmohOrtp8f6Q&amp;riu=http%3a%2f%2fpix.iemoji.com%2fsbemojix2%2f0186.png&amp;ehk=M3eHcXFzfQn96SQHSiejFX310n9HDShkOl990LL2HL4%3d&amp;risl=&amp;pid=ImgRaw&amp;r=0\" alt=\"\ud83c\udde9\ud83c\uddea Drapeau: Allemagne Emoji on Facebook 13.1\" width=\"21\" height=\"21\" \/>\u2013 <a href=\"https:\/\/consfriburgo.esteri.it\/wp-content\/uploads\/2023\/10\/Iscrizione-Alunni-23-24-ted-1.pdf\">Einschreibeformular (deutsche Version)<\/a><\/p>\n<p style=\"text-align: justify;\"><img loading=\"lazy\" decoding=\"async\" class=\"\" src=\"https:\/\/th.bing.com\/th\/id\/R.7581e0a4d8cd38cb70d0d1d2ad22e17e?rik=SKb%2fUXXE0bAhag&amp;riu=http%3a%2f%2fwww.apachejunctionaz.gov%2fImageRepository%2fDocument%3fdocumentID%3d26521&amp;ehk=QDN4PpCvvEB6X77L9fKyr3DB4GJ168AMTIDcInMtIPE%3d&amp;risl=&amp;pid=ImgRaw&amp;r=0\" alt=\"Community Services, Programs &amp; Resources | Apache Junction, AZ ...\" width=\"28\" height=\"26\" \/> \u2013 <a href=\"https:\/\/www.yumpu.com\/it\/document\/view\/68407654\/2023-giornalino\">Kurs-Journal<\/a><\/p>\n<p style=\"text-align: justify;\"><strong>SPRACHZERTIFIKATE<\/strong><\/p>\n<p style=\"text-align: justify;\"><a href=\"https:\/\/cils.unistrasi.it\/home.asp\">CILS-Zertifikat der Universit\u00e4t f\u00fcr Ausl\u00e4nder in Siena<\/a><\/p>\n<p style=\"text-align: justify;\">Die Vorbereitung in unseren Kursen ist kostenlos. Die Teilnahme an der Pr\u00fcfung ist kostenpflichtig.<\/p>\n<p style=\"text-align: justify;\"><a href=\"https:\/\/consfriburgo.esteri.it\/wp-content\/uploads\/2023\/05\/certificazioni_linguistiche.pdf\">Lokale Zertifizierungen: Zertifizierung A2-B1 Eurokom<\/a><\/p>\n<p style=\"text-align: justify;\">Die Vorbereitung in unseren Kursen ist kostenlos und es fallen keine Pr\u00fcfungsgeb\u00fchren an.<\/p>\n<p style=\"text-align: justify;\">An der <a href=\"https:\/\/www.grundschule-am-kohlenbach.de\/\">Grundschule am Kohlenbach<\/a> in Waldkirch\/Kollnau gibt es eine <a href=\"https:\/\/www.grundschule-am-kohlenbach.de\/schule\/deutsch-italienische-klassen.html\">zweisprachige deutsch-italienische<\/a> Abteilung von Klasse 1 bis Klasse 4.<\/p>\n<p style=\"text-align: justify;\">An der <a href=\"https:\/\/www.murgtalschule.de\/\">Murgtalschule<\/a> in Murg gibt es eine <a href=\"https:\/\/www.murgtalschule.de\/seite\/623422\/bilinguale-klassen.html\">zweisprachige deutsch-italienische<\/a> Abteilung von Klasse 1 bis Klasse 5.<\/p>\n<p style=\"text-align: justify;\"><strong>WERTDEKLARATIONEN<\/strong><\/p>\n<p style=\"text-align: justify;\">Eine <a href=\"https:\/\/consfriburgo.esteri.it\/wp-content\/uploads\/2023\/03\/richiesta_dichiarazione_di_valore2.pdf\">Wertigkeitserkl\u00e4rung<\/a> bescheinigt den Wert einer im Ausland erworbenen beruflichen, schulischen oder akademischen Qualifikation. Sie entspricht nicht einer Gleichwertigkeitsbescheinigung, ist aber f\u00fcr die Einreichung eines Antrags auf Gleichwertigkeit in Italien erforderlich.<\/p>\n<p style=\"text-align: justify;\">Die Dichiarazione Di Valore in Loco kann aus verschiedenen Gr\u00fcnden beantragt werden:<\/p>\n<ul style=\"text-align: justify;\">\n<li>F\u00fcr die Anerkennung von Studienleistungen in Italien;<\/li>\n<li>F\u00fcr die Aufnahme eines Hochschulstudiums in Italien;<\/li>\n<li>Zum Zwecke der beruflichen Anerkennung in Italien.<\/li>\n<\/ul>\n<p style=\"text-align: justify;\"><span style=\"text-decoration: underline;\"><strong>WIE EIN ANTRAG EINZUREICHEN<\/strong><\/span><\/p>\n<p style=\"text-align: justify;\"><strong>Ausschlie\u00dflich auf dem Postweg, indem Sie die Unterlagen, die sich auf die Art des Diploms\/Zeugnisses beziehen, an die folgende Adresse schicken:<\/strong><\/p>\n<p style=\"text-align: justify;\">Schulb\u00fcro Italienisches Konsulat Freiburg<\/p>\n<p style=\"text-align: justify;\">Augustinerplatz 2<\/p>\n<p style=\"text-align: justify;\">79098 Freiburg<\/p>\n<ul style=\"text-align: justify;\">\n<li><a href=\"https:\/\/consfriburgo.esteri.it\/wp-content\/uploads\/2023\/05\/foglio_info_dich_di_valore.pdf\">Informationsblatt Wertigkeitserkl\u00e4rung<\/a><\/li>\n<li><a href=\"https:\/\/consfriburgo.esteri.it\/wp-content\/uploads\/2023\/05\/richiesta_dichiarazione_di_valore2.pdf\">Antragsformular f\u00fcr die Wertigkeitserkl\u00e4rung (Dichiarazione di Valore)<\/a><\/li>\n<\/ul>\n<p style=\"text-align: justify;\"><strong>Wir m\u00f6chten Sie daran erinnern, dass die \u00dcbersetzung des Schulabschlusses <span style=\"text-decoration: underline;\">zwingend<\/span> von einem vereidigten \u00dcbersetzer aus <a href=\"https:\/\/consfriburgo.esteri.it\/wp-content\/uploads\/2023\/03\/2023_01_23_elenco_traduttori_giurati.pdf\">unserer Liste<\/a> angefertigt werden muss.<\/strong><\/p>\n<p style=\"text-align: justify;\">\n<p style=\"text-align: justify;\"><strong>\u00c4quipollenza<\/strong><\/p>\n<p style=\"text-align: justify;\">Der Begriff Equipollenza bezieht sich auf die Gleichwertigkeit eines ausl\u00e4ndischen Abschlusses, sei es im k\u00fcnstlerischen oder musikalischen Bereich, mit einem entsprechenden italienischen Abschluss; bei der vergleichenden Analyse des Abschlusses werden der akademische Charakter, die ausl\u00e4ndische Einrichtung, die den Abschluss ausgestellt hat, die Dauer des absolvierten Studiums und der analytische disziplin\u00e4re Inhalt ber\u00fccksichtigt.<\/p>\n<p style=\"text-align: justify;\">Das Schulamt des Konsulats stellt <strong><span style=\"text-decoration: underline;\">KEINE<\/span> <\/strong>Gleichwertigkeitsbescheinigungen aus! Der Antrag auf Gleichwertigkeit muss an das MIM (Ministerium f\u00fcr Bildung und Verdienst) oder an ein territoriales Schulamt in Italien gerichtet werden. Um eine <strong>Gleichwertigkeitsbescheinigung<\/strong> zu erhalten, muss eine Wertigkeitserkl\u00e4rung vorgelegt werden, die vom Schulamt des Konsulats f\u00fcr die Schule oder Universit\u00e4t, an der das Studium absolviert wurde, ausgestellt werden kann.<\/p>\n<p style=\"text-align: justify;\">Weitere Informationen finden Sie auf der <a href=\"https:\/\/www.miur.gov.it\/web\/guest\/home\">MIM-Website<\/a> in der <a href=\"https:\/\/www.miur.gov.it\/web\/guest\/ricerca?scope=this-site&amp;q=equipollenza\">Rubrik Gleichwertigkeit<\/a>.<\/p>\n<p style=\"text-align: justify;\">Weitere Antworten auf Ihre Fragen finden Sie in der Rubrik <a href=\"https:\/\/consfriburgo.esteri.it\/it\/servizi-consolari-e-visti\/servizi-per-il-cittadino-italiano\/ufficio-scuola\/domande-frequenti-ufficio-scuola\/\">H\u00e4ufig gestellte Fragen<\/a> auf unserer Website.<\/p>\n<p style=\"text-align: justify;\">\n<p style=\"text-align: justify;\">\n<strong>N\u00fctzliche Kontakte<\/strong><\/p>\n<p>Sekretariat der Schule<\/p>\n<p>Tel: 0761 38661 83<\/p>\n<p>E-Mail: <a href=\"mailto:scuola.friburgo@esteri.it\">scuola.friburgo@esteri.it<\/a><\/p>\n","protected":false},"excerpt":{"rendered":"Schulleiterin: Prof. Concetta Matassa Verwaltungsassistentin: Giovanna Catalano WOMIT WIR UNS BESCH\u00c4FTIGEN Das Schulb\u00fcro ist zust\u00e4ndig f\u00fcr die konsularische Einschreibung von Freiburg und: Es koordiniert Initiativen zur F\u00f6rderung der italienischen Sprache und Kultur; Es organisiert italienische Sprachzertifikate; Es informiert und ber\u00e4t bei der Einschreibung an Schulen und Universit\u00e4ten in Italien und Deutschland; Es stellt Wertigkeitserkl\u00e4rungen f\u00fcr [&hellip;]","protected":false},"author":7,"featured_media":0,"parent":164,"menu_order":9,"comment_status":"closed","ping_status":"closed","template":"","meta":{"footnotes":""},"class_list":["post-1210","page","type-page","status-publish","hentry"],"_links":{"self":[{"href":"https:\/\/consfriburgo.esteri.it\/de\/wp-json\/wp\/v2\/pages\/1210","targetHints":{"allow":["GET"]}}],"collection":[{"href":"https:\/\/consfriburgo.esteri.it\/de\/wp-json\/wp\/v2\/pages"}],"about":[{"href":"https:\/\/consfriburgo.esteri.it\/de\/wp-json\/wp\/v2\/types\/page"}],"author":[{"embeddable":true,"href":"https:\/\/consfriburgo.esteri.it\/de\/wp-json\/wp\/v2\/users\/7"}],"replies":[{"embeddable":true,"href":"https:\/\/consfriburgo.esteri.it\/de\/wp-json\/wp\/v2\/comments?post=1210"}],"version-history":[{"count":5,"href":"https:\/\/consfriburgo.esteri.it\/de\/wp-json\/wp\/v2\/pages\/1210\/revisions"}],"predecessor-version":[{"id":3687,"href":"https:\/\/consfriburgo.esteri.it\/de\/wp-json\/wp\/v2\/pages\/1210\/revisions\/3687"}],"up":[{"embeddable":true,"href":"https:\/\/consfriburgo.esteri.it\/de\/wp-json\/wp\/v2\/pages\/164"}],"wp:attachment":[{"href":"https:\/\/consfriburgo.esteri.it\/de\/wp-json\/wp\/v2\/media?parent=1210"}],"curies":[{"name":"wp","href":"https:\/\/api.w.org\/{rel}","templated":true}]}}