{"id":1213,"date":"2023-04-24T14:11:47","date_gmt":"2023-04-24T12:11:47","guid":{"rendered":"https:\/\/consfriburgo.esteri.it\/servizi-consolari-e-visti\/servizi-per-il-cittadino-italiano\/anagrafe-degli-italiani-residenti-allestero-aire\/domande-frequenti-anagrafe\/"},"modified":"2023-10-23T15:22:22","modified_gmt":"2023-10-23T13:22:22","slug":"domande-frequenti-anagrafe","status":"publish","type":"page","link":"https:\/\/consfriburgo.esteri.it\/de\/servizi-consolari-e-visti\/servizi-per-il-cittadino-italiano\/anagrafe-degli-italiani-residenti-allestero-aire\/domande-frequenti-anagrafe\/","title":{"rendered":"H\u00e4ufig gestellte Fragen &#8211; Einwohnermeldeamt"},"content":{"rendered":"<p><strong>Was ist das A.I.R.E.?<\/strong><\/p>\n<p style=\"text-align: justify;\">A.I.R.E. steht f\u00fcr &#8222;Anagrafe degli Italiani Residenti all&#8217;Estero&#8220;. Jeder B\u00fcrger\u00a0mit Wohnsitz im Ausland muss beim A.I.R.E. einer italienischen Kommune registriert sein<br \/>\n(die Gemeinde, in der der Interessent oder ein Vorfahre oder ein anderes direktes Familienmitglied<br \/>\nseinen letzten Wohnsitz in Italien hatte).<\/p>\n<p style=\"text-align: justify;\"><strong>Ist die Eintragung beim A.I.R.E. obligatorisch?<\/strong><\/p>\n<p style=\"text-align: justify;\">Ja, die Eintragung bei der A.I.R.E. ist gesetzlich vorgesehen und f\u00fcr alle italienischen Staatsb\u00fcrger, die beabsichtigen, sich f\u00fcr mindestens 12 Monate im Ausland aufzuhalten, obligatorisch.<\/p>\n<p style=\"text-align: justify;\"><strong>Wie meldet man sich bei A.I.R.E. an?<\/strong><\/p>\n<p style=\"text-align: justify;\">Die Anmeldung bei A.I.R.E. ist kostenlos und muss \u00fcber das FAST IT-Portal beantragt werden.<br \/>\nFAST IT-Portal.<\/p>\n<p style=\"text-align: justify;\"><strong>Was muss ich f\u00fcr die A.I.R.E.-Registrierung einreichen?<\/strong><\/p>\n<p style=\"text-align: justify;\">Das \u00fcber das FAST-IT-Portal auszuf\u00fcllende Antragsformular,<br \/>\nden Nachweis \u00fcber den tats\u00e4chlichen Wohnsitz im Konsularbezirk (Anmeldung, d.h.<br \/>\ndie von der ausl\u00e4ndischen Beh\u00f6rde ausgestellte Aufenthaltsbescheinigung) und eine Kopie des<br \/>\nAusweises des Antragstellers und der \u00fcbrigen Haushaltsmitglieder<\/p>\n<p style=\"text-align: justify;\"><strong>Ist es notwendig, den Wohnsitz zu aktualisieren?<\/strong><\/p>\n<p style=\"text-align: justify;\">Ja, denn die Aktualisierung des Wohnsitzes erfolgt nicht automatisch, und die Nichtmitteilung an das<br \/>\nKonsulat kann zu Problemen und Verz\u00f6gerungen bei der Erbringung der konsularischen Dienstleistungen f\u00fchren.<\/p>\n<p style=\"text-align: justify;\"><strong>Wie kann ich meinen Wohnsitz aktualisieren?<\/strong><\/p>\n<p style=\"text-align: justify;\">Im Falle eines Wohnsitzwechsels m\u00fcssen Sie das Konsulat \u00fcber FAST IT informieren und eine Kopie der von den ausl\u00e4ndischen Beh\u00f6rden ausgestellten Wohnsitzbescheinigung (d.h. der Anmeldung) sowie eine Kopie des Personalausweises des Anmelders beif\u00fcgen.<\/p>\n<p style=\"text-align: justify;\"><strong>Ist ein Gang zum Konsulat erforderlich?<\/strong><\/p>\n<p style=\"text-align: justify;\">Nein, um sich bei A.I.R.E. anzumelden oder seinen Wohnsitz zu aktualisieren, ist es nicht erforderlich, zum<br \/>\nKonsulat zu gehen. Alles muss online, \u00fcber FAST IT, erledigt werden.<\/p>\n<p style=\"text-align: justify;\"><strong>Was ist FAST IT?<\/strong><\/p>\n<p style=\"text-align: justify;\">FAST IT ist ein Computerportal (https:\/\/serviziconsolarionline.esteri.it), \u00fcber das Sie sich<br \/>\nsich bei der A.I.R.E. anzumelden, einen Wechsel des Konsularbezirks mitzuteilen oder den Wohnsitz innerhalb desselben Bezirks zu aktualisieren, und zwar auf die einfachste und schnellste Weise, direkt von zu Hause aus.<\/p>\n<p style=\"text-align: justify;\"><strong>Kann das Konsulat eine Bescheinigung \u00fcber die Einschreibung in das A.I.R.E. ausstellen?<\/strong><\/p>\n<p style=\"text-align: justify;\">Nein, man muss eine solche Bescheinigung bei der italienischen Gemeinde beantragen<\/p>\n","protected":false},"excerpt":{"rendered":"Was ist das A.I.R.E.? A.I.R.E. steht f\u00fcr &#8222;Anagrafe degli Italiani Residenti all&#8217;Estero&#8220;. Jeder B\u00fcrger\u00a0mit Wohnsitz im Ausland muss beim A.I.R.E. einer italienischen Kommune registriert sein (die Gemeinde, in der der Interessent oder ein Vorfahre oder ein anderes direktes Familienmitglied seinen letzten Wohnsitz in Italien hatte). Ist die Eintragung beim A.I.R.E. obligatorisch? Ja, die Eintragung bei [&hellip;]","protected":false},"author":7,"featured_media":0,"parent":1068,"menu_order":0,"comment_status":"closed","ping_status":"closed","template":"","meta":{"footnotes":""},"class_list":["post-1213","page","type-page","status-publish","hentry"],"_links":{"self":[{"href":"https:\/\/consfriburgo.esteri.it\/de\/wp-json\/wp\/v2\/pages\/1213","targetHints":{"allow":["GET"]}}],"collection":[{"href":"https:\/\/consfriburgo.esteri.it\/de\/wp-json\/wp\/v2\/pages"}],"about":[{"href":"https:\/\/consfriburgo.esteri.it\/de\/wp-json\/wp\/v2\/types\/page"}],"author":[{"embeddable":true,"href":"https:\/\/consfriburgo.esteri.it\/de\/wp-json\/wp\/v2\/users\/7"}],"replies":[{"embeddable":true,"href":"https:\/\/consfriburgo.esteri.it\/de\/wp-json\/wp\/v2\/comments?post=1213"}],"version-history":[{"count":4,"href":"https:\/\/consfriburgo.esteri.it\/de\/wp-json\/wp\/v2\/pages\/1213\/revisions"}],"predecessor-version":[{"id":3083,"href":"https:\/\/consfriburgo.esteri.it\/de\/wp-json\/wp\/v2\/pages\/1213\/revisions\/3083"}],"up":[{"embeddable":true,"href":"https:\/\/consfriburgo.esteri.it\/de\/wp-json\/wp\/v2\/pages\/1068"}],"wp:attachment":[{"href":"https:\/\/consfriburgo.esteri.it\/de\/wp-json\/wp\/v2\/media?parent=1213"}],"curies":[{"name":"wp","href":"https:\/\/api.w.org\/{rel}","templated":true}]}}