{"id":1222,"date":"2023-05-09T11:27:23","date_gmt":"2023-05-09T09:27:23","guid":{"rendered":"https:\/\/consfriburgo.esteri.it\/servizi-consolari-e-visti\/servizi-per-il-cittadino-italiano\/ufficio-scuola\/universita\/"},"modified":"2023-11-27T10:44:23","modified_gmt":"2023-11-27T09:44:23","slug":"universita","status":"publish","type":"page","link":"https:\/\/consfriburgo.esteri.it\/de\/servizi-consolari-e-visti\/servizi-per-il-cittadino-italiano\/ufficio-scuola\/universita\/","title":{"rendered":"Universit\u00e4t"},"content":{"rendered":"<p><strong>F\u00fcr Informationen \u00fcber die Universit\u00e4t in Italien<\/strong><\/p>\n<p style=\"text-align: justify;\">Sie k\u00f6nnen das Portal <a href=\"https:\/\/www.universitaly.it\/\">Universitaly<\/a> des <a href=\"https:\/\/www.mur.gov.it\/it\">Ministeriums f\u00fcr Universit\u00e4ten und Forschung<\/a> besuchen, das speziell f\u00fcr die Begleitung von Studentinnen und Studenten w\u00e4hrend ihres Studiums eingerichtet wurde.<\/p>\n<p style=\"text-align: justify;\">Die Website des Ministeriums f\u00fcr Universit\u00e4ten und Forschung, <a href=\"https:\/\/www.miur.gov.it\/web\/guest\/universita\">Bereich Universit\u00e4t<\/a>, und die Website <a href=\"https:\/\/studyinitaly.esteri.it\/it\/home_borse\">Study in Italy<\/a> (<a href=\"https:\/\/www.uni-italia.net\/\">Bereich Universit\u00e4t<\/a>) mit n\u00fctzlichen Informationen.<\/p>\n","protected":false},"excerpt":{"rendered":"F\u00fcr Informationen \u00fcber die Universit\u00e4t in Italien Sie k\u00f6nnen das Portal Universitaly des Ministeriums f\u00fcr Universit\u00e4ten und Forschung besuchen, das speziell f\u00fcr die Begleitung von Studentinnen und Studenten w\u00e4hrend ihres Studiums eingerichtet wurde. Die Website des Ministeriums f\u00fcr Universit\u00e4ten und Forschung, Bereich Universit\u00e4t, und die Website Study in Italy (Bereich Universit\u00e4t) mit n\u00fctzlichen Informationen.","protected":false},"author":7,"featured_media":0,"parent":1210,"menu_order":8,"comment_status":"closed","ping_status":"closed","template":"","meta":{"footnotes":""},"class_list":["post-1222","page","type-page","status-publish","hentry"],"_links":{"self":[{"href":"https:\/\/consfriburgo.esteri.it\/de\/wp-json\/wp\/v2\/pages\/1222","targetHints":{"allow":["GET"]}}],"collection":[{"href":"https:\/\/consfriburgo.esteri.it\/de\/wp-json\/wp\/v2\/pages"}],"about":[{"href":"https:\/\/consfriburgo.esteri.it\/de\/wp-json\/wp\/v2\/types\/page"}],"author":[{"embeddable":true,"href":"https:\/\/consfriburgo.esteri.it\/de\/wp-json\/wp\/v2\/users\/7"}],"replies":[{"embeddable":true,"href":"https:\/\/consfriburgo.esteri.it\/de\/wp-json\/wp\/v2\/comments?post=1222"}],"version-history":[{"count":3,"href":"https:\/\/consfriburgo.esteri.it\/de\/wp-json\/wp\/v2\/pages\/1222\/revisions"}],"predecessor-version":[{"id":3777,"href":"https:\/\/consfriburgo.esteri.it\/de\/wp-json\/wp\/v2\/pages\/1222\/revisions\/3777"}],"up":[{"embeddable":true,"href":"https:\/\/consfriburgo.esteri.it\/de\/wp-json\/wp\/v2\/pages\/1210"}],"wp:attachment":[{"href":"https:\/\/consfriburgo.esteri.it\/de\/wp-json\/wp\/v2\/media?parent=1222"}],"curies":[{"name":"wp","href":"https:\/\/api.w.org\/{rel}","templated":true}]}}