{"id":1225,"date":"2023-05-09T11:29:13","date_gmt":"2023-05-09T09:29:13","guid":{"rendered":"https:\/\/consfriburgo.esteri.it\/servizi-consolari-e-visti\/servizi-per-il-cittadino-italiano\/ufficio-scuola\/equipollenza-titoli-di-studio\/"},"modified":"2023-11-27T10:29:31","modified_gmt":"2023-11-27T09:29:31","slug":"equipollenza-titoli-di-studio","status":"publish","type":"page","link":"https:\/\/consfriburgo.esteri.it\/de\/servizi-consolari-e-visti\/servizi-per-il-cittadino-italiano\/ufficio-scuola\/equipollenza-titoli-di-studio\/","title":{"rendered":"Schul- und Studienabschlussgleichwertigkeit"},"content":{"rendered":"<p style=\"text-align: justify;\">Der Begriff &#8222;Gleichwertigkeit&#8220; bezieht sich auf die Gleichwertigkeit eines ausl\u00e4ndischen Abschlusses, sei es im k\u00fcnstlerischen oder musikalischen Bereich, mit einem entsprechenden italienischen Abschluss; bei der vergleichenden Analyse des Abschlusses werden der akademische Charakter, die ausl\u00e4ndische Einrichtung, die den Abschluss ausgestellt hat, die Dauer des absolvierten Studiums und der analytische disziplin\u00e4re Inhalt ber\u00fccksichtigt.<\/p>\n<p style=\"text-align: justify;\">Alle Informationen \u00fcber die Anerkennung und \u00c4quivalenzen von Abschl\u00fcssen werden vom <a href=\"http:\/\/www.cimea.it\/\">Informationszentrum f\u00fcr akademische Mobilit\u00e4t und \u00c4quivalenzen (CIMEA)<\/a> bereitgestellt. Die Einrichtung dieses Zentrums entspricht den Verpflichtungen, die unser Land mit der Unterzeichnung und anschlie\u00dfenden Ratifizierung des \u00dcbereinkommens von Lissabon \u00fcber die Anerkennung von Qualifikationen im Hochschulbereich in der europ\u00e4ischen Region eingegangen ist.<\/p>\n<p style=\"text-align: justify;\">Im Allgemeinen sind f\u00fcr die Anerkennung oder Gleichwertigkeit von Qualifikationen, je nach ihrem Zweck (Studium oder Beruf), verschiedene italienische Beh\u00f6rden zust\u00e4ndig:<\/p>\n<ul>\n<li>Die <strong>Schul\u00e4mter der Provinzen<\/strong> f\u00fcr die Gleichwertigkeit von voruniversit\u00e4ren Abschl\u00fcssen.<\/li>\n<li>Die <strong>Universit\u00e4ten<\/strong> f\u00fcr die Gleichwertigkeit ausl\u00e4ndischer akademischer Grade.<\/li>\n<li>Das <strong>Ministerium f\u00fcr Bildung, Universit\u00e4t und Forschung<\/strong> f\u00fcr die akademische Gleichwertigkeit ausl\u00e4ndischer Doktortitel.<\/li>\n<li>Die <strong>zust\u00e4ndigen Ministerien<\/strong> f\u00fcr die Anerkennung von Qualifikationen, die zu reglementierten Berufen berechtigen (z. B. Arzt, Rechtsanwalt, usw.).<\/li>\n<li>F\u00fcr die Teilnahme an Auswahlverfahren: Pr\u00e4sidentschaft des Ministerrats, Abteilung f\u00fcr den \u00f6ffentlichen Dienst, P.P.A. Office &#8211; Recruitment Service, Corso, Vittorio Emanuele II, 116 &#8211; 00186 Rom, Tel. 06-6899.7563 \/ 7453 \/ 7470. E-Mail:<a href=\"mailto:servizioreclutamento@funzionepubblica.it\"> servizioreclutamento@funzionepubblica.it<\/a>.<\/li>\n<\/ul>\n<p><strong>F\u00fcr Informationen \u00fcber die Gleichwertigkeit von Abschl\u00fcssen:<\/strong><\/p>\n<p><a href=\"https:\/\/www.miur.gov.it\/web\/guest\/equipollenze-equivalenza-ed-equiparazioni-tra-titoli-di-studio\"><strong>Website des MIM (Ministerium f\u00fcr Bildung und Verdienst)<\/strong><\/a><\/p>\n<p style=\"text-align: justify;\"><a href=\"http:\/\/www.cimea.it\/it\/servizi\/procedure-di-riconoscimento-dei-titoli\/procedure-di-riconoscimento-dei-titoli-overview.aspx\"><strong>CIMEA<\/strong><\/a><\/p>\n","protected":false},"excerpt":{"rendered":"Der Begriff &#8222;Gleichwertigkeit&#8220; bezieht sich auf die Gleichwertigkeit eines ausl\u00e4ndischen Abschlusses, sei es im k\u00fcnstlerischen oder musikalischen Bereich, mit einem entsprechenden italienischen Abschluss; bei der vergleichenden Analyse des Abschlusses werden der akademische Charakter, die ausl\u00e4ndische Einrichtung, die den Abschluss ausgestellt hat, die Dauer des absolvierten Studiums und der analytische disziplin\u00e4re Inhalt ber\u00fccksichtigt. Alle Informationen \u00fcber [&hellip;]","protected":false},"author":7,"featured_media":0,"parent":1210,"menu_order":10,"comment_status":"closed","ping_status":"closed","template":"","meta":{"footnotes":""},"class_list":["post-1225","page","type-page","status-publish","hentry"],"_links":{"self":[{"href":"https:\/\/consfriburgo.esteri.it\/de\/wp-json\/wp\/v2\/pages\/1225","targetHints":{"allow":["GET"]}}],"collection":[{"href":"https:\/\/consfriburgo.esteri.it\/de\/wp-json\/wp\/v2\/pages"}],"about":[{"href":"https:\/\/consfriburgo.esteri.it\/de\/wp-json\/wp\/v2\/types\/page"}],"author":[{"embeddable":true,"href":"https:\/\/consfriburgo.esteri.it\/de\/wp-json\/wp\/v2\/users\/7"}],"replies":[{"embeddable":true,"href":"https:\/\/consfriburgo.esteri.it\/de\/wp-json\/wp\/v2\/comments?post=1225"}],"version-history":[{"count":6,"href":"https:\/\/consfriburgo.esteri.it\/de\/wp-json\/wp\/v2\/pages\/1225\/revisions"}],"predecessor-version":[{"id":3764,"href":"https:\/\/consfriburgo.esteri.it\/de\/wp-json\/wp\/v2\/pages\/1225\/revisions\/3764"}],"up":[{"embeddable":true,"href":"https:\/\/consfriburgo.esteri.it\/de\/wp-json\/wp\/v2\/pages\/1210"}],"wp:attachment":[{"href":"https:\/\/consfriburgo.esteri.it\/de\/wp-json\/wp\/v2\/media?parent=1225"}],"curies":[{"name":"wp","href":"https:\/\/api.w.org\/{rel}","templated":true}]}}