{"id":1240,"date":"2023-05-09T11:35:36","date_gmt":"2023-05-09T09:35:36","guid":{"rendered":"https:\/\/consfriburgo.esteri.it\/servizi-consolari-e-visti\/servizi-per-il-cittadino-italiano\/ufficio-scuola\/corsi-di-lingua-e-cultura-italiana\/"},"modified":"2025-03-28T10:03:39","modified_gmt":"2025-03-28T09:03:39","slug":"corsi-di-lingua-e-cultura-italiana","status":"publish","type":"page","link":"https:\/\/consfriburgo.esteri.it\/de\/servizi-consolari-e-visti\/servizi-per-il-cittadino-italiano\/ufficio-scuola\/corsi-di-lingua-e-cultura-italiana\/","title":{"rendered":"Italienische Sprach- und Kulturkurse"},"content":{"rendered":"<article id=\"articolo_centro\" class=\"col-md-15 col-sm-15 padding_articolo item-page\" role=\"main\" aria-label=\"articolo\">\n<h5><strong>&#8222;Die Sprache ist der Schl\u00fcssel zur Welt&#8220;<\/strong><\/h5>\n<p>&nbsp;<\/p>\n<p style=\"text-align: justify;\">Das Schulamt des Italienischen Konsulats Freiburg unterst\u00fctzt das Studium der italienischen Sprache und Kultur, indem es die <strong>Organisation von Kursen<\/strong> sowohl <strong>auf au\u00dferschulischer<\/strong> als auch auf schulischer <strong>Ebene f\u00f6rdert<\/strong> und dabei die Bestimmungen des <strong>Gesetzesdekrets 64\/2017<\/strong> umsetzt. Die Kurse der italienischen Sprache und Kultur des Konsularbezirks Freiburg sind ein kostenloses und qualitativ hochwertiges Bildungsangebot, das sich an alle Sch\u00fclerinnen und Sch\u00fcler aller Stufen richtet, die Interesse daran haben, die italienische Sprache und Kultur im schulischen Umfeld zu erlernen oder zu vertiefen, sei es als Unterrichtsfach oder als Zusatzangebot. Am Ende eines jeden Semesters erhalten die Lernenden eine <strong>von den deutschen Schulen anerkannte Note<\/strong>.<\/p>\n<p style=\"text-align: justify;\">Die Kurse werden auf Anfrage von Familien und Schulen in verschiedenen Gebieten des Landkreises eingerichtet. Bei den Lehrkr\u00e4ften handelt es sich um qualifizierte italienische Lehrkr\u00e4fte, die zum Teil direkt von MAECI f\u00fcr den Auslandsunterricht aus dem Kreis der fest angestellten Lehrkr\u00e4fte an staatlichen Schulen in Italien (Ministeriallehrer) ausgew\u00e4hlt und zum Teil in Deutschland von der Tr\u00e4gerorganisation <a href=\"https:\/\/vivace-freiburg.de\/\">Vivace e.V.<\/a>, einer vom italienischen Ministerium finanziell unterst\u00fctzten gemeinn\u00fctzigen Organisation, rekrutiert werden.<\/p>\n<p>Die Tabelle zeigt die Liste der verf\u00fcgbaren Kurse. Das Einschreibeformular f\u00fcr die Kurse ist beigef\u00fcgt.<\/p>\n<ul>\n<li><a href=\"https:\/\/consfriburgo.esteri.it\/wp-content\/uploads\/2025\/03\/CORSI-DI-LINGUA-E-CULTURA-ITALIANA-A.S-1.pdf\">\u00a0ITALIENISCHE SPRACH-UND KULTUR <\/a><a href=\"https:\/\/consfriburgo.esteri.it\/wp-content\/uploads\/2025\/03\/CORSI-DI-LINGUA-E-CULTURA-ITALIANA-A.S-1.pdf\">KURSE<\/a><a href=\"https:\/\/consfriburgo.esteri.it\/wp-content\/uploads\/2025\/03\/CORSI-DI-LINGUA-E-CULTURA-ITALIANA-A.S-1.pdf\"> S.J. 2025-26<\/a><\/li>\n<li><a href=\"https:\/\/consfriburgo.esteri.it\/wp-content\/uploads\/2025\/03\/Iscrizione-Alunni-25-26-ted-2.pdf\">ANMELDEFORMULAR F\u00dcR DAS SCHULJAHR 2025-2026 &#8211; PDF\u00a0 \u00a0<\/a><\/li>\n<li><a href=\"https:\/\/consfriburgo.esteri.it\/wp-content\/uploads\/2025\/03\/Iscrizione-Alunni-25-26-ted-1.docx\">ANMELDE FORMULAR F\u00dcR DAS SCHULJAHR 2025-2026-WORD<\/a><\/li>\n<\/ul>\n<p><strong>Hier finden Sie eine \u00dcbersicht \u00fcber die im Schuljahr 2020\/21 aktivierten Kurse:<\/strong><\/p>\n<p><iframe loading=\"lazy\" src=\"https:\/\/www.google.com\/maps\/d\/embed?mid=19L11SQJEdNIdGbKrLekRAWB2pelKTMRt\" width=\"640\" height=\"480\" data-mce-fragment=\"1\"><\/iframe><\/p>\n<p>&nbsp;<\/p>\n<p>&nbsp;<\/p>\n<p><strong>Hier die Zeitung des Wahlkreises Freiburg<\/strong><\/p>\n<ul>\n<li><strong><a href=\"https:\/\/www.yumpu.com\/it\/document\/read\/68407654\/giornalino-friburgo-2022-2023\">ZEITSCHRIFT SCHULJAHR 2022-2023<\/a><\/strong><\/li>\n<li><a href=\"https:\/\/www.yumpu.com\/it\/document\/view\/67109490\/giornalino-friburgo-2022\" target=\"_blank\" rel=\"noopener\"><strong>ZEITSCHRIFT SCHULJAHR 2021-2022<\/strong><\/a><\/li>\n<li><a href=\"https:\/\/www.yumpu.com\/it\/document\/view\/67109490\/giornalino-friburgo-2022\"><strong>ZEITSCHRIFT SCHULJAHR 2020-2021<\/strong><\/a><\/li>\n<\/ul>\n<p>&nbsp;<\/p>\n<\/article>\n<p>&nbsp;<\/p>\n","protected":false},"excerpt":{"rendered":"&#8222;Die Sprache ist der Schl\u00fcssel zur Welt&#8220; &nbsp; Das Schulamt des Italienischen Konsulats Freiburg unterst\u00fctzt das Studium der italienischen Sprache und Kultur, indem es die Organisation von Kursen sowohl auf au\u00dferschulischer als auch auf schulischer Ebene f\u00f6rdert und dabei die Bestimmungen des Gesetzesdekrets 64\/2017 umsetzt. Die Kurse der italienischen Sprache und Kultur des Konsularbezirks Freiburg [&hellip;]","protected":false},"author":7,"featured_media":0,"parent":1210,"menu_order":3,"comment_status":"closed","ping_status":"closed","template":"","meta":{"footnotes":""},"class_list":["post-1240","page","type-page","status-publish","hentry"],"_links":{"self":[{"href":"https:\/\/consfriburgo.esteri.it\/de\/wp-json\/wp\/v2\/pages\/1240","targetHints":{"allow":["GET"]}}],"collection":[{"href":"https:\/\/consfriburgo.esteri.it\/de\/wp-json\/wp\/v2\/pages"}],"about":[{"href":"https:\/\/consfriburgo.esteri.it\/de\/wp-json\/wp\/v2\/types\/page"}],"author":[{"embeddable":true,"href":"https:\/\/consfriburgo.esteri.it\/de\/wp-json\/wp\/v2\/users\/7"}],"replies":[{"embeddable":true,"href":"https:\/\/consfriburgo.esteri.it\/de\/wp-json\/wp\/v2\/comments?post=1240"}],"version-history":[{"count":7,"href":"https:\/\/consfriburgo.esteri.it\/de\/wp-json\/wp\/v2\/pages\/1240\/revisions"}],"predecessor-version":[{"id":11058,"href":"https:\/\/consfriburgo.esteri.it\/de\/wp-json\/wp\/v2\/pages\/1240\/revisions\/11058"}],"up":[{"embeddable":true,"href":"https:\/\/consfriburgo.esteri.it\/de\/wp-json\/wp\/v2\/pages\/1210"}],"wp:attachment":[{"href":"https:\/\/consfriburgo.esteri.it\/de\/wp-json\/wp\/v2\/media?parent=1240"}],"curies":[{"name":"wp","href":"https:\/\/api.w.org\/{rel}","templated":true}]}}