{"id":1251,"date":"2023-04-28T10:02:40","date_gmt":"2023-04-28T08:02:40","guid":{"rendered":"https:\/\/consfriburgo.esteri.it\/servizi-consolari-e-visti\/servizi-per-il-cittadino-italiano\/pasaaporti\/"},"modified":"2025-12-01T14:49:50","modified_gmt":"2025-12-01T13:49:50","slug":"pasaaporti","status":"publish","type":"page","link":"https:\/\/consfriburgo.esteri.it\/de\/servizi-consolari-e-visti\/servizi-per-il-cittadino-italiano\/personalausweis-und-reisepass\/pasaaporti\/","title":{"rendered":"Reisep\u00e4sse"},"content":{"rendered":"<article id=\"articolo_centro\" class=\"col-md-15 col-sm-15 padding_articolo item-page\" role=\"main\" aria-label=\"articolo\">\n<div>\n<h4 style=\"text-align: center;\">WICHTIG<\/h4>\n<p style=\"text-align: justify;\"><strong>UM EINEN TERMIN F\u00dcR DIE AUSSTELLUNG EINES REISEPASSES ZU BUCHEN, M\u00dcSSEN SIE SICH AUF DEM PRENOTAMI-PORTAL REGISTRIEREN UND BUCHEN:<\/strong><\/p>\n<p style=\"text-align: center;\"><strong>UM ZUM PORTAL ZU GELANGEN, KLICKEN SIE HIER<\/strong><\/p>\n<h3 style=\"text-align: center;\">&#8222;<a href=\"https:\/\/prenotami.esteri.it\/\">Prenot@mi<\/a>&#8222;<\/h3>\n<h2 style=\"text-align: center;\"><span style=\"text-decoration: underline;\"><strong>Es wird darauf hingewiesen, dass das Buchungssystem KOSTENFREI ist<\/strong><\/span><\/h2>\n<p>&nbsp;<\/p>\n<\/div>\n<h3 style=\"text-align: center;\"><a href=\"https:\/\/www.youtube.com\/watch?v=7Z0tvnej_JM\">Videoanleitung PRENOT@MI<\/a><\/h3>\n<p>&nbsp;<\/p>\n<div>\n<p style=\"text-align: justify;\"><strong>DER TERMIN \u00dcBER DAS PORTAL &#8222;Prenot@mi&#8220; IST DER ERSTE SCHRITT ZUR BEWERBUNG EINES PASSES. SOLLTEN SIE BEI DER REGISTRIERUNG AUF SCHWIERIGKEITEN STOSSEN ODER ZWEIFEL HABEN, K\u00d6NNEN SIE UNS PER E-MAIL UNTER <a href=\"mailto:friburgo.assistente@esteri.it\">friburgo.assistente@esteri.it<\/a> ODER TELEFONISCH T\u00c4GLICH VON 09:00 BIS 12:00 UHR UNTER <span style=\"text-decoration: underline;\">0761 386610<\/span> ERREICHEN. VERMEIDEN SIE ES DAHER BITTE, OHNE TERMIN PERS\u00d6NLICH IM KONSULAT VORSTELLIG ZU WERDEN.<\/strong><\/p>\n<p style=\"text-align: justify;\">Die Anfrage und der Empfang per E-Mail sind nicht gleichbedeutend mit der Best\u00e4tigung des Termins: Die Best\u00e4tigung muss von Zeit zu Zeit auf der pers\u00f6nlichen Seite des Portals &#8222;<a href=\"https:\/\/prenotami.esteri.it\/\">Prenot@mi<\/a>&#8220; \u00fcberpr\u00fcft werden.<\/p>\n<p style=\"text-align: justify;\">Wenn es nicht m\u00f6glich ist, das Dokument auszustellen, werden die Stornierungen per E-Mail versandt. Wir raten Ihnen, Ihre Adresse immer auf dem neuesten Stand zu halten, indem Sie die im Portal <a href=\"https:\/\/serviziconsolari.esteri.it\/ScoFE\/index.sco\">FAST- IT<\/a> aktualisieren. Wenn Sie Probleme mit dem Portal haben, k\u00f6nnen Sie sich an <a href=\"mailto:anagrafe.friburgo@esteri.it\">anagrafe.friburgo@esteri.it<\/a> wenden.<\/p>\n<p style=\"text-align: justify;\"><strong>Wir erinnern Sie daran, dass die Aktualisierung der Adresse und die Eingabe der vollst\u00e4ndigen Daten in das Portal eine schnelle Pr\u00fcfung des Antrags erm\u00f6glicht, ohne dass die Gefahr besteht, dass der Termin abgesagt wird, was sich das Konsulat in jedem Fall vorbeh\u00e4lt.<\/strong><\/p>\n<p style=\"text-align: justify;\">Die Passabteilung des italienischen Konsulats in Freiburg ist NUR f\u00fcr die Ausstellung von P\u00e4ssen f\u00fcr italienische Staatsb\u00fcrger mit Wohnsitz im Konsularbezirk zust\u00e4ndig.<\/p>\n<p style=\"text-align: justify;\">F\u00fcr <strong>Minderj\u00e4hrige unter 12 Jahren<\/strong> und f\u00fcr Staatsangeh\u00f6rige, die aufgrund einer dauerhaften, durch ein <strong>\u00e4rztliches Attest nachgewiesenen Behinderung nicht in der Lage sind<\/strong>, <strong>pers\u00f6nlich im Konsulat vorstellig zu werden<\/strong>, ist <strong>die Abnahme von Fingerabdr\u00fccken nicht erforderlich<\/strong>; allerdings muss das Passfoto des Antragstellers beglaubigt werden.<\/p>\n<\/div>\n<p style=\"text-align: justify;\">In diesen F\u00e4llen kann der Antrag auf dem Postweg bearbeitet werden, aber der Antragsteller muss ein biometrisches Passfoto einsenden, das von einem deutschen Amtstr\u00e4ger (Notar oder Gemeinde) beglaubigt wurde, und dazu das Formular unter dem folgenden <a href=\"https:\/\/consfriburgo.esteri.it\/wp-content\/uploads\/2023\/10\/autentica_foto_minore-per-comune-tedesco.pdf\">Link<\/a> verwenden. Wenn es nicht m\u00f6glich ist, das Passfoto von einem deutschen Amtstr\u00e4ger beglaubigen zu lassen, muss der Antragsteller das Konsulat aufsuchen, nachdem er \u00fcber das Portal <a href=\"https:\/\/prenotami.esteri.it\/\">PRENOT@MI<\/a> einen Termin vereinbart hat.<\/p>\n<p style=\"text-align: justify;\">Der Zugang zum Konsulat ohne Termin ist jedoch nur m\u00f6glich, wenn <strong>nachweislich dringende Gr\u00fcnde vorliegen<\/strong>, die per E-Mail an passaporti.friburgo@esteri.it anzugeben sind, wobei sich das Konsulat das Recht vorbeh\u00e4lt, diese zu beurteilen.<\/p>\n<h4>EINZUREICHENDE UNTERLAGEN:<\/h4>\n<ol>\n<li><strong>Fotokopie<\/strong> des letzten Reisepasses oder Personalausweises;<\/li>\n<li>Ein 4,5 x 3,5 cm gro\u00dfes <strong>Foto<\/strong> (<a href=\"https:\/\/consfriburgo.esteri.it\/wp-content\/uploads\/2023\/09\/picture-instructions.pdf\">neueren Datums, frontal, in Farbe<\/a>);<\/li>\n<li>Empfangsbescheinigung f\u00fcr eine Bank\u00fcberweisung (siehe <a href=\"https:\/\/consfriburgo.esteri.it\/wp-content\/uploads\/2025\/11\/bonifico.pdf\"><strong>Angaben des Konsulats zur Bank\u00fcberweisung<\/strong><\/a>) in H\u00f6he von <strong>116,20 \u20ac<\/strong> f\u00fcr jeden Pass.<br \/>\nDer Betrag muss auf das Girokonto des italienischen Konsulats \u00fcberwiesen werden:<\/li>\n<\/ol>\n<p style=\"text-align: center;\"><strong>IBAN: DE 73 68070024 0065192703<\/strong><\/p>\n<p style=\"text-align: center;\">Kontonummer: 065192703, BLZ 68070024<\/p>\n<p style=\"text-align: center;\">BIC\/SWIFT DEUTDEDBFRE<\/p>\n<p style=\"text-align: center;\">bei der Deutschen Bank Freiburg auf den Namen <strong>Konsulat der Italienischen Republik<\/strong>.<\/p>\n<p style=\"text-align: center;\"><strong>IM VERWENDUNGSZWECK SIND ANZUGEBEN<\/strong><\/p>\n<p style=\"text-align: center;\"><strong>DEN <span style=\"text-decoration: underline;\">NAMEN<\/span>, DEN <span style=\"text-decoration: underline;\">VORNAMEN<\/span> UND DAS <span style=\"text-decoration: underline;\">GEBURTSDATUM<\/span> DES ITALIENISCHEN STAATSB\u00dcRGERS, DER DAS DOKUMENT BESITZT.<\/strong><\/p>\n<p>\u00a0 \u00a0 \u00a0 \u00a04. <strong>bei Verlust<\/strong>: Anzeige und Unterschrift bei der Passbeh\u00f6rde;<br \/>\n5. <strong>bei Diebstahl<\/strong> Anzeige bei den deutschen Polizeibeh\u00f6rden.<\/p>\n<\/article>\n<p>~~~~~~~~~~~~~~~~~~~~~~~~~~~~~~~~~~~~~~~~~~~~~~~~~~~~~~~~~~~~~~~~~~~~~~~~~~~~~~~~~~~~~<\/p>\n<p><strong>****F\u00dcR DEN FALL, DASS DER ANTRAGSTELLER MINDERJ\u00c4HRIGE KINDER HAT: ****<\/strong><\/p>\n<p style=\"text-align: justify;\">Wenn eine konkrete und aktuelle Gefahr besteht, dass sich der Elternteil eines minderj\u00e4hrigen Kindes durch den Umzug ins Ausland der Erf\u00fcllung seiner Verpflichtungen gegen\u00fcber seinen Kindern entzieht, kann die andere Partei eine einstweilige Verf\u00fcgung gegen die Ausstellung des Dokuments beantragen (Artikel 3-bis des Gesetzes 1185\/1967). Der Antrag kann bei dem zust\u00e4ndigen Richter des ordentlichen Gerichts eingereicht werden, in dessen Bezirk das Kind seinen gew\u00f6hnlichen Aufenthalt hat, oder, wenn das Kind im Ausland wohnt, bei dem Gericht, in dessen Bezirk sein AIRE-Registerbezirk liegt.<\/p>\n<p style=\"text-align: justify;\"><strong>F\u00fcr die Ausstellung von Dokumenten f\u00fcr Minderj\u00e4hrige<\/strong> ist hingegen weiterhin die Zustimmung beider Eltern oder derjenigen, die die elterliche Verantwortung aus\u00fcben, erforderlich.<\/p>\n<p style=\"text-align: justify;\">***Wenn der Passantragsteller zwischen 12 und 18 Jahren alt ist****<\/p>\n<p>Die Unterzeichnung der <a href=\"https:\/\/consfriburgo.esteri.it\/wp-content\/uploads\/2023\/03\/domanda_passaporto_minorenni.pdf\">Einverst\u00e4ndniserkl\u00e4rung<\/a> durch beide Elternteile ist erforderlich.<\/p>\n<p>~~~~~~~~~~~~~~~~~~~~~~~~~~~~~~~~~~~~~~~~~~~~~~~~~~~~~~~~~~~~~~~~~~~~~~~~~~~~~~~~~~~~~<\/p>\n<p><strong>**** WENN DER ANTRAGSTELLER UNTER 12 JAHRE ALT IST****<\/strong><\/p>\n<p>Es ist NICHT notwendig, zum Konsulat zu gehen, aber die folgenden Dokumente k\u00f6nnen <span style=\"text-decoration: underline;\"><strong>per Post<\/strong><\/span> an das <strong>italienische Konsulat in Freiburg, Augustinerplatz 2, 79098 Freiburg im Breisgau<\/strong>, geschickt werden:<\/p>\n<ol>\n<li>Ein <strong>Lichtbild<\/strong> mit folgenden Anforderungen: <a href=\"https:\/\/consfriburgo.esteri.it\/wp-content\/uploads\/2023\/09\/picture-instructions.pdf\">aktuell (nicht \u00e4lter als 6 Monate), frontal und in Farbe<\/a>;<\/li>\n<li><strong>Fotokopie<\/strong> <span style=\"text-decoration: underline;\">der Ausweispapiere der Eltern;<\/span><\/li>\n<li>EMPFANGSBESCHEINIGUNG F\u00dcR DIE BANK\u00dcBERWEISUNG (siehe <a href=\"https:\/\/consfriburgo.esteri.it\/wp-content\/uploads\/2025\/11\/bonifico.pdf\">Angaben des Konsulats f\u00fcr die Bank\u00fcberweisung<\/a>) in H\u00f6he von <strong>116,20 \u20ac<\/strong> pro Reisepass.<br \/>\nDer Betrag muss auf das Girokonto des italienischen Konsulats \u00fcberwiesen werden:<\/li>\n<\/ol>\n<p style=\"text-align: center;\"><strong>IBAN: DE 73 68070024 0065192703<\/strong><\/p>\n<p style=\"text-align: center;\">Kontonummer 065192703, BLZ 68070024<\/p>\n<p style=\"text-align: center;\">BIC\/SWIFT DEUTDEDBFRE<\/p>\n<p style=\"text-align: center;\">bei der Deutschen Bank Freiburg auf den Namen <strong>Konsulat der Italienischen Republik<\/strong>.<\/p>\n<p style=\"text-align: center;\"><strong>IM VERWENDUNGSZWECK SIND ANZUGEBEN<\/strong><\/p>\n<p style=\"text-align: center;\"><strong>DEN <span style=\"text-decoration: underline;\">NAMEN<\/span>, DEN <span style=\"text-decoration: underline;\">VORNAMEN<\/span> UND DAS <span style=\"text-decoration: underline;\">GEBURTSDATUM<\/span> DES ITALIENISCHEN STAATSB\u00dcRGERS, AN DEN DAS DOKUMENT GERICHTET IST.<\/strong><\/p>\n<p style=\"text-align: justify;\">\u00a0 \u00a0 \u00a04. f\u00fcr Kinder unter 12 Jahren einen <strong>vorfrankierten Umschlag mit 4,25 \u20ac<\/strong> f\u00fcr eventuelle Portokosten. <strong>Achtung: Bitte \u00fcberweisen Sie NICHT die\u00a0 \u00a0 \u00a0 \u00a0 \u00a0 \u00a0 \u00a0 \u00a0 \u00a0 \u00a0 \u00a0 \u00a0Portokosten!<\/strong><\/p>\n<p style=\"text-align: justify;\">Die oben genannte \u00dcberweisung muss <strong>mindestens 3 Tage vor<\/strong> Einreichung des Passantrags bei der Konsularstelle erfolgen und die Kopie der Zahlung muss am Tag des Termins mitgebracht werden.<\/p>\n<p style=\"text-align: justify;\"><span style=\"text-decoration: underline;\">Nur wenn eine \u00dcberweisung nicht m\u00f6glich ist<\/span>, k\u00f6nnen Sie mit Bargeldkarte (nur EC-Karte) oder in bar am Schalter bezahlen.<\/p>\n<article id=\"articolo_centro\" class=\"col-md-15 col-sm-15 padding_articolo item-page\" role=\"main\" aria-label=\"articolo\">\n<h4>WEITERE N\u00dcTZLICHE INFORMATIONEN<\/h4>\n<h5>G\u00dcLTIGKEIT UND KOSTEN<\/h5>\n<p>Die G\u00fcltigkeitsdauer eines Reisepasses\u00a0<strong>variiert<\/strong>\u00a0je nach Alter des Inhabers und betr\u00e4gt:<\/p>\n<ul>\n<li><strong>3 Jahre <\/strong>f\u00fcr Minderj\u00e4hrige im Alter zwischen 0 und 3 Jahre;<\/li>\n<li><strong>5 Jahre <\/strong>f\u00fcr Minderj\u00e4hrige im Alter zwischen 3 Jahren und dem Erreichen der Vollj\u00e4hrigkeit (18 Jahre);<\/li>\n<li><strong>10 Jahre <\/strong>ab einem Alter von 18 Jahren.<\/li>\n<\/ul>\n<p>Der Reisepass ist g\u00fcltig in allen L\u00e4ndern, deren Regierungen von der italienischen Regierung anerkannt werden.<\/p>\n<h5>RECHT AUF DRINGLICHKEIT<\/h5>\n<p style=\"text-align: justify;\">In nachweislich dringenden F\u00e4llen, in denen im Portal <a href=\"https:\/\/prenotami.esteri.it\/\">Prenot@mi<\/a> keine Pl\u00e4tze verf\u00fcgbar sind, k\u00f6nnen Sie, wenn die Umst\u00e4nde es zulassen, einen beschleunigten Reisepass beantragen, indem Sie die Dringlichkeitsgeb\u00fchr von zus\u00e4tzlich 50 \u20ac, also insgesamt 166,20 \u20ac, entrichten und den Nachweis der Dringlichkeit an folgende Adresse senden: <a href=\"mailto:friburgo.assistente@esteri.it\">friburgo.assistente@esteri.it<\/a>; <a href=\"mailto:passaporti.friburgo@esteri.it\">passaporti.friburgo@esteri.it<\/a>.<\/p>\n<p style=\"text-align: justify;\">Ihr Antrag wird gepr\u00fcft und Sie erhalten einen Termin, sobald wir einen freien Termin haben. Wir weisen Sie darauf hin, dass es sich hierbei um ein au\u00dferordentliches Verfahren handelt, das von der Bewertung der Umst\u00e4nde abh\u00e4ngt.<\/p>\n<h4>N\u00dcTZLICHE KONTAKTE<\/h4>\n<p>Tel.: <strong>0761 38661 41<\/strong><\/p>\n<p>Tel.: <strong>0761 38661 44<\/strong><\/p>\n<p>E-Mail: <a href=\"mailto:passaporti.friburgo@esteri.it\">passaporti.friburgo@esteri.it<\/a><\/p>\n<p>PEC: <a href=\"mailto:con.friburgo.pass@cert.esteri.it\">con.friburgo.pass@cert.esteri.it<\/a><\/p>\n<\/article>\n","protected":false},"excerpt":{"rendered":"WICHTIG UM EINEN TERMIN F\u00dcR DIE AUSSTELLUNG EINES REISEPASSES ZU BUCHEN, M\u00dcSSEN SIE SICH AUF DEM PRENOTAMI-PORTAL REGISTRIEREN UND BUCHEN: UM ZUM PORTAL ZU GELANGEN, KLICKEN SIE HIER &#8222;Prenot@mi&#8222; Es wird darauf hingewiesen, dass das Buchungssystem KOSTENFREI ist &nbsp; Videoanleitung PRENOT@MI &nbsp; DER TERMIN \u00dcBER DAS PORTAL &#8222;Prenot@mi&#8220; IST DER ERSTE SCHRITT ZUR BEWERBUNG EINES [&hellip;]","protected":false},"author":7,"featured_media":0,"parent":3212,"menu_order":3,"comment_status":"closed","ping_status":"closed","template":"","meta":{"footnotes":""},"class_list":["post-1251","page","type-page","status-publish","hentry"],"_links":{"self":[{"href":"https:\/\/consfriburgo.esteri.it\/de\/wp-json\/wp\/v2\/pages\/1251","targetHints":{"allow":["GET"]}}],"collection":[{"href":"https:\/\/consfriburgo.esteri.it\/de\/wp-json\/wp\/v2\/pages"}],"about":[{"href":"https:\/\/consfriburgo.esteri.it\/de\/wp-json\/wp\/v2\/types\/page"}],"author":[{"embeddable":true,"href":"https:\/\/consfriburgo.esteri.it\/de\/wp-json\/wp\/v2\/users\/7"}],"replies":[{"embeddable":true,"href":"https:\/\/consfriburgo.esteri.it\/de\/wp-json\/wp\/v2\/comments?post=1251"}],"version-history":[{"count":8,"href":"https:\/\/consfriburgo.esteri.it\/de\/wp-json\/wp\/v2\/pages\/1251\/revisions"}],"predecessor-version":[{"id":14652,"href":"https:\/\/consfriburgo.esteri.it\/de\/wp-json\/wp\/v2\/pages\/1251\/revisions\/14652"}],"up":[{"embeddable":true,"href":"https:\/\/consfriburgo.esteri.it\/de\/wp-json\/wp\/v2\/pages\/3212"}],"wp:attachment":[{"href":"https:\/\/consfriburgo.esteri.it\/de\/wp-json\/wp\/v2\/media?parent=1251"}],"curies":[{"name":"wp","href":"https:\/\/api.w.org\/{rel}","templated":true}]}}