{"id":1256,"date":"2023-04-28T11:11:37","date_gmt":"2023-04-28T09:11:37","guid":{"rendered":"https:\/\/consfriburgo.esteri.it\/servizi-consolari-e-visti\/servizi-per-il-cittadino-italiano\/pasaaporti\/domande-frequenti-passaporti\/"},"modified":"2025-11-25T14:57:26","modified_gmt":"2025-11-25T13:57:26","slug":"domande-frequenti-passaporti","status":"publish","type":"page","link":"https:\/\/consfriburgo.esteri.it\/de\/servizi-consolari-e-visti\/servizi-per-il-cittadino-italiano\/personalausweis-und-reisepass\/pasaaporti\/domande-frequenti-passaporti\/","title":{"rendered":"H\u00e4ufig gestellte Fragen &#8211; Reisep\u00e4sse"},"content":{"rendered":"<ol>\n<li style=\"text-align: justify;\"><strong>Wer kann einen Reisepass beantragen?<\/strong><br \/>\nNur italienische Staatsb\u00fcrger k\u00f6nnen einen Reisepass beantragen; ein Mindestalter f\u00fcr die Ausstellung eines Reisepasses gibt es nicht.<\/li>\n<li style=\"text-align: justify;\"><strong>Muss ich, wenn ich eine doppelte Staatsb\u00fcrgerschaft habe (italienische und deutsche), unbedingt auch einen italienischen Pass besitzen, um meine Staatsb\u00fcrgerschaft zu behalten?<\/strong><br \/>\nNein. Der Besitz eines italienischen Reisepasses ist keine Verpflichtung. Ohne Pass verlieren Sie Ihre italienische Staatsb\u00fcrgerschaft nicht.<\/li>\n<li style=\"text-align: justify;\"><strong>Kann ich sowohl einen Reisepass als auch einen italienischen Personalausweis besitzen?<\/strong><br \/>\nJa, das eine schlie\u00dft das andere nicht aus, da es sich um Dokumente handelt, die f\u00fcr unterschiedliche Zwecke ausgestellt werden.<\/li>\n<li style=\"text-align: justify;\"><strong>Wie hoch sind die Kosten?<\/strong><br \/>\nF\u00fcr die Ausstellung eines Reisepasses sind ein Passheft und eine Verwaltungsgeb\u00fchr in H\u00f6he von insgesamt 116,20 \u20ac zu entrichten.<\/li>\n<li style=\"text-align: justify;\"><strong>Wie lange ist die Wartezeit?<\/strong><br \/>\nDie Ausstellung des Reisepasses dauert in der Regel, au\u00dfer in besonders dringenden F\u00e4llen, nicht l\u00e4nger als 30 Tage, je nach der Anzahl der vom Amt zu bearbeitenden Antr\u00e4ge.<\/li>\n<li style=\"text-align: justify;\"><strong>In besonders dringenden F\u00e4llen?<\/strong><br \/>\nIn besonders dringenden F\u00e4llen und wenn die Unterlagen vollst\u00e4ndig sind und dem Konsulat ordnungsgem\u00e4\u00df vorgelegt wurden, kann die Ausstellung eines Reisepasses innerhalb von 24 Stunden beantragt werden, wobei eine zus\u00e4tzliche Geb\u00fchr von 50 \u20ac f\u00fcr die Dringlichkeit erhoben wird. Werden die Unterlagen als unvollst\u00e4ndig erachtet, kann die Ausstellung des Dokuments nicht vorgenommen werden.<\/li>\n<li style=\"text-align: justify;\"><strong>Muss ich unbedingt im Bezirk Freiburg wohnen?<\/strong><br \/>\nIn ausdr\u00fccklich begr\u00fcndeten Ausnahmef\u00e4llen k\u00f6nnen P\u00e4sse auch an italienische Staatsangeh\u00f6rige mit Wohnsitz in anderen Konsularbezirken oder in Italien ausgestellt werden; in diesen F\u00e4llen muss jedoch eine Genehmigung der f\u00fcr den Wohnsitz zust\u00e4ndigen Beh\u00f6rde (Questura oder konsularische Vertretung) eingeholt werden, und die Bearbeitung dauert l\u00e4nger.<\/li>\n<li style=\"text-align: justify;\"><strong>Muss ich mich unbedingt an das Konsulat wenden?<\/strong><br \/>\nJa, es ist notwendig, das Konsulat aufzusuchen, um die biometrischen Daten zu erfassen. Es ist jedoch nicht erforderlich, das Konsulat aufzusuchen, um das Dokument abzuholen, da es per Post zugeschickt werden kann (siehe Anweisungen).<\/li>\n<li style=\"text-align: justify;\"><strong>Ich bin verheiratet. Kann ich den Nachnamen meines Mannes in meinen Pass eintragen, wie in Deutschland?<\/strong><br \/>\nNein, es ist nicht m\u00f6glich, den Nachnamen Ihres Ehepartners anstelle Ihres eigenen Nachnamens einzutragen. Ihr M\u00e4dchenname wird eingetragen. Der Nachname Ihres Ehemanns kann unter &#8222;verheiratet&#8220; eingetragen werden.<\/li>\n<li style=\"text-align: justify;\"><strong>Wird der Name meines minderj\u00e4hrigen Kindes in meinen Reisepass eingetragen?<\/strong><br \/>\nNein. Ein Reisepass ist ein pers\u00f6nliches Dokument.<\/li>\n<li><strong>Wenn ich einen Reisepass beantrage und minderj\u00e4hrige Kinder habe, was muss ich mitbringen?<br \/>\n<\/strong><\/li>\n<\/ol>\n<p style=\"text-align: center;\"><strong>Achtung neues Verfahren &#8211; P\u00e4sse und CIE &#8211; Zustimmung des anderen Elternteils<\/strong><\/p>\n<p style=\"text-align: justify;\">Staatsangeh\u00f6rige, die Eltern von minderj\u00e4hrigen Kindern sind, werden dar\u00fcber informiert, dass ab dem 14. Juni 2023 f\u00fcr die Ausstellung ihres Ausweises (Pass und CIE) gem\u00e4\u00df Art. 20 des Gesetzesdekrets 69\/2023 <strong>nicht mehr die Zustimmung des anderen Elternteils vorgelegt<\/strong> werden muss.<\/p>\n<p style=\"text-align: justify;\">Der Passantragsteller, der minderj\u00e4hrige Kinder hat, muss gem\u00e4\u00df Art. 46 und 47 des Pr\u00e4sidialdekrets 445\/2000 in eigener Verantwortung bescheinigen, dass keine <a href=\"https:\/\/consfriburgo.esteri.it\/wp-content\/uploads\/2023\/06\/Dichiarazione_assenza_ostative_passaporto.pdf\">Hemmungen<\/a> bestehen, d.h. dass er nicht anderweitig gerichtlichen Anordnungen unterliegt, die die Ausstellung des Passes verhindern.<\/p>\n<p style=\"text-align: justify;\">Wenn eine konkrete und aktuelle Gefahr besteht, dass sich der Elternteil eines minderj\u00e4hrigen Kindes durch den Umzug ins Ausland der Erf\u00fcllung seiner Verpflichtungen gegen\u00fcber seinen Kindern entzieht, kann die andere Partei eine einstweilige Verf\u00fcgung gegen die Ausstellung des Dokuments beantragen (Artikel 3-bis des Gesetzes 1185\/1967). Der Antrag kann bei dem zust\u00e4ndigen Richter des ordentlichen Gerichts eingereicht werden, in dessen Bezirk das Kind seinen gew\u00f6hnlichen Aufenthalt hat, oder, wenn das Kind im Ausland wohnt, bei dem Gericht, in dessen Bezirk sein AIRE-Registerbezirk liegt.<\/p>\n","protected":false},"excerpt":{"rendered":"Wer kann einen Reisepass beantragen? Nur italienische Staatsb\u00fcrger k\u00f6nnen einen Reisepass beantragen; ein Mindestalter f\u00fcr die Ausstellung eines Reisepasses gibt es nicht. Muss ich, wenn ich eine doppelte Staatsb\u00fcrgerschaft habe (italienische und deutsche), unbedingt auch einen italienischen Pass besitzen, um meine Staatsb\u00fcrgerschaft zu behalten? Nein. Der Besitz eines italienischen Reisepasses ist keine Verpflichtung. Ohne Pass [&hellip;]","protected":false},"author":7,"featured_media":0,"parent":1251,"menu_order":0,"comment_status":"closed","ping_status":"closed","template":"","meta":{"footnotes":""},"class_list":["post-1256","page","type-page","status-publish","hentry"],"_links":{"self":[{"href":"https:\/\/consfriburgo.esteri.it\/de\/wp-json\/wp\/v2\/pages\/1256","targetHints":{"allow":["GET"]}}],"collection":[{"href":"https:\/\/consfriburgo.esteri.it\/de\/wp-json\/wp\/v2\/pages"}],"about":[{"href":"https:\/\/consfriburgo.esteri.it\/de\/wp-json\/wp\/v2\/types\/page"}],"author":[{"embeddable":true,"href":"https:\/\/consfriburgo.esteri.it\/de\/wp-json\/wp\/v2\/users\/7"}],"replies":[{"embeddable":true,"href":"https:\/\/consfriburgo.esteri.it\/de\/wp-json\/wp\/v2\/comments?post=1256"}],"version-history":[{"count":6,"href":"https:\/\/consfriburgo.esteri.it\/de\/wp-json\/wp\/v2\/pages\/1256\/revisions"}],"predecessor-version":[{"id":14627,"href":"https:\/\/consfriburgo.esteri.it\/de\/wp-json\/wp\/v2\/pages\/1256\/revisions\/14627"}],"up":[{"embeddable":true,"href":"https:\/\/consfriburgo.esteri.it\/de\/wp-json\/wp\/v2\/pages\/1251"}],"wp:attachment":[{"href":"https:\/\/consfriburgo.esteri.it\/de\/wp-json\/wp\/v2\/media?parent=1256"}],"curies":[{"name":"wp","href":"https:\/\/api.w.org\/{rel}","templated":true}]}}