{"id":1265,"date":"2023-03-29T14:18:53","date_gmt":"2023-03-29T12:18:53","guid":{"rendered":"https:\/\/consfriburgo.esteri.it\/servizi-consolari-e-visti\/servizi-per-il-cittadino-italiano\/notarile\/"},"modified":"2026-01-30T09:59:06","modified_gmt":"2026-01-30T08:59:06","slug":"notarile","status":"publish","type":"page","link":"https:\/\/consfriburgo.esteri.it\/de\/servizi-consolari-e-visti\/servizi-per-il-cittadino-italiano\/notarile\/","title":{"rendered":"Notariat"},"content":{"rendered":"<p><strong>I. BEGLAUBIGUNGEN UND LEGALISIERUNGEN<\/strong><br \/>\n1. \u00dcbersetzungen<\/p>\n<p>Die \u00dcbersetzungen m\u00fcssen von einem vereidigten \u00dcbersetzer angefertigt werden; eine Liste der vereidigten \u00dcbersetzer finden Sie im Abschnitt \u201eVordrucke und Datenbanken\u201c <a href=\"https:\/\/consfriburgo.esteri.it\/wp-content\/uploads\/2025\/11\/2025-11-12-elenco_traduttori_giurati.pdf\">2025-11-12-elenco_traduttori_giurati.pdf<\/a><\/p>\n<p>Die \u00dcbersetzung muss an das Konsulat geschickt werden, das die Unterschrift und den Stempel des \u00dcbersetzers legalisiert. Die Unterlagen m\u00fcssen auf dem Postweg zusammen mit einem vorfrankierten Umschlag, der beigef\u00fcgt wird, verschickt werden, wobei f\u00fcr jede Legalisierung 24,00 \u20ac auf das Bankkonto des Konsulats einzuzahlen sind -&gt;<a href=\"https:\/\/consfriburgo.esteri.it\/wp-content\/uploads\/2023\/03\/61696_f_cons57versamento.jpg\">\u00a0siehe Bankverbindung<\/a><\/p>\n<ol start=\"2\">\n<li>Administrative Beglaubigung der Unterschrift<\/li>\n<\/ol>\n<p>Das Pr\u00e4sidialdekret Nr. 445 vom 28. Dezember 2000 sieht vor, dass die Unterschrift auf Antr\u00e4gen oder Erkl\u00e4rungen, die an die \u00f6ffentliche Verwaltung oder an Verantwortliche des \u00f6ffentlichen Dienstes gerichtet sind, f\u00fcr italienische oder EU-B\u00fcrger und Ausl\u00e4nder, die sich regelm\u00e4\u00dfig in Italien aufhalten (Art. 3), nicht mehr beglaubigt werden muss, sondern es gen\u00fcgt, eine Kopie eines g\u00fcltigen Ausweises des Unterzeichners beizuf\u00fcgen. Andererseits bleibt die Beglaubigung auch f\u00fcr die in Art. 3 genannten Personen bei Antr\u00e4gen an Privatpersonen oder zur Erlangung wirtschaftlicher Vorteile von Dritten (z. B. bei Vollmachten f\u00fcr den Bezug von Renten, die \u00dcbertragung des Eigentums an Fahrzeugen, die Er\u00f6ffnung eines Bankkontos usw.) erforderlich. In diesem Fall ist es unabdingbar, vorher einen Termin beim Konsulat zu vereinbaren. F\u00fcr Ausl\u00e4nder, die sich nicht rechtm\u00e4\u00dfig in Italien aufhalten und keine B\u00fcrger der Europ\u00e4ischen Union sind, ist immer eine amtliche Beglaubigung erforderlich.<\/p>\n<p>Geb\u00fchr: 20,00 \u20ac pro Beglaubigung, zu zahlen mindestens 3 Werktage vor dem Termin der Vorlage beim Konsulat \u2013&gt;<a href=\"https:\/\/consfriburgo.esteri.it\/wp-content\/uploads\/2023\/03\/61696_f_cons57versamento.jpg\">\u00a0siehe Bankverbindung<\/a><\/p>\n<ol start=\"3\">\n<li>Beglaubigung eines Lichtbildes<\/li>\n<\/ol>\n<p>Der Interessent muss sich mit einem Ausweisdokument und zwei identischen Passbildern nach Terminvereinbarung an das Konsulat wenden.<\/p>\n<p>Kosten: Bank\u00fcberweisung von 41,00 \u20ac, die mindestens 3 Werktage vor dem Termin im Konsulat eingegangen sein muss \u2013&gt;<a href=\"https:\/\/consfriburgo.esteri.it\/wp-content\/uploads\/2023\/03\/61696_f_cons57versamento.jpg\">\u00a0siehe Bankverbindung<\/a><\/p>\n<ol start=\"4\">\n<li>Beglaubigte Kopien des Originals<\/li>\n<\/ol>\n<p>Antr\u00e4ge auf Beglaubigung von Kopien von Dokumenten k\u00f6nnen nach Terminvereinbarung bei diesem Konsulat eingereicht werden.<\/p>\n<p>Um die Beglaubigung zu erhalten, muss Folgendes vorgelegt werden:<\/p>\n<p>\u2013 Ausweis des Antragstellers oder schriftliche Vollmacht mit einer Fotokopie des Ausweises der beauftragenden Person<\/p>\n<p>\u2013 Originaldokumente und zu beglaubigende Fotokopie(n)<\/p>\n<p>\u2013 Kopie der \u00dcberweisung, die mindestens 3 Arbeitstage vor dem Termin im Konsulat zu leisten ist.<\/p>\n<p>Der Beglaubigungsdienst kostet f\u00fcr jedes zu beglaubigende Blatt (Vorder-\/R\u00fcckseite) 10 \u20ac pro Blatt, au\u00dfer in gesetzlich vorgesehenen F\u00e4llen der Unentgeltlichkeit, f\u00fcr die Belege vorgelegt werden m\u00fcssen. \u2013&gt;\u00a0<a href=\"https:\/\/consfriburgo.esteri.it\/wp-content\/uploads\/2023\/03\/61696_f_cons57versamento.jpg\">siehe Bankverbindung<\/a><\/p>\n<p><strong>II. ANDERE NOTARIELLE DOKUMENTE<\/strong><\/p>\n<p>Mit dem Erlass des Au\u00dfenministers vom 31.10.2011, eingetragen beim Rechnungshof am 06.12.2011, wurde angeordnet, dass die Konsulate in Deutschland, \u00d6sterreich, Belgien, Frankreich, und Lettland ab dem 1. Januar 2012 KEINE notariellen Aufgaben mehr wahrnehmen, da die Notariate dieser L\u00e4nder der Internationalen Notariellen Union (U. I.N.L.) beigetreten sind und die Erkl\u00e4rung gem\u00e4\u00df Art. 6 des Br\u00fcsseler \u00dcbereinkommens vom 25.05.1987 \u00fcber die Befreiung von der Legalisierung von Urkunden in den EWG-Mitgliedstaaten abgegeben oder diesbez\u00fcglich bilaterale Abkommen mit Italien geschlossen haben.<\/p>\n<p>Die Leiter der konsularischen Vertretungen in den genannten L\u00e4ndern nehmen in jedem Fall weiterhin \u00f6ffentliche, geheime oder internationale Testamente auf Antrag italienischer B\u00fcrger entgegen.<\/p>\n<p>In Anbetracht der neuen Bestimmungen muss man sich ab dem 1. Januar 2012 f\u00fcr notarielle Urkunden an einen Notar wenden und wie folgt vorgehen:<\/p>\n<ul>\n<li>Lassen Sie sich die Vollmacht von einem italienischen Notar in Form einer vollst\u00e4ndig ausgef\u00fcllten privaten Urkunde ausstellen;<\/li>\n<li>mit der Vollmacht in italienischer Sprache (ohne deutsche \u00dcbersetzung) gehen Sie zu einem deutschen Notar, um Ihre Unterschrift beglaubigen zu lassen. Eine Liste der deutschen Notare finden Sie auf der Website\u00a0<a href=\"http:\/\/www.deutsche-notarauskunft.de\/\">deutsche-notarauskunft.de<\/a>;<\/li>\n<li>Unterschrift und Stempel des vereidigten \u00dcbersetzers m\u00fcssen vom zust\u00e4ndigen Konsulat legalisiert werden. Die Liste der vereidigten \u00dcbersetzer finden Sie unter \u201eVordrucke und Datenbanken\u201c <a href=\"https:\/\/consfriburgo.esteri.it\/wp-content\/uploads\/2025\/11\/2025-11-12-elenco_traduttori_giurati.pdf\">2025-11-12-elenco_traduttori_giurati.pdf<\/a><\/li>\n<li>Die Unterlagen m\u00fcssen auf dem Postweg zusammen mit einem vorfrankierten Umschlag, der den Unterlagen beigef\u00fcgt ist, an das Konsulat geschickt werden, wobei f\u00fcr jede Legalisierung 24,00 \u20ac auf das Bankkonto des Konsulats zu zahlen sind \u2013&gt;\u00a0<a href=\"https:\/\/consfriburgo.esteri.it\/wp-content\/uploads\/2023\/03\/61696_f_cons57versamento.jpg\">siehe Bankverbindung<\/a><\/li>\n<\/ul>\n<p>&nbsp;<\/p>\n<p>KONTAKTE<\/p>\n<p>E-Mail: notarile.friburgo@esteri.it<\/p>\n<p>Tel.: 0761\/38661-43<\/p>\n","protected":false},"excerpt":{"rendered":"I. BEGLAUBIGUNGEN UND LEGALISIERUNGEN 1. \u00dcbersetzungen Die \u00dcbersetzungen m\u00fcssen von einem vereidigten \u00dcbersetzer angefertigt werden; eine Liste der vereidigten \u00dcbersetzer finden Sie im Abschnitt \u201eVordrucke und Datenbanken\u201c 2025-11-12-elenco_traduttori_giurati.pdf Die \u00dcbersetzung muss an das Konsulat geschickt werden, das die Unterschrift und den Stempel des \u00dcbersetzers legalisiert. Die Unterlagen m\u00fcssen auf dem Postweg zusammen mit einem vorfrankierten [&hellip;]","protected":false},"author":7,"featured_media":0,"parent":164,"menu_order":8,"comment_status":"closed","ping_status":"closed","template":"","meta":{"footnotes":""},"class_list":["post-1265","page","type-page","status-publish","hentry"],"_links":{"self":[{"href":"https:\/\/consfriburgo.esteri.it\/de\/wp-json\/wp\/v2\/pages\/1265","targetHints":{"allow":["GET"]}}],"collection":[{"href":"https:\/\/consfriburgo.esteri.it\/de\/wp-json\/wp\/v2\/pages"}],"about":[{"href":"https:\/\/consfriburgo.esteri.it\/de\/wp-json\/wp\/v2\/types\/page"}],"author":[{"embeddable":true,"href":"https:\/\/consfriburgo.esteri.it\/de\/wp-json\/wp\/v2\/users\/7"}],"replies":[{"embeddable":true,"href":"https:\/\/consfriburgo.esteri.it\/de\/wp-json\/wp\/v2\/comments?post=1265"}],"version-history":[{"count":6,"href":"https:\/\/consfriburgo.esteri.it\/de\/wp-json\/wp\/v2\/pages\/1265\/revisions"}],"predecessor-version":[{"id":14963,"href":"https:\/\/consfriburgo.esteri.it\/de\/wp-json\/wp\/v2\/pages\/1265\/revisions\/14963"}],"up":[{"embeddable":true,"href":"https:\/\/consfriburgo.esteri.it\/de\/wp-json\/wp\/v2\/pages\/164"}],"wp:attachment":[{"href":"https:\/\/consfriburgo.esteri.it\/de\/wp-json\/wp\/v2\/media?parent=1265"}],"curies":[{"name":"wp","href":"https:\/\/api.w.org\/{rel}","templated":true}]}}