{"id":1279,"date":"2023-05-08T17:29:12","date_gmt":"2023-05-08T15:29:12","guid":{"rendered":"https:\/\/consfriburgo.esteri.it\/servizi-consolari-e-visti\/servizi-per-il-cittadino-italiano\/ufficio-scuola\/domande-frequenti-ufficio-scuola\/"},"modified":"2023-11-27T10:53:30","modified_gmt":"2023-11-27T09:53:30","slug":"domande-frequenti-ufficio-scuola","status":"publish","type":"page","link":"https:\/\/consfriburgo.esteri.it\/de\/servizi-consolari-e-visti\/servizi-per-il-cittadino-italiano\/ufficio-scuola\/domande-frequenti-ufficio-scuola\/","title":{"rendered":"H\u00e4ufig gestellte Fragen &#8211; Schulabteilung"},"content":{"rendered":"<p style=\"text-align: justify;\"><strong>Organisiert das Konsulat Kurse zur italienischen Sprache und Kultur?<\/strong><\/p>\n<p style=\"text-align: justify;\">Ja, das Konsulat organisiert italienische Sprach- und Kulturkurse, sowohl mit Hilfe von Mitarbeitern des Au\u00dfenministeriums, die in diesem Bezirk t\u00e4tig sind, als auch mit Hilfe von Verwaltungsorganisationen.<\/p>\n<p style=\"text-align: justify;\"><strong>An wen richten sich diese Kurse?<\/strong><\/p>\n<p style=\"text-align: justify;\">Sie richten sich an Sch\u00fclerinnen und Sch\u00fcler aller Stufen, die die italienische Sprache und Kultur erlernen oder ihre Kenntnisse vertiefen m\u00f6chten.<\/p>\n<p style=\"text-align: justify;\"><strong>Wann finden die Kurse statt?<\/strong><\/p>\n<p style=\"text-align: justify;\">Je nach Schule finden die Kurse nachmittags statt, wenn es sich um au\u00dferschulische Aktivit\u00e4ten handelt, und dauern im Durchschnitt eineinhalb Stunden pro Woche, oder sie sind Teil der Arbeitsgemeinschaften und finden w\u00e4hrend der Schulzeit statt.<\/p>\n<p style=\"text-align: justify;\">Die Kurse erstrecken sich \u00fcber das gesamte Schuljahr.<\/p>\n<p style=\"text-align: justify;\"><strong>Wann ben\u00f6tige ich eine Wertigkeitsbescheinigung?<\/strong><\/p>\n<p style=\"text-align: justify;\">Eine Wertigkeitserkl\u00e4rung ist erforderlich, wenn Sie eine im Konsularbezirk Freiburg erworbene Qualifikation besitzen und diese in Italien zu Studien- oder Arbeitszwecken anerkennen lassen m\u00f6chten.<\/p>\n<p style=\"text-align: justify;\"><strong>Wie kann ich eine Wertigkeitsbescheinigung\u00a0 beantragen?<\/strong><\/p>\n<p style=\"text-align: justify;\">Bitte befolgen Sie die Anweisungen auf der Website unter Wertigkeitsbescheiningung:<\/p>\n<p style=\"text-align: justify;\"><a href=\"https:\/\/consfriburgo.esteri.it\/wp-content\/uploads\/2023\/03\/foglio_info_dich_di_valore.pdf\">Infoblatt<\/a> und <a href=\"https:\/\/consfriburgo.esteri.it\/wp-content\/uploads\/2023\/03\/richiesta_dichiarazione_di_valore2.pdf\">Formular zur Wertigkeitsbescheinigung<\/a><\/p>\n<p style=\"text-align: justify;\">Bitte beachten Sie, dass Sie das entsprechende Antragsformular, den Titel im Original oder in beglaubigter Kopie, die \u00dcbersetzung eines in der entsprechenden <a href=\"https:\/\/consfriburgo.esteri.it\/wp-content\/uploads\/2023\/03\/2023_01_23_elenco_traduttori_giurati.pdf\">Konsularliste<\/a> eingetragenen \u00dcbersetzers und eine Kopie eines g\u00fcltigen Ausweises vorlegen m\u00fcssen.<\/p>\n<p style=\"text-align: justify;\"><strong>Gibt das Konsulat Erkl\u00e4rungen zur Gleichwertigkeit von Titeln ab?<\/strong><\/p>\n<p style=\"text-align: justify;\">Nein. Die Gleichwertigkeit muss bei einem zust\u00e4ndigen territorialen Schulamt in Italien oder beim <a href=\"https:\/\/www.miur.gov.it\/web\/guest\/ricerca?q=equipollenza&amp;scope=this-site\">Ministerium f\u00fcr Bildung<\/a> (MIM) beantragt werden, je nachdem, f\u00fcr welchen Abschluss der Antrag gestellt wird. Bitte beachten Sie, dass f\u00fcr den Antrag die vom Konsulat ausgestellte Wertigkeitserkl\u00e4rung vorgelegt werden muss.<\/p>\n<p style=\"text-align: justify;\"><strong>Ich habe einen italienischen akademischen und\/oder beruflichen Abschluss. Wird er in Deutschland anerkannt?<\/strong><\/p>\n<p style=\"text-align: justify;\">F\u00fcr die Anerkennung italienischer Abschl\u00fcsse ist es erforderlich, sich an die zust\u00e4ndige <a href=\"https:\/\/www.miur.gov.it\/web\/guest\/ricerca?q=equipollenza&amp;scope=this-site\">Anerkennungsstelle f\u00fcr ausl\u00e4ndische Abschl\u00fcsse in Baden-W\u00fcrttemberg<\/a> zu wenden:<\/p>\n<p style=\"text-align: justify;\"><strong>Gew\u00e4hrt das Konsulat Stipendien?<\/strong><\/p>\n<p style=\"text-align: justify;\">Nein. Durch Abkommen mit deutschen Hochschulen k\u00f6nnen italienische Hochschulen Stipendien f\u00fcr Spezialisierungskurse in Italien gew\u00e4hren.<\/p>\n<p style=\"text-align: justify;\">\n","protected":false},"excerpt":{"rendered":"Organisiert das Konsulat Kurse zur italienischen Sprache und Kultur? Ja, das Konsulat organisiert italienische Sprach- und Kulturkurse, sowohl mit Hilfe von Mitarbeitern des Au\u00dfenministeriums, die in diesem Bezirk t\u00e4tig sind, als auch mit Hilfe von Verwaltungsorganisationen. An wen richten sich diese Kurse? Sie richten sich an Sch\u00fclerinnen und Sch\u00fcler aller Stufen, die die italienische Sprache [&hellip;]","protected":false},"author":7,"featured_media":0,"parent":1210,"menu_order":13,"comment_status":"closed","ping_status":"closed","template":"","meta":{"footnotes":""},"class_list":["post-1279","page","type-page","status-publish","hentry"],"_links":{"self":[{"href":"https:\/\/consfriburgo.esteri.it\/de\/wp-json\/wp\/v2\/pages\/1279","targetHints":{"allow":["GET"]}}],"collection":[{"href":"https:\/\/consfriburgo.esteri.it\/de\/wp-json\/wp\/v2\/pages"}],"about":[{"href":"https:\/\/consfriburgo.esteri.it\/de\/wp-json\/wp\/v2\/types\/page"}],"author":[{"embeddable":true,"href":"https:\/\/consfriburgo.esteri.it\/de\/wp-json\/wp\/v2\/users\/7"}],"replies":[{"embeddable":true,"href":"https:\/\/consfriburgo.esteri.it\/de\/wp-json\/wp\/v2\/comments?post=1279"}],"version-history":[{"count":6,"href":"https:\/\/consfriburgo.esteri.it\/de\/wp-json\/wp\/v2\/pages\/1279\/revisions"}],"predecessor-version":[{"id":3787,"href":"https:\/\/consfriburgo.esteri.it\/de\/wp-json\/wp\/v2\/pages\/1279\/revisions\/3787"}],"up":[{"embeddable":true,"href":"https:\/\/consfriburgo.esteri.it\/de\/wp-json\/wp\/v2\/pages\/1210"}],"wp:attachment":[{"href":"https:\/\/consfriburgo.esteri.it\/de\/wp-json\/wp\/v2\/media?parent=1279"}],"curies":[{"name":"wp","href":"https:\/\/api.w.org\/{rel}","templated":true}]}}