{"id":1289,"date":"2023-05-09T11:46:06","date_gmt":"2023-05-09T09:46:06","guid":{"rendered":"https:\/\/consfriburgo.esteri.it\/servizi-consolari-e-visti\/servizi-per-il-cittadino-italiano\/ufficio-scuola\/eventi-ed-attivita-ufficio-scuola\/"},"modified":"2023-11-27T10:49:43","modified_gmt":"2023-11-27T09:49:43","slug":"eventi-ed-attivita-ufficio-scuola","status":"publish","type":"page","link":"https:\/\/consfriburgo.esteri.it\/de\/servizi-consolari-e-visti\/servizi-per-il-cittadino-italiano\/ufficio-scuola\/eventi-ed-attivita-ufficio-scuola\/","title":{"rendered":"Veranstaltungen und Aktivit\u00e4ten der Schulabteilung"},"content":{"rendered":"<article id=\"articolo_centro\" class=\"col-md-19 col-sm-19 padding_articolo item-page\" role=\"main\" aria-label=\"articolo\">\n<div>\n<p style=\"text-align: justify;\"><strong>21. 10 .2022 &#8211; XXII WOCHE DER ITALIENISCHEN SPRACHE IN DER WELT &#8211; TREFFEN MIT DER AUTORIN CATIA PROIETTI<\/strong><\/p>\n<p style=\"text-align: justify;\">Anl\u00e4sslich der 22. Woche der italienischen Sprache in der Welt wurde in Zusammenarbeit mit dem Vivace e V. Freiburg in der Grundschule &#8222;Am Kohlenbach&#8220; in Kollnau, in der vier deutsch-italienische bilinguale Klassen t\u00e4tig sind, ein Treffen mit Catia Proietti, Autorin des Buches &#8222;Storia di Iqbal&#8220;, organisiert.<\/p>\n<p style=\"text-align: justify;\">Die italienischen Ministeriallehrerinnen Giusy Pappalardo und Claudia Rubatscher haben mit ihren Klassen, den Klassen III A und IV A, zum Thema gearbeitet.<\/p>\n<p style=\"text-align: justify;\">Der Autor sprach vor den Klassen \u00fcber Kinderrechte und Tr\u00e4ume. Am Ende schrieb jedes M\u00e4dchen und jeder Junge seinen Traum auf einen Schmetterling. Alle Schmetterlinge wurden auf einem Plakat, dem &#8222;Traumplakat&#8220;, zusammengestellt.<\/p>\n<p style=\"text-align: justify;\">Die lokale Wochenzeitung Elzt\u00e4ler Wochenbericht vom 3. November 2022 berichtete ebenfalls \u00fcber diese Aktion.<\/p>\n<p style=\"text-align: justify;\"><strong>_______________________________________________________________________________<\/strong><\/p>\n<p style=\"text-align: justify;\"><strong>17.11.2022 &#8211; VII WOCHE DER ITALIENISCHEN SPRACHE UND K\u00dcCHE IN DER WELT &#8211; KOCHWORKSHOP<\/strong><\/p>\n<p style=\"text-align: justify;\">Anl\u00e4sslich der 7. Woche der italienischen K\u00fcche in der Welt organisierte die Ministeriallehrerin <strong>Barbara Marino<\/strong> eine Kochaktion. Zwei Kurse waren daran beteiligt: die der <strong>Clara-Grunwald-Schule<\/strong> und der <strong>Karlschule<\/strong>, beide in Freiburg im Breisgau.<\/p>\n<p style=\"text-align: justify;\">Ausgehend von den Vorschriften in italienischer Sprache, wobei die Namen der Zutaten und der Unterschied zwischen Hart- und Weichweizen\u00e4hren im Mittelpunkt standen, wurden im Unterricht &#8222;Cavatelli&#8220;, eine sehr alte, aus Molise stammende Nudelsorte, hergestellt. Cavatelli&#8220; sind kleine Gnocchi aus Hartweizengrie\u00df und Wasser, die ausschlie\u00dflich von Hand hergestellt werden.<\/p>\n<p style=\"text-align: justify;\">Der Name beschreibt ihre hohle Form, um So\u00dfe und Gew\u00fcrze aufzufangen. Sie sind &#8222;strascinata&#8220;, wie man in einigen s\u00fcdlichen Dialekten sagt, um die Geste zu beschreiben, mit der man die Nudeln \u00fcber die Arbeitsfl\u00e4che zieht.<\/p>\n<p style=\"text-align: justify;\">Eine unterhaltsame Art, die italienische Sprache zu lernen und gleichzeitig die vielen kulinarischen Traditionen des Bel Paese kennenzulernen!<\/p>\n<p style=\"text-align: justify;\">____________________________________________________________________________________<\/p>\n<p style=\"text-align: justify;\"><strong>13.12.2022 &#8211; WEIHNACHTEN 2022: BASTELN DER KLASSE 3A DER GRUNDSCHULE AM KOHLENBACH IN KOLLNAU\/WALDKIRCH<\/strong><\/p>\n<p style=\"text-align: justify;\">Weihnachten ist, wie wir wissen, eine magische und besondere Zeit. In der Schule laufen die Vorbereitungen f\u00fcr die Feierlichkeiten vor Beginn der Weihnachtsferien auf Hochtouren.<\/p>\n<p style=\"text-align: justify;\">Die zweisprachige deutsch-italienische Klasse 3A der <strong>Grundschule am Kohlenbach in Kollnau\/Waldkirch<\/strong> hat zusammen mit ihrem Italienisch-Ministeriallehrer <strong>Giusy Pappalardo<\/strong> wundersch\u00f6ne Bastelarbeiten zum Thema &#8222;Dreik\u00f6nig&#8220; angefertigt.<\/p>\n<p style=\"text-align: justify;\">_____________________________________________________________________________________<\/p>\n<p style=\"text-align: justify;\"><strong>20.12.2022 : WEIHNACHTEN 2022 &#8211; WEIHNACHTSLIEDER AUF ITALIENISCH VON DEN VIER ZWEISPRACHIGEN ITALIENISCH &#8211; DEUTSCHEN KLASSEN DER MURGTALSCHULE GRUNDSCHULE<\/strong><\/p>\n<p style=\"text-align: justify;\">Auch die <strong>Murgtalschule<\/strong> in Murg wollte sich die Weihnachtsfeierlichkeiten vor den Ferien nicht entgehen lassen. Die vier Klassen f\u00fchrten unter der Leitung der Ministerial-Italienischlehrerinnen <strong>Fina Tramontana<\/strong> und <strong>Dora Giarra<\/strong> ein wundersch\u00f6nes Lied auf Italienisch auf: &#8222;Girotondo di Natale&#8220;.<\/p>\n<\/div>\n<hr \/>\n<div class=\"row\" style=\"text-align: justify;\"><\/div>\n<\/article>\n","protected":false},"excerpt":{"rendered":"21. 10 .2022 &#8211; XXII WOCHE DER ITALIENISCHEN SPRACHE IN DER WELT &#8211; TREFFEN MIT DER AUTORIN CATIA PROIETTI Anl\u00e4sslich der 22. Woche der italienischen Sprache in der Welt wurde in Zusammenarbeit mit dem Vivace e V. Freiburg in der Grundschule &#8222;Am Kohlenbach&#8220; in Kollnau, in der vier deutsch-italienische bilinguale Klassen t\u00e4tig sind, ein Treffen [&hellip;]","protected":false},"author":7,"featured_media":0,"parent":1210,"menu_order":5,"comment_status":"closed","ping_status":"closed","template":"","meta":{"footnotes":""},"class_list":["post-1289","page","type-page","status-publish","hentry"],"_links":{"self":[{"href":"https:\/\/consfriburgo.esteri.it\/de\/wp-json\/wp\/v2\/pages\/1289","targetHints":{"allow":["GET"]}}],"collection":[{"href":"https:\/\/consfriburgo.esteri.it\/de\/wp-json\/wp\/v2\/pages"}],"about":[{"href":"https:\/\/consfriburgo.esteri.it\/de\/wp-json\/wp\/v2\/types\/page"}],"author":[{"embeddable":true,"href":"https:\/\/consfriburgo.esteri.it\/de\/wp-json\/wp\/v2\/users\/7"}],"replies":[{"embeddable":true,"href":"https:\/\/consfriburgo.esteri.it\/de\/wp-json\/wp\/v2\/comments?post=1289"}],"version-history":[{"count":3,"href":"https:\/\/consfriburgo.esteri.it\/de\/wp-json\/wp\/v2\/pages\/1289\/revisions"}],"predecessor-version":[{"id":3784,"href":"https:\/\/consfriburgo.esteri.it\/de\/wp-json\/wp\/v2\/pages\/1289\/revisions\/3784"}],"up":[{"embeddable":true,"href":"https:\/\/consfriburgo.esteri.it\/de\/wp-json\/wp\/v2\/pages\/1210"}],"wp:attachment":[{"href":"https:\/\/consfriburgo.esteri.it\/de\/wp-json\/wp\/v2\/media?parent=1289"}],"curies":[{"name":"wp","href":"https:\/\/api.w.org\/{rel}","templated":true}]}}