{"id":1293,"date":"2023-04-20T11:07:25","date_gmt":"2023-04-20T09:07:25","guid":{"rendered":"https:\/\/consfriburgo.esteri.it\/chi-siamo\/la-sede\/amministrazione-trasparente\/"},"modified":"2024-05-09T14:47:56","modified_gmt":"2024-05-09T12:47:56","slug":"amministrazione-trasparente","status":"publish","type":"page","link":"https:\/\/consfriburgo.esteri.it\/de\/amministrazione-trasparente\/","title":{"rendered":"Transparente Verwaltung"},"content":{"rendered":"<p><strong>Transparente Verwaltung<\/strong><\/p>\n<p style=\"text-align: justify;\">Die diplomatisch-konsularischen Vertretungen im Ausland sind Au\u00dfenstellen des Ministeriums f\u00fcr ausw\u00e4rtige Angelegenheiten und internationale Zusammenarbeit, das die Transparenz seiner Daten durch die Rubrik &#8222;Transparente Verwaltung&#8220; auf der Website www.esteri.it gew\u00e4hrleistet. Die Abschnitte auf dieser Seite verweisen gr\u00f6\u00dftenteils auf die entsprechenden Abschnitte auf der Website der Zentralverwaltung.<\/p>\n<p style=\"text-align: justify;\">Weitere Informationen finden Sie auf der Website der Nationalen Anti-Korruptionsbeh\u00f6rde (ANAC)<\/p>\n<p><a href=\"https:\/\/www.esteri.it\/it\/trasparenza_comunicazioni_legali\/disposizioni_generali\">Allgemeine Bestimmungen<\/a><br \/>\n<a href=\"https:\/\/www.esteri.it\/it\/trasparenza_comunicazioni_legali\/organizzazione\">Organisation<\/a><br \/>\n<a href=\"https:\/\/consfriburgo.esteri.it\/wp-content\/uploads\/2024\/05\/i_nostri_uffici_e_contatti.docx\">Gliederung der \u00c4mter<\/a><br \/>\n<a href=\"https:\/\/consfriburgo.esteri.it\/wp-content\/uploads\/2024\/05\/i_nostri_uffici_e_contatti-Pec.docx\">Telefon und E-Mail (Art. 13, c. 1, Bst. d)<\/a><br \/>\n<a href=\"https:\/\/consfriburgo.esteri.it\/it\/italia-e-germania\/diplomazia-economica\/fare-affari-in-italia\/link-utili\/altre-associazioni-di-categoria\/amministrazione-trasparente\/consulenti-e-collaboratori-2\/\">Berater und Mitarbeiter (Art. 15, c. 1, 2)<\/a><br \/>\n<a href=\"https:\/\/www.esteri.it\/it\/trasparenza_comunicazioni_legali\/personale\">Personal<\/a><br \/>\n<a href=\"https:\/\/consfriburgo.esteri.it\/de\/amministrazione-trasparente\/bandi-di-concorso\/\">Bekanntmachungen von Auswahlverfahren (Art. 19)<\/a><br \/>\n<a href=\"https:\/\/www.esteri.it\/it\/trasparenza_comunicazioni_legali\/Performance\/\">Performance<\/a><br \/>\n<a href=\"https:\/\/consfriburgo.esteri.it\/it\/chi-siamo\/la-sede\/amministrazione-trasparente\/enti-controllati\/\">Kontrollierte Unternehmen<\/a><br \/>\n<a href=\"https:\/\/www.esteri.it\/it\/trasparenza_comunicazioni_legali\/attivita_e_procedimenti\">T\u00e4tigkeiten und Verfahren<\/a><br \/>\n<a href=\"https:\/\/consfriburgo.esteri.it\/wp-content\/uploads\/2024\/05\/Tabella_procedimenti_a_istanza_di_parte_rev_9_5_2024.docx\">Arten von Verfahren (Art. 35, c. 1, 2)<\/a><br \/>\n<a href=\"https:\/\/www.esteri.it\/it\/trasparenza_comunicazioni_legali\/provvedimenti\">Ma\u00dfnahmen<\/a><br \/>\n<a href=\"https:\/\/www.esteri.it\/it\/trasparenza_comunicazioni_legali\/controlli-sulle-imprese\">Kontrollen von Unternehmen<\/a><br \/>\n<a href=\"https:\/\/consfriburgo.esteri.it\/it\/chi-siamo\/la-sede\/amministrazione-trasparente\/bandi-di-gara-e-contratti-ex-art-37\/\">Ausschreibungen und Vertr\u00e4ge (ex-Art. 37)<\/a><br \/>\n<a href=\"https:\/\/www.esteri.it\/it\/trasparenza_comunicazioni_legali\/bandi-gara-contratti\/informazioni-sulle-singole-procedure\">Tabellarische Informationen zu den einzelnen Verfahren<\/a><br \/>\n<a href=\"https:\/\/consfriburgo.esteri.it\/it\/chi-siamo\/la-sede\/amministrazione-trasparente\/tabelle-vantaggi-economici\/\">Zusch\u00fcsse, Beitr\u00e4ge, Subventionen, wirtschaftliche Vorteile (ex-Art. 26 und 27)<\/a><br \/>\n<a href=\"https:\/\/www.esteri.it\/it\/trasparenza_comunicazioni_legali\/bilanci\">Haushaltspl\u00e4ne<\/a><br \/>\n<a href=\"https:\/\/www.esteri.it\/it\/trasparenza_comunicazioni_legali\/bilancio-trasparente\">Transparenter Haushaltsplan<\/a><br \/>\n<a href=\"https:\/\/www.esteri.it\/it\/trasparenza_comunicazioni_legali\/beni_immobili_gestione_patrimonio\">Immobilien- und Verm\u00f6gensverwaltung<\/a><br \/>\n<a href=\"https:\/\/www.esteri.it\/it\/trasparenza_comunicazioni_legali\/controlli-e-rilievi-sull-amministrazione\">Kontrollen und Bemerkungen zur Verwaltung<\/a><br \/>\n<a href=\"https:\/\/www.esteri.it\/it\/trasparenza_comunicazioni_legali\/servizi_erogati\">Erbrachte Dienstleistungen<\/a><br \/>\n<a href=\"https:\/\/www.esteri.it\/it\/trasparenza_comunicazioni_legali\/pagamenti%20amministrazione\">Zahlungen der Verwaltung<\/a><br \/>\n<a href=\"https:\/\/www.esteri.it\/it\/trasparenza_comunicazioni_legali\/opere-pubbliche\">\u00d6ffentliche Arbeiten<\/a><br \/>\n<a href=\"https:\/\/www.esteri.it\/it\/trasparenza_comunicazioni_legali\/pianificazione_governo_territorio\">Raumplanung und Governance<\/a><br \/>\n<a href=\"https:\/\/www.esteri.it\/it\/trasparenza_comunicazioni_legali\/informazioni_ambientali\">Umweltinformationen<\/a><br \/>\n<a href=\"https:\/\/consfriburgo.esteri.it\/it\/chi-siamo\/la-sede\/amministrazione-trasparente\/interventi-straordinari-di-emergenza\/\">Au\u00dferordentliche Notfalleins\u00e4tze<\/a><br \/>\n<a href=\"https:\/\/www.esteri.it\/it\/trasparenza_comunicazioni_legali\/altri-contenuti-canale\">Andere Inhalte<\/a><\/p>\n","protected":false},"excerpt":{"rendered":"Transparente Verwaltung Die diplomatisch-konsularischen Vertretungen im Ausland sind Au\u00dfenstellen des Ministeriums f\u00fcr ausw\u00e4rtige Angelegenheiten und internationale Zusammenarbeit, das die Transparenz seiner Daten durch die Rubrik &#8222;Transparente Verwaltung&#8220; auf der Website www.esteri.it gew\u00e4hrleistet. Die Abschnitte auf dieser Seite verweisen gr\u00f6\u00dftenteils auf die entsprechenden Abschnitte auf der Website der Zentralverwaltung. Weitere Informationen finden Sie auf der Website [&hellip;]","protected":false},"author":7,"featured_media":0,"parent":0,"menu_order":12,"comment_status":"closed","ping_status":"closed","template":"","meta":{"footnotes":""},"class_list":["post-1293","page","type-page","status-publish","hentry"],"_links":{"self":[{"href":"https:\/\/consfriburgo.esteri.it\/de\/wp-json\/wp\/v2\/pages\/1293","targetHints":{"allow":["GET"]}}],"collection":[{"href":"https:\/\/consfriburgo.esteri.it\/de\/wp-json\/wp\/v2\/pages"}],"about":[{"href":"https:\/\/consfriburgo.esteri.it\/de\/wp-json\/wp\/v2\/types\/page"}],"author":[{"embeddable":true,"href":"https:\/\/consfriburgo.esteri.it\/de\/wp-json\/wp\/v2\/users\/7"}],"replies":[{"embeddable":true,"href":"https:\/\/consfriburgo.esteri.it\/de\/wp-json\/wp\/v2\/comments?post=1293"}],"version-history":[{"count":7,"href":"https:\/\/consfriburgo.esteri.it\/de\/wp-json\/wp\/v2\/pages\/1293\/revisions"}],"predecessor-version":[{"id":5439,"href":"https:\/\/consfriburgo.esteri.it\/de\/wp-json\/wp\/v2\/pages\/1293\/revisions\/5439"}],"wp:attachment":[{"href":"https:\/\/consfriburgo.esteri.it\/de\/wp-json\/wp\/v2\/media?parent=1293"}],"curies":[{"name":"wp","href":"https:\/\/api.w.org\/{rel}","templated":true}]}}