{"id":1321,"date":"2023-04-21T10:24:00","date_gmt":"2023-04-21T08:24:00","guid":{"rendered":"https:\/\/consfriburgo.esteri.it\/chi-siamo\/la-sede\/amministrazione-trasparente\/bandi-di-concorso\/"},"modified":"2025-11-24T17:05:05","modified_gmt":"2025-11-24T16:05:05","slug":"bandi-di-concorso","status":"publish","type":"page","link":"https:\/\/consfriburgo.esteri.it\/de\/amministrazione-trasparente\/bandi-di-concorso\/","title":{"rendered":"Ausschreibungen"},"content":{"rendered":"<p>Stellenausschreibung f\u00fcr einen Verwaltungsassistenten auf unbefristeter Basis (ver\u00f6ffentlicht am 15.08.2022)<\/p>\n<p><a href=\"https:\/\/consfriburgo.esteri.it\/wp-content\/uploads\/2025\/11\/Avviso-assunzione-2022.08-e-seguiti_sito.pdf\">Bekanntmachung<\/a><\/p>\n<p>13.06.2022 &#8211; Stellenausschreibung f\u00fcr 1 Vertragsbediensteten auf Zeit als Verwaltungsassistent\/in<\/p>\n<p><a href=\"https:\/\/consfriburgo.esteri.it\/wp-content\/uploads\/2023\/04\/2022_06_13_bando.pdf\">Bekanntmachung<\/a><\/p>\n<p>&nbsp;<\/p>\n<p>24.12.2019 &#8211; Stellenausschreibung f\u00fcr 1 Vertragsbediensteten f\u00fcr Verwaltungsassistenzdienste (ver\u00f6ffentlicht am 20.12.2019)<\/p>\n<p><a href=\"https:\/\/consfriburgo.esteri.it\/wp-content\/uploads\/2023\/04\/avviso_assunzione_impiegato_a_contratto_assistente_amministrativo_.pdf\">Bekanntmachung<\/a><\/p>\n<p>&nbsp;<\/p>\n<p>01.10.2018 &#8211; Bekanntmachung \u00fcber die Einstellung von 1 Vertragsbediensteten f\u00fcr eine befristete Stelle. (ver\u00f6ffentlicht am 22. Oktober 2018)<\/p>\n<p><a href=\"https:\/\/consfriburgo.esteri.it\/wp-content\/uploads\/2023\/04\/avviso_2018.pdf\">Bekanntmachung<\/a><\/p>\n<p>&nbsp;<\/p>\n<p>14.12.2016 &#8211; Auswahlverfahren zur Einstellung einer\/eines Sachbearbeiterin\/Sachbearbeiters mit unbefristetem Vertrag zur Anstellung in den Diensten<br \/>\nVerwaltungsassistentin\/Verwaltungsassistent im Konsular- und Visumbereich (ver\u00f6ffentlicht am 19. September 2016)<\/p>\n<p><a href=\"https:\/\/consfriburgo.esteri.it\/wp-content\/uploads\/2023\/04\/bando_di_concorso_2016.pdf\">Bekanntmachung<\/a><\/p>\n<p>&nbsp;<\/p>\n<p>13.05.2015 &#8211; Auswahlverfahren zur Einstellung einer\/eines Sachbearbeiterin\/Sachbearbeiters mit unbefristetem Vertrag f\u00fcr die Dienste einer\/eines Sachbearbeiterin\/Sachbearbeiters\/Zentralisten.(ver\u00f6ffentlicht am 02. M\u00e4rz 2015)<\/p>\n<p><a href=\"https:\/\/consfriburgo.esteri.it\/wp-content\/uploads\/2023\/04\/bando_concorso_impiegato_sett_ausiliario_2015.pdf\">Bekanntmachung<\/a><\/p>\n<p>&nbsp;<\/p>\n<p>Letzte \u00c4nderungen am 24\/11\/2025<\/p>\n","protected":false},"excerpt":{"rendered":"Stellenausschreibung f\u00fcr einen Verwaltungsassistenten auf unbefristeter Basis (ver\u00f6ffentlicht am 15.08.2022) Bekanntmachung 13.06.2022 &#8211; Stellenausschreibung f\u00fcr 1 Vertragsbediensteten auf Zeit als Verwaltungsassistent\/in Bekanntmachung &nbsp; 24.12.2019 &#8211; Stellenausschreibung f\u00fcr 1 Vertragsbediensteten f\u00fcr Verwaltungsassistenzdienste (ver\u00f6ffentlicht am 20.12.2019) Bekanntmachung &nbsp; 01.10.2018 &#8211; Bekanntmachung \u00fcber die Einstellung von 1 Vertragsbediensteten f\u00fcr eine befristete Stelle. (ver\u00f6ffentlicht am 22. Oktober 2018) Bekanntmachung [&hellip;]","protected":false},"author":7,"featured_media":0,"parent":1293,"menu_order":0,"comment_status":"closed","ping_status":"closed","template":"","meta":{"footnotes":""},"class_list":["post-1321","page","type-page","status-publish","hentry"],"_links":{"self":[{"href":"https:\/\/consfriburgo.esteri.it\/de\/wp-json\/wp\/v2\/pages\/1321","targetHints":{"allow":["GET"]}}],"collection":[{"href":"https:\/\/consfriburgo.esteri.it\/de\/wp-json\/wp\/v2\/pages"}],"about":[{"href":"https:\/\/consfriburgo.esteri.it\/de\/wp-json\/wp\/v2\/types\/page"}],"author":[{"embeddable":true,"href":"https:\/\/consfriburgo.esteri.it\/de\/wp-json\/wp\/v2\/users\/7"}],"replies":[{"embeddable":true,"href":"https:\/\/consfriburgo.esteri.it\/de\/wp-json\/wp\/v2\/comments?post=1321"}],"version-history":[{"count":7,"href":"https:\/\/consfriburgo.esteri.it\/de\/wp-json\/wp\/v2\/pages\/1321\/revisions"}],"predecessor-version":[{"id":14596,"href":"https:\/\/consfriburgo.esteri.it\/de\/wp-json\/wp\/v2\/pages\/1321\/revisions\/14596"}],"up":[{"embeddable":true,"href":"https:\/\/consfriburgo.esteri.it\/de\/wp-json\/wp\/v2\/pages\/1293"}],"wp:attachment":[{"href":"https:\/\/consfriburgo.esteri.it\/de\/wp-json\/wp\/v2\/media?parent=1321"}],"curies":[{"name":"wp","href":"https:\/\/api.w.org\/{rel}","templated":true}]}}