{"id":1334,"date":"2023-03-24T10:52:23","date_gmt":"2023-03-24T09:52:23","guid":{"rendered":"https:\/\/consfriburgo.esteri.it\/chi-siamo\/la-sede\/che-cose-lautocertificazione\/"},"modified":"2024-11-04T12:13:45","modified_gmt":"2024-11-04T11:13:45","slug":"che-cose-lautocertificazione","status":"publish","type":"page","link":"https:\/\/consfriburgo.esteri.it\/de\/servizi-consolari-e-visti\/servizi-per-il-cittadino-italiano\/che-cose-lautocertificazione\/","title":{"rendered":"Was ist Selbstzertifizierung?"},"content":{"rendered":"<p style=\"text-align: justify;\">Bei der Selbstzertifizierung handelt es sich um eine Erkl\u00e4rung, die der Betroffene in seinem eigenen Interesse \u00fcber Zust\u00e4nde, Tatsachen und pers\u00f6nliche Eigenschaften verfasst und unterzeichnet und die er gem\u00e4\u00df dem Pr\u00e4sidialerlass Nr. 445 vom 28. Dezember 2000 gegen\u00fcber der \u00f6ffentlichen Verwaltung, den Konzession\u00e4ren und den Betreibern \u00f6ffentlicher Dienstleistungen verwendet.<\/p>\n<p style=\"text-align: justify;\">In den Beziehungen zu einer privaten Partei liegt es im Ermessen dieser Partei, eine Selbstzertifizierung zu verwenden.<\/p>\n<p style=\"text-align: justify;\">Es gibt auch die &#8222;Erkl\u00e4rung an Eides statt&#8220; oder das &#8222;Notariatsgesetz&#8220;, das sich auf Zust\u00e4nde, pers\u00f6nliche Eigenschaften oder Tatsachen bezieht, die dem Betroffenen unmittelbar bekannt sind und f\u00fcr die eine Selbstbescheinigung nicht g\u00fcltig ist. Die Erkl\u00e4rung an Eides statt, die der Erkl\u00e4rende im eigenen Interesse abgibt, kann auch Zust\u00e4nde, Tatsachen und Eigenschaften anderer Personen betreffen, von denen er unmittelbare Kenntnis hat.<br \/>\nWird die eidesstattliche Erkl\u00e4rung bei Verwaltungen und \u00f6ffentlichen Diensten abgegeben, muss die Unterschrift nicht beglaubigt werden. Es reicht aus, sie vor dem mit der Entgegennahme beauftragten Bediensteten zu unterschreiben oder sie unter Beif\u00fcgung einer Kopie eines g\u00fcltigen Ausweises an die Verwaltung oder den Dienst zu senden, der sie verlangt. Die Erkl\u00e4rung an Eides statt wird auch auf Privatpersonen (Banken und Versicherungsgesellschaften) ausgedehnt, die sich daf\u00fcr entscheiden, sie zu akzeptieren.<\/p>\n<p style=\"text-align: justify;\">F\u00fcr Privatpersonen ist die Annahme der eidesstattlichen Erkl\u00e4rung keine Pflicht, sondern eine Option. In diesem Fall ist es jedoch erforderlich, die Unterschrift des Erkl\u00e4renden von einem Notar, einem Kanzler, einem Gemeindesekret\u00e4r &#8211; in Italien &#8211; oder von Konsulaten &#8211; im Ausland &#8211; beglaubigen zu lassen, und es f\u00e4llt eine Stempelgeb\u00fchr in H\u00f6he des aktuellen Wertes an, es sei denn, das Gesetz sieht eine Befreiung vor.<\/p>\n<p style=\"text-align: justify;\"><a href=\"https:\/\/consfriburgo.esteri.it\/wp-content\/uploads\/2023\/03\/47860_f_cons57autocertificazione_completa.pdf\">Modell der Selbstzertifizierung<\/a><\/p>\n","protected":false},"excerpt":{"rendered":"Bei der Selbstzertifizierung handelt es sich um eine Erkl\u00e4rung, die der Betroffene in seinem eigenen Interesse \u00fcber Zust\u00e4nde, Tatsachen und pers\u00f6nliche Eigenschaften verfasst und unterzeichnet und die er gem\u00e4\u00df dem Pr\u00e4sidialerlass Nr. 445 vom 28. Dezember 2000 gegen\u00fcber der \u00f6ffentlichen Verwaltung, den Konzession\u00e4ren und den Betreibern \u00f6ffentlicher Dienstleistungen verwendet. In den Beziehungen zu einer privaten [&hellip;]","protected":false},"author":7,"featured_media":0,"parent":164,"menu_order":1,"comment_status":"closed","ping_status":"closed","template":"","meta":{"footnotes":""},"class_list":["post-1334","page","type-page","status-publish","hentry"],"_links":{"self":[{"href":"https:\/\/consfriburgo.esteri.it\/de\/wp-json\/wp\/v2\/pages\/1334","targetHints":{"allow":["GET"]}}],"collection":[{"href":"https:\/\/consfriburgo.esteri.it\/de\/wp-json\/wp\/v2\/pages"}],"about":[{"href":"https:\/\/consfriburgo.esteri.it\/de\/wp-json\/wp\/v2\/types\/page"}],"author":[{"embeddable":true,"href":"https:\/\/consfriburgo.esteri.it\/de\/wp-json\/wp\/v2\/users\/7"}],"replies":[{"embeddable":true,"href":"https:\/\/consfriburgo.esteri.it\/de\/wp-json\/wp\/v2\/comments?post=1334"}],"version-history":[{"count":4,"href":"https:\/\/consfriburgo.esteri.it\/de\/wp-json\/wp\/v2\/pages\/1334\/revisions"}],"predecessor-version":[{"id":3070,"href":"https:\/\/consfriburgo.esteri.it\/de\/wp-json\/wp\/v2\/pages\/1334\/revisions\/3070"}],"up":[{"embeddable":true,"href":"https:\/\/consfriburgo.esteri.it\/de\/wp-json\/wp\/v2\/pages\/164"}],"wp:attachment":[{"href":"https:\/\/consfriburgo.esteri.it\/de\/wp-json\/wp\/v2\/media?parent=1334"}],"curies":[{"name":"wp","href":"https:\/\/api.w.org\/{rel}","templated":true}]}}