{"id":1346,"date":"2023-05-17T11:40:15","date_gmt":"2023-05-17T09:40:15","guid":{"rendered":"https:\/\/consfriburgo.esteri.it\/obbligo-di-notifica-manifestazioni-elettorali\/"},"modified":"2023-05-17T11:58:02","modified_gmt":"2023-05-17T09:58:02","slug":"obbligo-di-notifica-manifestazioni-elettorali","status":"publish","type":"page","link":"https:\/\/consfriburgo.esteri.it\/de\/servizi-consolari-e-visti\/servizi-per-il-cittadino-italiano\/servizi-elettorali\/obbligo-di-notifica-manifestazioni-elettorali\/","title":{"rendered":"Pflicht zur Meldung von Wahlveranstaltungen"},"content":{"rendered":"<p>Das Ausw\u00e4rtige Amt hat alle in Deutschland akkreditierten Auslandsvertretungen dar\u00fcber informiert, dass f\u00fcr die Organisation von \u00f6ffentlichen Veranstaltungen mit Wahlcharakter, die im Hoheitsgebiet der Bundesrepublik Deutschland stattfinden und die Teilnahme ausl\u00e4ndischer politischer Stellen (einschlie\u00dflich derjenigen der EU-Mitgliedstaaten und somit auch Italiens) vorsehen, mindestens 10 Tage im Voraus eine Sondergenehmigung beim Ausw\u00e4rtigen Amt \u00fcber das \u00f6rtlich zust\u00e4ndige Konsulat selbst beantragt werden muss. Die italienischen Konsularb\u00fcros in Deutschland stehen f\u00fcr weitere Ausk\u00fcnfte zur Verf\u00fcgung.<\/p>\n","protected":false},"excerpt":{"rendered":"Das Ausw\u00e4rtige Amt hat alle in Deutschland akkreditierten Auslandsvertretungen dar\u00fcber informiert, dass f\u00fcr die Organisation von \u00f6ffentlichen Veranstaltungen mit Wahlcharakter, die im Hoheitsgebiet der Bundesrepublik Deutschland stattfinden und die Teilnahme ausl\u00e4ndischer politischer Stellen (einschlie\u00dflich derjenigen der EU-Mitgliedstaaten und somit auch Italiens) vorsehen, mindestens 10 Tage im Voraus eine Sondergenehmigung beim Ausw\u00e4rtigen Amt \u00fcber das \u00f6rtlich [&hellip;]","protected":false},"author":7,"featured_media":0,"parent":1356,"menu_order":0,"comment_status":"closed","ping_status":"closed","template":"","meta":{"footnotes":""},"class_list":["post-1346","page","type-page","status-publish","hentry"],"_links":{"self":[{"href":"https:\/\/consfriburgo.esteri.it\/de\/wp-json\/wp\/v2\/pages\/1346","targetHints":{"allow":["GET"]}}],"collection":[{"href":"https:\/\/consfriburgo.esteri.it\/de\/wp-json\/wp\/v2\/pages"}],"about":[{"href":"https:\/\/consfriburgo.esteri.it\/de\/wp-json\/wp\/v2\/types\/page"}],"author":[{"embeddable":true,"href":"https:\/\/consfriburgo.esteri.it\/de\/wp-json\/wp\/v2\/users\/7"}],"replies":[{"embeddable":true,"href":"https:\/\/consfriburgo.esteri.it\/de\/wp-json\/wp\/v2\/comments?post=1346"}],"version-history":[{"count":5,"href":"https:\/\/consfriburgo.esteri.it\/de\/wp-json\/wp\/v2\/pages\/1346\/revisions"}],"predecessor-version":[{"id":1353,"href":"https:\/\/consfriburgo.esteri.it\/de\/wp-json\/wp\/v2\/pages\/1346\/revisions\/1353"}],"up":[{"embeddable":true,"href":"https:\/\/consfriburgo.esteri.it\/de\/wp-json\/wp\/v2\/pages\/1356"}],"wp:attachment":[{"href":"https:\/\/consfriburgo.esteri.it\/de\/wp-json\/wp\/v2\/media?parent=1346"}],"curies":[{"name":"wp","href":"https:\/\/api.w.org\/{rel}","templated":true}]}}