{"id":1356,"date":"2023-02-23T17:25:13","date_gmt":"2023-02-23T16:25:13","guid":{"rendered":"https:\/\/consfriburgo.esteri.it\/servizi-consolari-e-visti\/servizi-per-il-cittadino-italiano\/servizi-elettorali\/"},"modified":"2023-11-27T14:18:14","modified_gmt":"2023-11-27T13:18:14","slug":"servizi-elettorali","status":"publish","type":"page","link":"https:\/\/consfriburgo.esteri.it\/de\/servizi-consolari-e-visti\/servizi-per-il-cittadino-italiano\/servizi-elettorali\/","title":{"rendered":"Wahlabteilung"},"content":{"rendered":"<p>&#8222;Das Gesetz legt die Voraussetzungen und Verfahren f\u00fcr die Aus\u00fcbung des Wahlrechts durch im Ausland ans\u00e4ssige B\u00fcrger fest und gew\u00e4hrleistet dessen Wirksamkeit. Zu diesem Zweck wird f\u00fcr die Wahl der Kammern des Parlaments ein ausl\u00e4ndischer Wahlkreis eingerichtet, dem die Sitze in der durch die Verfassungsnorm festgelegten Zahl und nach den durch das Gesetz bestimmten Kriterien zugeteilt werden.&#8220; (Artikel 48 der Verfassung)<\/p>\n<h4><strong>Politische Wahlen<\/strong><\/h4>\n<h4><strong>Wie man w\u00e4hlt:<\/strong><\/h4>\n<p>Die Briefwahl ist die \u00fcbliche Art der Stimmabgabe. Alternativ kann der italienische Staatsb\u00fcrger mit Wohnsitz im Ausland innerhalb der gesetzlich festgelegten Frist in Italien bei den Wahlabteilungen der Gemeinde, in deren W\u00e4hlerverzeichnis er eingetragen ist, f\u00fcr die in den Wahlkreisen und Regionen des Staatsgebiets kandidierenden Kandidaten w\u00e4hlen. Das Wahlrecht wird durch eine schriftliche Mitteilung an das Konsulat des Wohnsitzes ausge\u00fcbt, die bis zum 31. Dezember des Jahres, das dem Jahr des nat\u00fcrlichen Ablaufs der Legislaturperiode vorausgeht, oder, im Falle einer vorzeitigen Aufl\u00f6sung der Kammern oder der Einberufung eines Volksreferendums, bis zum zehnten Tag nach der Einberufung des Urnengangs zu erfolgen hat.<\/p>\n<h4><strong>Was wir w\u00e4hlen:<\/strong><\/h4>\n<p>Zw\u00f6lf Sitze f\u00fcr die Abgeordnetenkammer und sechs Sitze f\u00fcr den Senat der Republik, abz\u00fcglich der Gesamtzahl der Sitze, die den beiden Parlamentskammern verfassungsm\u00e4\u00dfig zugewiesen sind: Dies sind die Sitze, die den gew\u00e4hlten Vertretern der im Ausland lebenden italienischen Staatsb\u00fcrger vorbehalten sind.<\/p>\n<h4><strong>Wie man w\u00e4hlt:<\/strong><\/h4>\n<p>Die Briefwahl ist die \u00fcbliche Art der Stimmabgabe. Alternativ kann der italienische Staatsb\u00fcrger mit Wohnsitz im Ausland innerhalb der gesetzlich vorgeschriebenen Frist in Italien bei den Wahlabteilungen der Gemeinde, in deren W\u00e4hlerverzeichnis er eingetragen ist, f\u00fcr die Kandidaten in den Wahlkreisen und Regionen des Staatsgebiets w\u00e4hlen. Das Wahlrecht wird durch eine schriftliche Mitteilung an das Konsulat des Wohnsitzes ausge\u00fcbt, die bis zum 31. Dezember des Jahres, das dem Jahr des nat\u00fcrlichen Ablaufs der Legislaturperiode vorausgeht, oder, im Falle einer vorzeitigen Aufl\u00f6sung der Kammern oder der Einberufung eines Volksreferendums, bis zum zehnten Tag nach der Einberufung der Urneng\u00e4nge zu erfolgen hat.<\/p>\n<p>Seit 2016 ist die M\u00f6glichkeit der Stimmabgabe aus dem Ausland auch auf Italiener ausgeweitet worden, die sich vor\u00fcbergehend f\u00fcr einen Zeitraum von mindestens drei Monaten au\u00dferhalb Italiens aufhalten, in den das Datum der Wahlen oder des Referendums f\u00e4llt (d.h. diejenigen, die sich dort weniger als 12 Monate aufhalten und nicht bei AIRE registriert sind). Wenn der B\u00fcrger von dieser Wahlm\u00f6glichkeit Gebrauch machen m\u00f6chte, muss er innerhalb der gesetzlich vorgeschriebenen Frist einen entsprechenden Antrag auf Eintragung in das W\u00e4hlerverzeichnis bei der italienischen Gemeinde stellen.<\/p>\n<p>Weitere Informationen finden Sie auf der Website des Innenministeriums, indem Sie <a href=\"https:\/\/www.interno.gov.it\/it\/temi\/elezioni-e-referendum\/voto-italiani-allestero\">hier<\/a> klicken.<\/p>\n<h3>Europawahlen<\/h3>\n<p>Bei den Europawahlen gibt es keine Briefwahl: Die italienischen Wahlberechtigten mit st\u00e4ndigem Wohnsitz in den L\u00e4ndern der Europ\u00e4ischen Union k\u00f6nnen sich in die entsprechenden Wahllokale begeben, die vor Ort von unserem diplomatisch-konsularischen Netz eingerichtet wurden. Italienische W\u00e4hler mit Wohnsitz im Ausland k\u00f6nnen sich auch nach Italien begeben und ihre Stimme in der Gemeinde abgeben, in der die AIRE registriert ist. Die Wahlen f\u00fcr die Neubesetzung des Europ\u00e4ischen Parlaments finden alle f\u00fcnf Jahre statt.<\/p>\n<p>Weitere Informationen finden Sie unter diesem <a href=\"https:\/\/www.interno.gov.it\/it\/temi\/elezioni-e-referendum\/voto-italiani-allestero\">Link<\/a>. Spezifische Informationen werden auf dieser Seite ver\u00f6ffentlicht, wenn Neuwahlen anstehen.<\/p>\n<h4><strong>Referendum<\/strong><\/h4>\n<p>Die Briefwahl der Italiener im Ausland ist auch f\u00fcr abschaffende und best\u00e4tigende Referenden vorgesehen. In diesem Fall erfolgt die Stimmabgabe im Ausland auf die gleiche Weise wie bei politischen Wahlen (siehe oben).<\/p>\n<p>Weitere Informationen finden Sie auf der Website &#8222;Esteri.it&#8220; unter &#8222;<a href=\"https:\/\/www.esteri.it\/it\/servizi-consolari-e-visti\/italiani-all-estero\/votoestero\/\">Abstimmen im Ausland<\/a>&#8222;.<\/p>\n<h4><strong>Com.It.Es Wahlen<\/strong><\/h4>\n<h4>Was sie sind:<\/h4>\n<p>Die COMITES sind gew\u00e4hlte Gremien, die die Bed\u00fcrfnisse der im Ausland lebenden italienischen Staatsb\u00fcrger in ihren Beziehungen zu den Konsularb\u00fcros vertreten, mit denen sie zusammenarbeiten, um die sozialen, kulturellen und zivilen Bed\u00fcrfnisse der italienischen Gemeinschaft zu ermitteln. Sie f\u00f6rdern im Interesse der im Bezirk ans\u00e4ssigen italienischen Gemeinschaft alle Initiativen, die im Bereich des sozialen und kulturellen Lebens, der sozialen und erzieherischen Unterst\u00fctzung, der Berufsausbildung, der Erholung und der Freizeitgestaltung f\u00fcr geeignet gehalten werden. In Absprache mit den konsularischen Beh\u00f6rden k\u00f6nnen die COMITES die Anliegen der italienischen Gemeinschaft im Bezirk bei den lokalen Beh\u00f6rden und Institutionen vertreten.<\/p>\n<p>Um alle Einzelheiten zu erfahren und die offizielle COMITES-Website zu besuchen, klicken Sie hier.<\/p>\n<h4><strong>Wer man w\u00e4hlt:<\/strong><\/h4>\n<p>Die Mitglieder der Aussch\u00fcsse werden auf der Grundlage von Kandidatenlisten gew\u00e4hlt, die von italienischen Staatsb\u00fcrgern mit Wohnsitz in den einzelnen Konsularbezirken unterzeichnet werden. Die Landsleute k\u00f6nnen sich zu Kandidatenlisten zusammenschlie\u00dfen, die aus Personen bestehen, die ihr Vertrauen genie\u00dfen, und aus denen dann die Mitglieder der Aussch\u00fcsse gew\u00e4hlt werden.<\/p>\n<p>Weitere Informationen finden Sie in unserem Leitfaden zu den Com.it.Es.<\/p>\n<p>&nbsp;<\/p>\n<p style=\"text-align: center;\">Hier beantworten wir Ihre h\u00e4ufig gestellten Fragen!<\/p>\n<p>Kontakt<\/p>\n<p>E-Mail: <a href=\"mailto:elettorale.friburgo@esteri.it\">elettorale.friburgo@esteri.it<\/a><\/p>\n<p>Telefon: 0761 38661 45<\/p>\n<p>Tel.: 0761 3866147<\/p>\n","protected":false},"excerpt":{"rendered":"&#8222;Das Gesetz legt die Voraussetzungen und Verfahren f\u00fcr die Aus\u00fcbung des Wahlrechts durch im Ausland ans\u00e4ssige B\u00fcrger fest und gew\u00e4hrleistet dessen Wirksamkeit. Zu diesem Zweck wird f\u00fcr die Wahl der Kammern des Parlaments ein ausl\u00e4ndischer Wahlkreis eingerichtet, dem die Sitze in der durch die Verfassungsnorm festgelegten Zahl und nach den durch das Gesetz bestimmten Kriterien [&hellip;]","protected":false},"author":3,"featured_media":0,"parent":164,"menu_order":6,"comment_status":"closed","ping_status":"closed","template":"","meta":{"footnotes":""},"class_list":["post-1356","page","type-page","status-publish","hentry"],"_links":{"self":[{"href":"https:\/\/consfriburgo.esteri.it\/de\/wp-json\/wp\/v2\/pages\/1356","targetHints":{"allow":["GET"]}}],"collection":[{"href":"https:\/\/consfriburgo.esteri.it\/de\/wp-json\/wp\/v2\/pages"}],"about":[{"href":"https:\/\/consfriburgo.esteri.it\/de\/wp-json\/wp\/v2\/types\/page"}],"author":[{"embeddable":true,"href":"https:\/\/consfriburgo.esteri.it\/de\/wp-json\/wp\/v2\/users\/3"}],"replies":[{"embeddable":true,"href":"https:\/\/consfriburgo.esteri.it\/de\/wp-json\/wp\/v2\/comments?post=1356"}],"version-history":[{"count":6,"href":"https:\/\/consfriburgo.esteri.it\/de\/wp-json\/wp\/v2\/pages\/1356\/revisions"}],"predecessor-version":[{"id":3897,"href":"https:\/\/consfriburgo.esteri.it\/de\/wp-json\/wp\/v2\/pages\/1356\/revisions\/3897"}],"up":[{"embeddable":true,"href":"https:\/\/consfriburgo.esteri.it\/de\/wp-json\/wp\/v2\/pages\/164"}],"wp:attachment":[{"href":"https:\/\/consfriburgo.esteri.it\/de\/wp-json\/wp\/v2\/media?parent=1356"}],"curies":[{"name":"wp","href":"https:\/\/api.w.org\/{rel}","templated":true}]}}