{"id":1385,"date":"2023-05-17T15:23:01","date_gmt":"2023-05-17T13:23:01","guid":{"rendered":"https:\/\/consfriburgo.esteri.it\/servizi-consolari-e-visti\/servizi-per-il-cittadino-straniero\/per-chi-si-reca-in-italia\/"},"modified":"2023-11-28T12:06:47","modified_gmt":"2023-11-28T11:06:47","slug":"per-chi-si-reca-in-italia","status":"publish","type":"page","link":"https:\/\/consfriburgo.esteri.it\/de\/servizi-consolari-e-visti\/servizi-per-il-cittadino-straniero\/per-chi-si-reca-in-italia\/","title":{"rendered":"Reisen nach Italien"},"content":{"rendered":"<p>F\u00fcr Reisende nach Italien<\/p>\n<p>HINWEIS. Am 19. Juli 2013 ist die EU-Verordnung Nr. 610\/2013 zur \u00c4nderung der EG-Verordnung Nr. 562\/2006 (Schengener Grenzkodex) in Kraft getreten.<br \/>\nZu den wichtigsten und unmittelbarsten \u00c4nderungen des Grenzkodexes geh\u00f6rt die Bestimmung von Artikel 1 S. 5 Buchstabe a) Ziffer ii) \u00fcber die Einreisebedingungen f\u00fcr Drittstaatsangeh\u00f6rige.<\/p>\n<p>Aufgrund dieser \u00c4nderung m\u00fcssen Drittstaatsangeh\u00f6rige, die sich im Hoheitsgebiet der Mitgliedstaaten aufhalten wollen (f\u00fcr einen Aufenthalt von h\u00f6chstens 90 Tagen innerhalb eines Zeitraums von 180 Tagen), ab dem 19. Juli 2013 im Besitz eines Reisedokuments sein, das noch mindestens drei Monate nach dem geplanten Ausreisedatum aus dem Hoheitsgebiet der Mitgliedstaaten g\u00fcltig und nicht \u00e4lter als zehn Jahre ist. Diese \u00c4nderungen gelten nicht f\u00fcr EU-B\u00fcrger und ihre Familienangeh\u00f6rigen, f\u00fcr die das Recht auf Freiz\u00fcgigkeit gem\u00e4\u00df der EG-Richtlinie Nr. 38\/2004 selbstverst\u00e4ndlich weiterhin gew\u00e4hrleistet ist.<\/p>\n<p>Die vorgenannte Bestimmung betrifft insbesondere Ausl\u00e4nder, die von der Visumpflicht befreit sind, w\u00e4hrend sich f\u00fcr Drittstaatsangeh\u00f6rige, die beim \u00dcberschreiten der Au\u00dfengrenzen im Besitz eines Visums sein m\u00fcssen (gem\u00e4\u00df Artikel 1 der Verordnung (EG) Nr. 539\/2001), nichts \u00e4ndert, da die beiden Kriterien f\u00fcr die G\u00fcltigkeit des Reisedokuments dem entsprechen, was bereits in Artikel 12 des Visakodex vorgesehen ist.<\/p>\n<p>&nbsp;<\/p>\n<p><img loading=\"lazy\" decoding=\"async\" src=\"https:\/\/consfriburgo.esteri.it\/resource\/2013\/07\/57641_f_cons57Touring2.bmp\" alt=\"\" width=\"150\" height=\"85\" longdesc=\"https:\/\/consfriburgo.esteri.it\/consolato_friburgo\/it\/i_servizi\/per_chi_si_reca_in_italia\" align=\"left\" border=\"1\" hspace=\"10\" \/><a href=\"https:\/\/conslondra.esteri.it\/it\/news\/dal_consolato\/2013\/07\/maetouringclub\/\">Farnesina e Touring Club &#8211; Arriva la &#8222;Carta turistica socio estero&#8220;<\/a><br \/>\nFarnesina und Touring Club &#8211; Die &#8222;Carta turistica socio estero&#8220; ist da<br \/>\nDie F\u00f6rderung des Qualit\u00e4tstourismus in Italien und die St\u00e4rkung der Beziehungen zu den im Ausland lebenden Italienern: das sind die Ziele der Initiative, die auf der Farnesina von Generalsekret\u00e4r Michele Valensise und Touring Club-Pr\u00e4sident Franco Iseppi vorgestellt wurde<\/p>\n","protected":false},"excerpt":{"rendered":"F\u00fcr Reisende nach Italien HINWEIS. Am 19. Juli 2013 ist die EU-Verordnung Nr. 610\/2013 zur \u00c4nderung der EG-Verordnung Nr. 562\/2006 (Schengener Grenzkodex) in Kraft getreten. Zu den wichtigsten und unmittelbarsten \u00c4nderungen des Grenzkodexes geh\u00f6rt die Bestimmung von Artikel 1 S. 5 Buchstabe a) Ziffer ii) \u00fcber die Einreisebedingungen f\u00fcr Drittstaatsangeh\u00f6rige. Aufgrund dieser \u00c4nderung m\u00fcssen Drittstaatsangeh\u00f6rige, [&hellip;]","protected":false},"author":7,"featured_media":0,"parent":166,"menu_order":0,"comment_status":"closed","ping_status":"closed","template":"","meta":{"footnotes":""},"class_list":["post-1385","page","type-page","status-publish","hentry"],"_links":{"self":[{"href":"https:\/\/consfriburgo.esteri.it\/de\/wp-json\/wp\/v2\/pages\/1385","targetHints":{"allow":["GET"]}}],"collection":[{"href":"https:\/\/consfriburgo.esteri.it\/de\/wp-json\/wp\/v2\/pages"}],"about":[{"href":"https:\/\/consfriburgo.esteri.it\/de\/wp-json\/wp\/v2\/types\/page"}],"author":[{"embeddable":true,"href":"https:\/\/consfriburgo.esteri.it\/de\/wp-json\/wp\/v2\/users\/7"}],"replies":[{"embeddable":true,"href":"https:\/\/consfriburgo.esteri.it\/de\/wp-json\/wp\/v2\/comments?post=1385"}],"version-history":[{"count":6,"href":"https:\/\/consfriburgo.esteri.it\/de\/wp-json\/wp\/v2\/pages\/1385\/revisions"}],"predecessor-version":[{"id":4133,"href":"https:\/\/consfriburgo.esteri.it\/de\/wp-json\/wp\/v2\/pages\/1385\/revisions\/4133"}],"up":[{"embeddable":true,"href":"https:\/\/consfriburgo.esteri.it\/de\/wp-json\/wp\/v2\/pages\/166"}],"wp:attachment":[{"href":"https:\/\/consfriburgo.esteri.it\/de\/wp-json\/wp\/v2\/media?parent=1385"}],"curies":[{"name":"wp","href":"https:\/\/api.w.org\/{rel}","templated":true}]}}