{"id":1403,"date":"2023-03-01T14:43:24","date_gmt":"2023-03-01T13:43:24","guid":{"rendered":"https:\/\/consfriburgo.esteri.it\/italia-e-germania\/diplomazia-economica\/fare-affari-in-germania\/sportello-unico\/enit-locale\/"},"modified":"2023-11-28T13:54:42","modified_gmt":"2023-11-28T12:54:42","slug":"enit-locale","status":"publish","type":"page","link":"https:\/\/consfriburgo.esteri.it\/de\/italia-e-germania\/diplomazia-economica\/fare-affari-in-germania\/sportello-unico\/enit-locale\/","title":{"rendered":"\u00d6rtliches ENIT-B\u00fcro"},"content":{"rendered":"<p><strong>ENIT Frankfurt<\/strong><\/p>\n<p><strong><em>Italienische Zentrale f\u00fcr Tourismus ENIT<\/em><\/strong><br \/>\nGebietsdirektion f\u00fcr die deutschsprachigen L\u00e4nder, Benelux und Mitteleuropa<br \/>\nDirektor Dott. Marco Montini<br \/>\nBarckhausstrasse 10<br \/>\nD &#8211; 60325 Frankfurt am Main<br \/>\nTel. +49 69 237434<br \/>\nFax +49 69 232894<br \/>\nE-Mail:\u00a0<a>frankfurt@enit.it<\/a><\/p>\n","protected":false},"excerpt":{"rendered":"ENIT Frankfurt Italienische Zentrale f\u00fcr Tourismus ENIT Gebietsdirektion f\u00fcr die deutschsprachigen L\u00e4nder, Benelux und Mitteleuropa Direktor Dott. Marco Montini Barckhausstrasse 10 D &#8211; 60325 Frankfurt am Main Tel. +49 69 237434 Fax +49 69 232894 E-Mail:\u00a0frankfurt@enit.it","protected":false},"author":7,"featured_media":0,"parent":947,"menu_order":0,"comment_status":"closed","ping_status":"closed","template":"","meta":{"footnotes":""},"class_list":["post-1403","page","type-page","status-publish","hentry"],"_links":{"self":[{"href":"https:\/\/consfriburgo.esteri.it\/de\/wp-json\/wp\/v2\/pages\/1403","targetHints":{"allow":["GET"]}}],"collection":[{"href":"https:\/\/consfriburgo.esteri.it\/de\/wp-json\/wp\/v2\/pages"}],"about":[{"href":"https:\/\/consfriburgo.esteri.it\/de\/wp-json\/wp\/v2\/types\/page"}],"author":[{"embeddable":true,"href":"https:\/\/consfriburgo.esteri.it\/de\/wp-json\/wp\/v2\/users\/7"}],"replies":[{"embeddable":true,"href":"https:\/\/consfriburgo.esteri.it\/de\/wp-json\/wp\/v2\/comments?post=1403"}],"version-history":[{"count":3,"href":"https:\/\/consfriburgo.esteri.it\/de\/wp-json\/wp\/v2\/pages\/1403\/revisions"}],"predecessor-version":[{"id":4151,"href":"https:\/\/consfriburgo.esteri.it\/de\/wp-json\/wp\/v2\/pages\/1403\/revisions\/4151"}],"up":[{"embeddable":true,"href":"https:\/\/consfriburgo.esteri.it\/de\/wp-json\/wp\/v2\/pages\/947"}],"wp:attachment":[{"href":"https:\/\/consfriburgo.esteri.it\/de\/wp-json\/wp\/v2\/media?parent=1403"}],"curies":[{"name":"wp","href":"https:\/\/api.w.org\/{rel}","templated":true}]}}