{"id":1406,"date":"2023-03-01T14:46:24","date_gmt":"2023-03-01T13:46:24","guid":{"rendered":"https:\/\/consfriburgo.esteri.it\/italia-e-germania\/diplomazia-economica\/fare-affari-in-germania\/sportello-unico\/camera-di-commercio-mista\/"},"modified":"2023-11-28T13:55:09","modified_gmt":"2023-11-28T12:55:09","slug":"camera-di-commercio-mista","status":"publish","type":"page","link":"https:\/\/consfriburgo.esteri.it\/de\/italia-e-germania\/diplomazia-economica\/fare-affari-in-germania\/sportello-unico\/camera-di-commercio-mista\/","title":{"rendered":"Gemischte Handelskammer"},"content":{"rendered":"<p><strong>Italienische Handelskammer f\u00fcr Deutschland<\/strong><\/p>\n<p>Hauptsitz in Frankfurt am Main<br \/>\nPr\u00e4sident: Dottor Emanuele Gatti<br \/>\nGeneralsekret\u00e4r: Dottor Mario Bianchi<br \/>\nFriedrich-Ebert-Anlage 58,<br \/>\nD-60325 Frankfurt am Main<br \/>\nZentrale: 0049 69 97145210<br \/>\nFax: 0049 69 97145299 \/ 0049 69 7271115<br \/>\nE-Mail:\u00a0<a href=\"mailto:info@itkam.org\">info@itkam.org<\/a><\/p>\n<p>Webseite:\u00a0<a href=\"http:\/\/www.itkam.org\/\">www.itkam.org<\/a><\/p>\n<p>&nbsp;<\/p>\n<p>&nbsp;<\/p>\n<p><strong>Deutsch-Italienische Handelskammer<\/strong><\/p>\n<p>Italienische Handelskammer M\u00fcnchen-Stuttgart<br \/>\nPr\u00e4sidentin: Dott.ssa Anna Maria Andretta<br \/>\nGeneralsekret\u00e4r: Dott. Alessandro Marino<br \/>\nOttostr. 1<br \/>\nD-80333 M\u00fcnchen<br \/>\nTel.: 0049 89961661-70<br \/>\nFax: 0049 89 2904894<br \/>\nE-Mail:\u00a0<a href=\"mailto:info@italcam.de\">info@italcam.de<\/a><\/p>\n<p>Webseite:\u00a0<a href=\"http:\/\/www.italcam.de\/\">www.italcam.de<\/a><\/p>\n<p>&nbsp;<\/p>\n<p><strong>B\u00fcro in Stuttgart\/Regionalb\u00fcro f\u00fcr Baden-W\u00fcrttemberg<\/strong><br \/>\nDirektor: Dott. Alessandro Marino<br \/>\nLenzhalde 69<br \/>\nD-70192 Stuttgart<br \/>\nTel: 0049 711 2268042<br \/>\nFax: 0049 711 2268079<br \/>\nE-Mail:\u00a0<a href=\"mailto:stuttgart@italcam.de\">stuttgart@italcam.de<\/a><\/p>\n","protected":false},"excerpt":{"rendered":"Italienische Handelskammer f\u00fcr Deutschland Hauptsitz in Frankfurt am Main Pr\u00e4sident: Dottor Emanuele Gatti Generalsekret\u00e4r: Dottor Mario Bianchi Friedrich-Ebert-Anlage 58, D-60325 Frankfurt am Main Zentrale: 0049 69 97145210 Fax: 0049 69 97145299 \/ 0049 69 7271115 E-Mail:\u00a0info@itkam.org Webseite:\u00a0www.itkam.org &nbsp; &nbsp; Deutsch-Italienische Handelskammer Italienische Handelskammer M\u00fcnchen-Stuttgart Pr\u00e4sidentin: Dott.ssa Anna Maria Andretta Generalsekret\u00e4r: Dott. Alessandro Marino Ottostr. 1 [&hellip;]","protected":false},"author":7,"featured_media":0,"parent":947,"menu_order":0,"comment_status":"closed","ping_status":"closed","template":"","meta":{"footnotes":""},"class_list":["post-1406","page","type-page","status-publish","hentry"],"_links":{"self":[{"href":"https:\/\/consfriburgo.esteri.it\/de\/wp-json\/wp\/v2\/pages\/1406","targetHints":{"allow":["GET"]}}],"collection":[{"href":"https:\/\/consfriburgo.esteri.it\/de\/wp-json\/wp\/v2\/pages"}],"about":[{"href":"https:\/\/consfriburgo.esteri.it\/de\/wp-json\/wp\/v2\/types\/page"}],"author":[{"embeddable":true,"href":"https:\/\/consfriburgo.esteri.it\/de\/wp-json\/wp\/v2\/users\/7"}],"replies":[{"embeddable":true,"href":"https:\/\/consfriburgo.esteri.it\/de\/wp-json\/wp\/v2\/comments?post=1406"}],"version-history":[{"count":3,"href":"https:\/\/consfriburgo.esteri.it\/de\/wp-json\/wp\/v2\/pages\/1406\/revisions"}],"predecessor-version":[{"id":4153,"href":"https:\/\/consfriburgo.esteri.it\/de\/wp-json\/wp\/v2\/pages\/1406\/revisions\/4153"}],"up":[{"embeddable":true,"href":"https:\/\/consfriburgo.esteri.it\/de\/wp-json\/wp\/v2\/pages\/947"}],"wp:attachment":[{"href":"https:\/\/consfriburgo.esteri.it\/de\/wp-json\/wp\/v2\/media?parent=1406"}],"curies":[{"name":"wp","href":"https:\/\/api.w.org\/{rel}","templated":true}]}}