{"id":1410,"date":"2023-05-08T15:47:17","date_gmt":"2023-05-08T13:47:17","guid":{"rendered":"https:\/\/consfriburgo.esteri.it\/assistenza-e-promozione-2\/"},"modified":"2023-05-18T10:27:23","modified_gmt":"2023-05-18T08:27:23","slug":"assistenza-e-promozione-2","status":"publish","type":"page","link":"https:\/\/consfriburgo.esteri.it\/de\/italia-e-germania\/diplomazia-economica\/fare-affari-in-germania\/servizi-per-le-imprese\/assistenza-e-promozione-2\/","title":{"rendered":"Beratung und Anregung"},"content":{"rendered":"<div class=\"sr-only\"><strong>ICE- Italienische Agentur f\u00fcr Au\u00dfenhandel<\/strong><\/div>\n<p>Die Italienische Agentur f\u00fcr Au\u00dfenhandel ICE ist eine \u00f6ffentlich-rechtliche K\u00f6rperschaft. Sie hat die Aufgabe, die italienischen Wirtschafts- und Handelsbeziehungen im Ausland zu entwickeln, zu erleichtern und zu f\u00f6rdern. Besonderes Augenmerk gilt dabei den Bed\u00fcrfnissen kleiner und mittlerer Unternehmen, ihrer Konsortien und Zusammenschl\u00fcsse.<br \/>\nDas weltweite ICE-Netz bietet italienischen Unternehmen mit 79 B\u00fcros Hilfe und Beratung an.<br \/>\nDie T\u00e4tigkeit dieser ICE-Auslandsb\u00fcros ist darauf ausgerichtet, Hilfs- und Beratungsdienstleistungen anzubieten, Werbeaktionen f\u00fcr einzelne Unternehmen und den Standort Italien zu entwickeln, Informationen \u00fcber das Land, Gesch\u00e4ftschancen, internationale Ausschreibungen und Investitionen nach und aus Italien zu erstellen.<\/p>\n<p><a href=\"http:\/\/www.ice.it\/\">www.ice.it<\/a>\u00a0 \u00a0 [in italienischer Sprache]<\/p>\n<p><strong>ASSOCAMERESTERO<\/strong><\/p>\n<p>ASSOCAMERESTERO vertritt als Verband die italienischen Auslandshandelskammern und Unioncamere. Im Mittelpunkt seiner st\u00e4ndigen Arbeit steht die strategische Ausrichtung der weltweiten Aktivit\u00e4ten der Italienischen Handelskammern im Dienste der internationalen Ausrichtung mittelst\u00e4ndischer Unternehmen und der Werbung f\u00fcr das Made in Italy. Zu diesem Zweck bietet er gezielte organisatorische und projektbezogene Unterst\u00fctzung an.<br \/>\n<strong><a href=\"http:\/\/www.assocamerestero.it\/\">www.assocamerestero.it<\/a><\/strong><\/p>\n<p>&nbsp;<\/p>\n<div>\n<p><strong>UNIONCAMERE<\/strong><br \/>\n(Italienischer Verband der Industrie-, Handels- und Handwerkskammern)<\/p>\n<p>Der Verband pflegt und vertritt die allgemeinen Interessen der Handelskammern als Ansprechpartner der gewerblichen Wirtschaft lokal wie auch national und international. Zudem f\u00f6rdert, realisiert und gestaltet er direkt oder \u00fcber eigene Fachagenturen Dienstleistungen und Aktivit\u00e4ten im Interesse der Handelskammern und der Wirtschaftsbereiche. Er setzt sich f\u00fcr die Konsolidierung und Entwicklung der Zusammenarbeit mit dem Netz der Industrie- und Handelskammern ein und erleichtert mit Hilfe fortschrittlicher Technologien den Zugang zu EU-Initiativen und \u2013Programmen. Er f\u00f6rdert internationale Abkommen, um Italien weltweit voranzubringen.<br \/>\n<a href=\"http:\/\/www.unioncamere.it\/\"><strong>www.uniocamere.it\u00a0<\/strong><\/a> \u00a0[in italienischer Sprache]<\/p>\n<h4>ENIT<br \/>\n(Ente Nazionale Italiano per il Turismo)<\/h4>\n<p>\u2022 Struttura istituzionale che provvede alla promozione turistica dell&#8217;Italia all&#8217;estero adottando iniziative per far conoscere all&#8217;estero le risorse turistiche nazionali e regionali e in particolare i valori naturali, ambientali, storici culturali ed artistici del nostro paese;<\/p>\n<p>\u2022 provvede ad assistere e offrire servizi tecnici alle imprese turistiche italiane per la loro penetrazione commerciale sui mercati esteri;<\/p>\n<p>\u2022 elabora studi sui mercati internazionali ed in particolare sulle tendenze della domanda turistica individuale ed organizzata;<\/p>\n<p>\u2022 analizza l\u2019evoluzione della domanda turistica estera e pianifica strategie operative disegnate d&#8217;intesa con i protagonisti pubblici e privati del turismo italiano (Ministero delle Attivit\u00e0 Produttive, Ministero degli Affari Esteri, Regioni, Amministrazioni pubbliche, Enti e Associazioni di categoria e produttori di servizi turistici.<\/p>\n<p><a href=\"https:\/\/consfriburgo.esteri.it\/resource\/2006\/03\/651_f_cons57item07.gif\" target=\"_blank\" rel=\"noopener\"><img decoding=\"async\" src=\"https:\/\/consfriburgo.esteri.it\/resource\/2006\/03\/651_f_cons57item08.gif\" alt=\"\" border=\"0\" \/><\/a>\u00a0<a href=\"http:\/\/www.enit.it\/\" target=\"_blank\" rel=\"noopener\"><strong>www.enit.it<\/strong><\/a>\u00a0 \u00a0 \u00a0[in italienischer Sprache]<\/p>\n<p><strong>ENIT (Italienische Zentrale f\u00fcr Tourismus)<\/strong><\/p>\n<p>\u2022 Als italienische Tourismusf\u00f6rderungsinstitution im Ausland startet das ENIT Initiativen, um die regionalen und \u00fcberregionalen Tourismusattraktionen Italiens im Ausland bekannt zu machen. Dies gilt insbesondere f\u00fcr die Natur- und Landschaftssch\u00f6nheiten, die historischen Sehensw\u00fcrdigkeiten sowie die Kultur- und Kunstsch\u00e4tze unseres Landes.<br \/>\n\u2022 ENIT unterst\u00fctzt italienische Unternehmen bei der Expansion in ausl\u00e4ndische M\u00e4rkte, auch mit einem Angebot an Fachdienstleistungen.<br \/>\n\u2022 Es erarbeitet Studien \u00fcber internationale M\u00e4rkte und insbesondere \u00fcber Trends und Nachfrageentwicklungen im Individual- und Pauschaltourismus.<\/p>\n<p><a href=\"http:\/\/www.enit.it\/\"><strong>www.enit.it<\/strong><\/a>\u00a0 \u00a0 \u00a0[in italienischer Sprache]<\/p>\n<p>&nbsp;<\/p>\n<p>Mondimpresa<br \/>\n(Agentur f\u00fcr die Globalisierung von Unternehmen)<\/p>\n<p>&#8211; Agentur zur F\u00f6rderung und Unterst\u00fctzung von Globalisierungsprozessen, insbesondere von KMU &#8211; haupts\u00e4chlich in S\u00fcditalien &#8211; durch ein breites und kapillares Netzwerk in Italien, bestehend aus den verschiedenen Realit\u00e4ten des italienischen Systems der Handelskammern, Confcommercio und Confagricoltura;<\/p>\n<p>&#8211; erstellt Angebote und Projekte f\u00fcr die Teilnahme an Ausschreibungen und f\u00fcr die Inanspruchnahme von Finanzmitteln der \u00f6ffentlichen Verwaltung und gro\u00dfer internationaler Organisationen;<\/p>\n<p>&#8211; organisiert Initiativen zur F\u00f6rderung von transnationalen Unternehmenspartnerschaften, sowohl sektoral als auch sektor\u00fcbergreifend;<\/p>\n<p>&#8211; F\u00f6rderung ausl\u00e4ndischer Investitionen in Italien durch geeignete Informationsma\u00dfnahmen \u00fcber die Struktur des italienischen Unternehmersystems und \u00fcber die Gesetzgebung zur Unterst\u00fctzung von Investitionen;<\/p>\n<p><a href=\"https:\/\/consfriburgo.esteri.it\/resource\/2006\/03\/652_f_cons57item09.gif\" target=\"_blank\" rel=\"noopener\"><img decoding=\"async\" src=\"https:\/\/consfriburgo.esteri.it\/resource\/2006\/03\/652_f_cons57item091.gif\" alt=\"\" border=\"0\" \/><\/a>\u00a0<strong><a href=\"http:\/\/www.mondimpresa.it\/\">www.mondimpresa.it<\/a>\u00a0 \u00a0 \u00a0[in italienischer Sprache]<\/strong><\/p>\n<\/div>\n","protected":false},"excerpt":{"rendered":"ICE- Italienische Agentur f\u00fcr Au\u00dfenhandel Die Italienische Agentur f\u00fcr Au\u00dfenhandel ICE ist eine \u00f6ffentlich-rechtliche K\u00f6rperschaft. Sie hat die Aufgabe, die italienischen Wirtschafts- und Handelsbeziehungen im Ausland zu entwickeln, zu erleichtern und zu f\u00f6rdern. Besonderes Augenmerk gilt dabei den Bed\u00fcrfnissen kleiner und mittlerer Unternehmen, ihrer Konsortien und Zusammenschl\u00fcsse. Das weltweite ICE-Netz bietet italienischen Unternehmen mit 79 [&hellip;]","protected":false},"author":7,"featured_media":0,"parent":1488,"menu_order":0,"comment_status":"closed","ping_status":"closed","template":"","meta":{"footnotes":""},"class_list":["post-1410","page","type-page","status-publish","hentry"],"_links":{"self":[{"href":"https:\/\/consfriburgo.esteri.it\/de\/wp-json\/wp\/v2\/pages\/1410","targetHints":{"allow":["GET"]}}],"collection":[{"href":"https:\/\/consfriburgo.esteri.it\/de\/wp-json\/wp\/v2\/pages"}],"about":[{"href":"https:\/\/consfriburgo.esteri.it\/de\/wp-json\/wp\/v2\/types\/page"}],"author":[{"embeddable":true,"href":"https:\/\/consfriburgo.esteri.it\/de\/wp-json\/wp\/v2\/users\/7"}],"replies":[{"embeddable":true,"href":"https:\/\/consfriburgo.esteri.it\/de\/wp-json\/wp\/v2\/comments?post=1410"}],"version-history":[{"count":6,"href":"https:\/\/consfriburgo.esteri.it\/de\/wp-json\/wp\/v2\/pages\/1410\/revisions"}],"predecessor-version":[{"id":1417,"href":"https:\/\/consfriburgo.esteri.it\/de\/wp-json\/wp\/v2\/pages\/1410\/revisions\/1417"}],"up":[{"embeddable":true,"href":"https:\/\/consfriburgo.esteri.it\/de\/wp-json\/wp\/v2\/pages\/1488"}],"wp:attachment":[{"href":"https:\/\/consfriburgo.esteri.it\/de\/wp-json\/wp\/v2\/media?parent=1410"}],"curies":[{"name":"wp","href":"https:\/\/api.w.org\/{rel}","templated":true}]}}