{"id":1422,"date":"2023-05-18T10:40:13","date_gmt":"2023-05-18T08:40:13","guid":{"rendered":"https:\/\/consfriburgo.esteri.it\/gare-early-warning\/"},"modified":"2023-05-18T10:46:43","modified_gmt":"2023-05-18T08:46:43","slug":"gare-early-warning","status":"publish","type":"page","link":"https:\/\/consfriburgo.esteri.it\/de\/italia-e-germania\/diplomazia-economica\/fare-affari-in-germania\/servizi-per-le-imprese\/gare-early-warning\/","title":{"rendered":"Gare-Early Warning"},"content":{"rendered":"<p><strong>Link a\u00a0<a href=\"https:\/\/extender.esteri.it\/sito\/appalti-internazionali-anticipazioni-grandi-progetti\"><u>Extender<\/u><\/a><\/strong><\/p>\n<p><strong>ExTender<\/strong><\/p>\n<p>Informationssystem zur Ank\u00fcndigung von Wettbewerben und Gro\u00dfprojekten.<br \/>\nDas Informationssystem ist kostenfrei und wird im Rahmen eines \u00dcbereinkommens zwischen dem Ministerium f\u00fcr Ausw\u00e4rtige Angelegenheiten und Internationale Kooperation, der Union der Italienischen Handelskammern und dem Verband der italienischen Handelskammern im Ausland gef\u00f6rdert. Zweck ist eine gezielte Verbreitung von Wirtschaftsinformationen und Gesch\u00e4ftschancen, auf welche italienische Institutionen im Ausland zum Nutzen italienischer Unternehmen hinweisen. Durch eine kostenlose Registrierung auf der Seite erh\u00e4lt der Nutzer umgehend per E-Mail personalisierte Informationen zu den f\u00fcr ihn interessanten M\u00e4rkten und Bereichen, die er bei der Registrierung angegeben hat. Das System stellt f\u00fcr seine Mitglieder Informationen folgender Art bereit:<br \/>\n&#8211; internationale Ausschreibungen<br \/>\n&#8211; early warning: Vorank\u00fcndigung von Wettbewerben und Gro\u00dfprojekten<\/p>\n","protected":false},"excerpt":{"rendered":"Link a\u00a0Extender ExTender Informationssystem zur Ank\u00fcndigung von Wettbewerben und Gro\u00dfprojekten. Das Informationssystem ist kostenfrei und wird im Rahmen eines \u00dcbereinkommens zwischen dem Ministerium f\u00fcr Ausw\u00e4rtige Angelegenheiten und Internationale Kooperation, der Union der Italienischen Handelskammern und dem Verband der italienischen Handelskammern im Ausland gef\u00f6rdert. Zweck ist eine gezielte Verbreitung von Wirtschaftsinformationen und Gesch\u00e4ftschancen, auf welche italienische [&hellip;]","protected":false},"author":7,"featured_media":0,"parent":1488,"menu_order":0,"comment_status":"closed","ping_status":"closed","template":"","meta":{"footnotes":""},"class_list":["post-1422","page","type-page","status-publish","hentry"],"_links":{"self":[{"href":"https:\/\/consfriburgo.esteri.it\/de\/wp-json\/wp\/v2\/pages\/1422","targetHints":{"allow":["GET"]}}],"collection":[{"href":"https:\/\/consfriburgo.esteri.it\/de\/wp-json\/wp\/v2\/pages"}],"about":[{"href":"https:\/\/consfriburgo.esteri.it\/de\/wp-json\/wp\/v2\/types\/page"}],"author":[{"embeddable":true,"href":"https:\/\/consfriburgo.esteri.it\/de\/wp-json\/wp\/v2\/users\/7"}],"replies":[{"embeddable":true,"href":"https:\/\/consfriburgo.esteri.it\/de\/wp-json\/wp\/v2\/comments?post=1422"}],"version-history":[{"count":2,"href":"https:\/\/consfriburgo.esteri.it\/de\/wp-json\/wp\/v2\/pages\/1422\/revisions"}],"predecessor-version":[{"id":1424,"href":"https:\/\/consfriburgo.esteri.it\/de\/wp-json\/wp\/v2\/pages\/1422\/revisions\/1424"}],"up":[{"embeddable":true,"href":"https:\/\/consfriburgo.esteri.it\/de\/wp-json\/wp\/v2\/pages\/1488"}],"wp:attachment":[{"href":"https:\/\/consfriburgo.esteri.it\/de\/wp-json\/wp\/v2\/media?parent=1422"}],"curies":[{"name":"wp","href":"https:\/\/api.w.org\/{rel}","templated":true}]}}