{"id":1425,"date":"2023-05-08T12:48:09","date_gmt":"2023-05-08T10:48:09","guid":{"rendered":"https:\/\/consfriburgo.esteri.it\/assicurazione-all-export\/"},"modified":"2023-05-18T10:56:30","modified_gmt":"2023-05-18T08:56:30","slug":"assicurazione-all-export","status":"publish","type":"page","link":"https:\/\/consfriburgo.esteri.it\/de\/italia-e-germania\/diplomazia-economica\/fare-affari-in-germania\/servizi-per-le-imprese\/assicurazione-all-export\/","title":{"rendered":"Exportversicherung &#8211; SACE"},"content":{"rendered":"<article id=\"articolo_centro\" class=\"col-md-15 col-sm-15 padding_articolo item-page\" role=\"main\" aria-label=\"articolo\">\n<div>\n<p><strong>SACE S.p.A.<\/strong><br \/>\n<strong>Servizi Assicurativi del Commercio Estero<\/strong><\/p>\n<p>\u2022 Das Gesellschaftskapital der Exportkreditversicherungsgesellschaft SACE wurde vom Ministerium f\u00fcr Wirtschaft und Finanzen gezeichnet.<br \/>\n\u2022 SACE \u00fcbernimmt die Versicherung und R\u00fcckversicherung politischer, wirtschaftlicher und handelsbedingter Risiken, denen italienische Unternehmer bei internationalen Gesch\u00e4ften ausgesetzt sind.<br \/>\n\u2022 Sie unterst\u00fctzt Exporte kleiner und mittlerer italienischer Unternehmen und erleichtert den Zugang zu Versicherungsgarantien auf zwei Wegen, wobei die Unternehmen die Art ihrer Beziehung zur <a href=\"https:\/\/www.sace.it\/\">SACE<\/a> w\u00e4hlen k\u00f6nnen:<br \/>\n&#8211; Direkter Weg: Den Schwerpunkt unter den diversen Versicherungsinstrumenten bilden hier vor allen die globalen Deckungspolicen. Sie sind f\u00fcr Unternehmen gedacht, die fortlaufende Gesch\u00e4ftsbeziehungen mit verschiedenen ausl\u00e4ndischen Schuldnern haben.<br \/>\n&#8211; Indirekter Weg, d.h. T\u00e4tigkeiten, bei denen Banken und\/oder private Versicherungsgesellschaften als Vermittler fungieren.<\/p>\n<\/div>\n<hr \/>\n<div class=\"row\"><\/div>\n<\/article>\n<aside id=\"articolo_dx\" class=\"col-md-4 col-sm-4 col-xs-24\" role=\"complementary\" aria-label=\"approfondimenti\"><a title=\"SACE S.p.A.\" href=\"http:\/\/www.sace.it\/en\"><img decoding=\"async\" class=\"img-responsive\" title=\"SACE S.p.A.\" src=\"https:\/\/consfriburgo.esteri.it\/consolato_friburgo\/resource\/img\/2015\/09\/logo-sace.png\" alt=\"SACE S.p.A.\" \/><span class=\"sr-only\">SACE S.p.A.<\/span><\/a><\/p>\n<div id=\"custom_html\"><\/div>\n<\/aside>\n<h2 class=\"sr-only\"><\/h2>\n<div>\n<p>&nbsp;<\/p>\n<\/div>\n","protected":false},"excerpt":{"rendered":"SACE S.p.A. Servizi Assicurativi del Commercio Estero \u2022 Das Gesellschaftskapital der Exportkreditversicherungsgesellschaft SACE wurde vom Ministerium f\u00fcr Wirtschaft und Finanzen gezeichnet. \u2022 SACE \u00fcbernimmt die Versicherung und R\u00fcckversicherung politischer, wirtschaftlicher und handelsbedingter Risiken, denen italienische Unternehmer bei internationalen Gesch\u00e4ften ausgesetzt sind. \u2022 Sie unterst\u00fctzt Exporte kleiner und mittlerer italienischer Unternehmen und erleichtert den Zugang zu [&hellip;]","protected":false},"author":7,"featured_media":0,"parent":1488,"menu_order":0,"comment_status":"closed","ping_status":"closed","template":"","meta":{"footnotes":""},"class_list":["post-1425","page","type-page","status-publish","hentry"],"_links":{"self":[{"href":"https:\/\/consfriburgo.esteri.it\/de\/wp-json\/wp\/v2\/pages\/1425","targetHints":{"allow":["GET"]}}],"collection":[{"href":"https:\/\/consfriburgo.esteri.it\/de\/wp-json\/wp\/v2\/pages"}],"about":[{"href":"https:\/\/consfriburgo.esteri.it\/de\/wp-json\/wp\/v2\/types\/page"}],"author":[{"embeddable":true,"href":"https:\/\/consfriburgo.esteri.it\/de\/wp-json\/wp\/v2\/users\/7"}],"replies":[{"embeddable":true,"href":"https:\/\/consfriburgo.esteri.it\/de\/wp-json\/wp\/v2\/comments?post=1425"}],"version-history":[{"count":3,"href":"https:\/\/consfriburgo.esteri.it\/de\/wp-json\/wp\/v2\/pages\/1425\/revisions"}],"predecessor-version":[{"id":1428,"href":"https:\/\/consfriburgo.esteri.it\/de\/wp-json\/wp\/v2\/pages\/1425\/revisions\/1428"}],"up":[{"embeddable":true,"href":"https:\/\/consfriburgo.esteri.it\/de\/wp-json\/wp\/v2\/pages\/1488"}],"wp:attachment":[{"href":"https:\/\/consfriburgo.esteri.it\/de\/wp-json\/wp\/v2\/media?parent=1425"}],"curies":[{"name":"wp","href":"https:\/\/api.w.org\/{rel}","templated":true}]}}