{"id":1429,"date":"2023-05-08T13:59:07","date_gmt":"2023-05-08T11:59:07","guid":{"rendered":"https:\/\/consfriburgo.esteri.it\/finanziamenti-e-investimenti\/"},"modified":"2023-05-18T13:20:41","modified_gmt":"2023-05-18T11:20:41","slug":"finanziamenti-e-investimenti","status":"publish","type":"page","link":"https:\/\/consfriburgo.esteri.it\/de\/italia-e-germania\/diplomazia-economica\/fare-affari-in-germania\/servizi-per-le-imprese\/finanziamenti-e-investimenti\/","title":{"rendered":"Exportfinanzierung und Investitionen"},"content":{"rendered":"<div>\n<p><strong><a href=\"https:\/\/www.simest.it\/\">SIMEST S.p.A.<\/a><\/strong><\/p>\n<p><strong>Italienische Gesellschaft f\u00fcr Unternehmen im Ausland<\/strong><\/p>\n<p>SIMEST wurde 1991 gegr\u00fcndet, um italienische Unternehmen bei der Expansion in ausl\u00e4ndische M\u00e4rkte zu unterst\u00fctzen. Es handelt sich um eine Aktiengesellschaft mit privater Aktienbeteiligung (Banken und Unternehmen), die seit November 2012 von der Cassa Depositi e Prestiti kontrolliert wird.<br \/>\nSIMEST bietet italienischen Unternehmen Hilfe bei der Internationalisierung an und kann an ihrer Seite Beteiligungen bis zu 49 % des Gesellschaftskapitals an Unternehmen im Ausland erwerben.<br \/>\nDie Beteiligung erfolgt entweder in Form von Direktinvestitionen oder \u00fcber einen Risikokapital-Beteiligungsfonds (f\u00fcr die F\u00f6rderung von Auslandsinvestitionen in au\u00dfereurop\u00e4ischen L\u00e4ndern) und verschafft italienischen Unternehmen Zugang zu Verg\u00fcnstigungen (Zinszusch\u00fcssen) bei der Finanzierung ihrer Beteiligungsquote an Unternehmen au\u00dferhalb der Europ\u00e4ischen Union.<br \/>\nBeteiligen kann sich Simest mit bis zu 49 % auch am Gesellschaftskapital italienischer Unternehmen oder Tochtergesellschaften in der EU, die produktive, innovative und forschungsrelevante Investitionen entwickeln. Die Beteiligung erfolgt zu Marktkonditionen und ohne Verg\u00fcnstigungen, wobei den Unternehmen schnelle und effiziente Serviceleistungen geboten werden.<\/p>\n<p>WEITERE AKTIVIT\u00c4TEN<br \/>\n\u2022 Unterst\u00fctzung bei Exportkrediten f\u00fcr in Italien produzierte Investitionsg\u00fcter<br \/>\n\u2022 Finanzierung von Machbarkeitsstudien und technischen Hilfsprogrammen im Zusammenhang mit Investitionen<br \/>\n\u2022 Finanzierung von Markteintrittsprogrammen f\u00fcr ausl\u00e4ndische M\u00e4rkte<br \/>\n\u2022 Finanzierung von Ma\u00dfnahmen f\u00fcr exportierende KMU<br \/>\n\u2022 Finanzierung der erstmaligen Teilnahme an Messen und Ausstellungen<br \/>\n\u2022 Hilfe in finanziellen, rechtlichen und die Unternehmensform betreffenden Angelegenheiten im Zusammenhang mit Investitionsvorhaben im Ausland.<\/p>\n<\/div>\n<div class=\"row\"><\/div>\n","protected":false},"excerpt":{"rendered":"SIMEST S.p.A. Italienische Gesellschaft f\u00fcr Unternehmen im Ausland SIMEST wurde 1991 gegr\u00fcndet, um italienische Unternehmen bei der Expansion in ausl\u00e4ndische M\u00e4rkte zu unterst\u00fctzen. Es handelt sich um eine Aktiengesellschaft mit privater Aktienbeteiligung (Banken und Unternehmen), die seit November 2012 von der Cassa Depositi e Prestiti kontrolliert wird. SIMEST bietet italienischen Unternehmen Hilfe bei der Internationalisierung [&hellip;]","protected":false},"author":7,"featured_media":0,"parent":1488,"menu_order":0,"comment_status":"closed","ping_status":"closed","template":"","meta":{"footnotes":""},"class_list":["post-1429","page","type-page","status-publish","hentry"],"_links":{"self":[{"href":"https:\/\/consfriburgo.esteri.it\/de\/wp-json\/wp\/v2\/pages\/1429","targetHints":{"allow":["GET"]}}],"collection":[{"href":"https:\/\/consfriburgo.esteri.it\/de\/wp-json\/wp\/v2\/pages"}],"about":[{"href":"https:\/\/consfriburgo.esteri.it\/de\/wp-json\/wp\/v2\/types\/page"}],"author":[{"embeddable":true,"href":"https:\/\/consfriburgo.esteri.it\/de\/wp-json\/wp\/v2\/users\/7"}],"replies":[{"embeddable":true,"href":"https:\/\/consfriburgo.esteri.it\/de\/wp-json\/wp\/v2\/comments?post=1429"}],"version-history":[{"count":6,"href":"https:\/\/consfriburgo.esteri.it\/de\/wp-json\/wp\/v2\/pages\/1429\/revisions"}],"predecessor-version":[{"id":1493,"href":"https:\/\/consfriburgo.esteri.it\/de\/wp-json\/wp\/v2\/pages\/1429\/revisions\/1493"}],"up":[{"embeddable":true,"href":"https:\/\/consfriburgo.esteri.it\/de\/wp-json\/wp\/v2\/pages\/1488"}],"wp:attachment":[{"href":"https:\/\/consfriburgo.esteri.it\/de\/wp-json\/wp\/v2\/media?parent=1429"}],"curies":[{"name":"wp","href":"https:\/\/api.w.org\/{rel}","templated":true}]}}