{"id":1435,"date":"2023-05-08T14:10:54","date_gmt":"2023-05-08T12:10:54","guid":{"rendered":"https:\/\/consfriburgo.esteri.it\/formazione\/"},"modified":"2023-05-18T11:09:30","modified_gmt":"2023-05-18T09:09:30","slug":"formazione","status":"publish","type":"page","link":"https:\/\/consfriburgo.esteri.it\/de\/italia-e-germania\/diplomazia-economica\/fare-affari-in-germania\/servizi-per-le-imprese\/formazione\/","title":{"rendered":"Ausbildung"},"content":{"rendered":"<div class=\"sr-only\"><\/div>\n<div>\n<p><strong><a href=\"http:\/\/www.formez.it\/\">FORMEZ<\/a> PA<\/strong><\/p>\n<p>ist ein Institut, das technische Unterst\u00fctzung sowie Aus- und Weiterbildungsdienstleistungen vor allem f\u00fcr Lokalverwaltungen anbietet. In Zusammenarbeit mit \u00f6ffentlichen und privaten Organisationen beteiligt es sich an Initiativen dieser Art auf nationaler und internationaler Ebene. Die Anlaufstelle des<a href=\"http:\/\/www.formez.it\/\"> Formez<\/a> PA f\u00fcr Unternehmen erbringt st\u00e4ndige Schulungs-, Hilfs- und Beratungsleistungen.<\/p>\n<\/div>\n","protected":false},"excerpt":{"rendered":"FORMEZ PA ist ein Institut, das technische Unterst\u00fctzung sowie Aus- und Weiterbildungsdienstleistungen vor allem f\u00fcr Lokalverwaltungen anbietet. In Zusammenarbeit mit \u00f6ffentlichen und privaten Organisationen beteiligt es sich an Initiativen dieser Art auf nationaler und internationaler Ebene. Die Anlaufstelle des Formez PA f\u00fcr Unternehmen erbringt st\u00e4ndige Schulungs-, Hilfs- und Beratungsleistungen.","protected":false},"author":7,"featured_media":0,"parent":1488,"menu_order":0,"comment_status":"closed","ping_status":"closed","template":"","meta":{"footnotes":""},"class_list":["post-1435","page","type-page","status-publish","hentry"],"_links":{"self":[{"href":"https:\/\/consfriburgo.esteri.it\/de\/wp-json\/wp\/v2\/pages\/1435","targetHints":{"allow":["GET"]}}],"collection":[{"href":"https:\/\/consfriburgo.esteri.it\/de\/wp-json\/wp\/v2\/pages"}],"about":[{"href":"https:\/\/consfriburgo.esteri.it\/de\/wp-json\/wp\/v2\/types\/page"}],"author":[{"embeddable":true,"href":"https:\/\/consfriburgo.esteri.it\/de\/wp-json\/wp\/v2\/users\/7"}],"replies":[{"embeddable":true,"href":"https:\/\/consfriburgo.esteri.it\/de\/wp-json\/wp\/v2\/comments?post=1435"}],"version-history":[{"count":4,"href":"https:\/\/consfriburgo.esteri.it\/de\/wp-json\/wp\/v2\/pages\/1435\/revisions"}],"predecessor-version":[{"id":1441,"href":"https:\/\/consfriburgo.esteri.it\/de\/wp-json\/wp\/v2\/pages\/1435\/revisions\/1441"}],"up":[{"embeddable":true,"href":"https:\/\/consfriburgo.esteri.it\/de\/wp-json\/wp\/v2\/pages\/1488"}],"wp:attachment":[{"href":"https:\/\/consfriburgo.esteri.it\/de\/wp-json\/wp\/v2\/media?parent=1435"}],"curies":[{"name":"wp","href":"https:\/\/api.w.org\/{rel}","templated":true}]}}