{"id":14417,"date":"2025-11-05T16:26:28","date_gmt":"2025-11-05T15:26:28","guid":{"rendered":"https:\/\/consfriburgo.esteri.it\/?page_id=14417"},"modified":"2025-11-06T10:02:48","modified_gmt":"2025-11-06T09:02:48","slug":"italienische-staatsbuergerschaft-wiedererwerb-aufgrund-von-wohnsitz-in-italien","status":"publish","type":"page","link":"https:\/\/consfriburgo.esteri.it\/de\/servizi-consolari-e-visti\/servizi-per-il-cittadino-straniero\/cittadinanza\/italienische-staatsbuergerschaft-wiedererwerb-aufgrund-von-wohnsitz-in-italien\/","title":{"rendered":"ITALIENISCHE STAATSB\u00dcRGERSCHAFT \u2013 Wiedererwerb aufgrund von Wohnsitz in Italien"},"content":{"rendered":"<p>Seit dem 16. August 1992, Tag des Inkrafttretens des Gesetzes Nr. 91\/92 (legge n. 91\/92), f\u00fchrt der Erwerb einer ausl\u00e4ndischen Staatsb\u00fcrgerschaft nicht mehr zum Verlust der italienischen Staatsb\u00fcrgerschaft, es sei denn der italienische Staatsb\u00fcrger verzichtet formal darauf gem\u00e4\u00df \u00a7 11 des Gesetzes Nr. 91\/92 (legge n. 91\/92) \u2013 soweit nicht anders vereinbart aufgrund von internationalen Absprachen \u2013 wie z.B. in Deutschland das \u00dcbereinkommen \u00fcber die Verringerung der Mehrstaatigkeit und \u00fcber die Wehrpflicht von Mehrstaatern, unterzeichnet am 6. Mai 1963 und in Kraft bin zum 22. Dezember 2002.<\/p>\n<p>Die in das Melderegister A.I.R.E. f\u00fcr im Ausland lebende Italiener*innen (= Anagrafe degli Italiani all\u2019Estero) dieses Generalkonsulats eingetragene Mitb\u00fcrger*innen k\u00f6nnen der hausinternen Abteilung f\u00fcr Staatsb\u00fcrgerschaftsangelegenheiten (Ufficio Cittadinanza) die Kopie der Einb\u00fcrgerungsurkunde (Certificato di naturalizzazione) vorlegen, um den eigenen Eintrag im Melderegister zu aktualisieren.<\/p>\n<p>All diejenigen, die die italienische Staatsb\u00fcrgerschaft verloren haben, k\u00f6nnen sie wie folgt wieder erwerben:<\/p>\n<ol>\n<li>indem sie erkl\u00e4ren, dass sie die italienische Staatsb\u00fcrgerschaft wieder erwerben wollen (gem\u00e4\u00df den unten aufgez\u00e4hlten Bedingungen) und innerhalb eines Jahres nach Einreichung dieser Erkl\u00e4rung ihren festen Wohnsitz in Italien angemeldet haben oder anmelden werden gem\u00e4\u00df \u00a7 13, 1c) des Gesetzes vom 5. Februar 1992, Nr. 91 (= art. 13, co 1 lett. c della Legge 5 febbraio 1992, n. 91);<\/li>\n<li>ein Jahr nach Anmeldung des festen Wohnsitzes in Italien, es sei denn, sie verzichten innerhalb des gleichen Zeitraumes ausdr\u00fccklich darauf gem\u00e4\u00df \u00a7 13, 1d) des Gesetzes vom 5. Februar 1992, Nr. 91 ( = art. 13, co 1 lett. d della Legge 5 febbraio 1992, n. 91);<\/li>\n<\/ol>\n<p><strong>BEDINGUNGEN F\u00dcR DIE EINREICHUNG DES ANTRAGS\u00a0 UND NOTWENDIGE UNTERLAGEN<\/strong><br \/>\nDer*die Antragsteller*in muss innerhalb der Mehrzweckabteilung Ufficio Polifunzionale zuerst per Email einen Termin mit der hausinternen Abteilung f\u00fcr Staatsb\u00fcrgerschaftsangelegenheiten vereinbaren: friburgo.cittadinanza@esteri.it<br \/>\nUm die Willenserkl\u00e4rung zum Wiedererwerb der italienischen Staatsb\u00fcrgerschaft aufgrund von Wohnsitz in Italien einzureichen, muss folgende Dokumentation vorgelegt werden:<\/p>\n<ul>\n<li>eine erweiterte Meldebescheinigung, aus der die aktuelle Wohnanschrift, die an dieser Wohnanschrift ebenfalls gemeldeten Familienangeh\u00f6rigen, die Staatsangeh\u00f6rigkeit und der Familienstand des Antragstellers hervorgehen;<\/li>\n<li>ein Auszug aus dem Geburtsregister der Heimatgemeinde in Italien (Comune in Italia), wo die Geburt erfolgt oder registriert worden ist;<\/li>\n<li>g\u00fcltiger Reisepass oder anderes g\u00fcltiges Ausweisdokument (im Original und in Fotokopie);<\/li>\n<li>Zahlungsnachweis \u00fcber die \u00dcberweisung von \u20ac 250.- an das Italienische Inneministerium Ministero dell\u2019Interno, gem\u00e4\u00df den dort angegebenen Modalit\u00e4ten;<\/li>\n<\/ul>\n<p><strong>ZAHLUNGSEMPF\u00c4NGER: \u201cMINISTERO DELL\u2019 INTERNO D.L.C.I. \u2013 CITTADINANZA\u201d Piazzale del Viminale, 00184 ROMA (ITALIA)<\/strong><br \/>\n<strong>IBAN: IT54D0760103200000000809020<\/strong><br \/>\n<strong>SWIFT CODE: BPPIITRRXXX<\/strong><br \/>\n<strong>EUROGIRO: PIBPITRA<\/strong><br \/>\n<strong>VERWENDUNGSZWECK: (Vorname und Nachname Antrag auf Wiedererwerb der italienischen Staatsb\u00fcrgerschaft)<\/strong><\/p>\n<ul>\n<li>falls verheiratet oder geschieden, Auszug aus dem Ehe-oder Scheidungsregister, falls die Ehe oder die Scheidung im Ausland vollzogen worden sind und folglich nicht in Italien registriert worden sind;<\/li>\n<li>falls minderj\u00e4hrige Kinder im selben Haushalt, also an derselben Wohnanschrift gemeldet sind, Auszug aus dem Geburtsregister (Internationale Geburtsurkunde) und eventuelle Anerkennungen mit \u00dcbersetzung auf Italienisch wie unter folgendem\u00a0<a href=\"https:\/\/consfriburgo.esteri.it\/de\/servizi-consolari-e-visti\/servizi-per-il-cittadino-italiano\/stato-civile\/geburt\/\">Link<\/a>\u00a0erkl\u00e4rt;<\/li>\n<li>eventuelle Kopie des vorigen, italienischen Reisepasses;<\/li>\n<\/ul>\n<p>Nach Einreichung der oben angegebenen Dokumentation kann der Antragsteller in diesem Konsulat eine Willenserkl\u00e4rung zum Wiedererwerb der italienischen Staatsb\u00fcrgerschaft aufgrund von Verlegung des Wohnsitzes nach Italien\u00a0 beantragen. Der Wohnsitzwechsel muss innerhalb eines Jahres ab dem Tag der im Konsulat abgegebenen Erkl\u00e4rung erfolgen.<\/p>\n<p>Der nicht-erfolgte Wohnsitzwechsel in Italien innerhalb eines Jahres ab dem Tag der im Konsulat abgegebenen Erkl\u00e4rung f\u00fchrt zur Unwirksamkeit derselben.<\/p>\n<p>Der Antragsteller hat in Zusammenarbeit mit den Beh\u00f6rden in Italien die Bedingungen f\u00fcr einen regelrechten Aufenthalt im italienischen Staatsgebiet sowie f\u00fcr die Anmeldung im Nationalen Melderegister f\u00fcr die Ans\u00e4ssige Bev\u00f6lkerung ANPR (= Anagrafe Nazionale della Popolazione Residente) abzukl\u00e4ren.<\/p>\n","protected":false},"excerpt":{"rendered":"Seit dem 16. August 1992, Tag des Inkrafttretens des Gesetzes Nr. 91\/92 (legge n. 91\/92), f\u00fchrt der Erwerb einer ausl\u00e4ndischen Staatsb\u00fcrgerschaft nicht mehr zum Verlust der italienischen Staatsb\u00fcrgerschaft, es sei denn der italienische Staatsb\u00fcrger verzichtet formal darauf gem\u00e4\u00df \u00a7 11 des Gesetzes Nr. 91\/92 (legge n. 91\/92) \u2013 soweit nicht anders vereinbart aufgrund von internationalen [&hellip;]","protected":false},"author":4,"featured_media":0,"parent":1062,"menu_order":3,"comment_status":"closed","ping_status":"closed","template":"","meta":{"footnotes":""},"class_list":["post-14417","page","type-page","status-publish","hentry"],"_links":{"self":[{"href":"https:\/\/consfriburgo.esteri.it\/de\/wp-json\/wp\/v2\/pages\/14417","targetHints":{"allow":["GET"]}}],"collection":[{"href":"https:\/\/consfriburgo.esteri.it\/de\/wp-json\/wp\/v2\/pages"}],"about":[{"href":"https:\/\/consfriburgo.esteri.it\/de\/wp-json\/wp\/v2\/types\/page"}],"author":[{"embeddable":true,"href":"https:\/\/consfriburgo.esteri.it\/de\/wp-json\/wp\/v2\/users\/4"}],"replies":[{"embeddable":true,"href":"https:\/\/consfriburgo.esteri.it\/de\/wp-json\/wp\/v2\/comments?post=14417"}],"version-history":[{"count":1,"href":"https:\/\/consfriburgo.esteri.it\/de\/wp-json\/wp\/v2\/pages\/14417\/revisions"}],"predecessor-version":[{"id":14420,"href":"https:\/\/consfriburgo.esteri.it\/de\/wp-json\/wp\/v2\/pages\/14417\/revisions\/14420"}],"up":[{"embeddable":true,"href":"https:\/\/consfriburgo.esteri.it\/de\/wp-json\/wp\/v2\/pages\/1062"}],"wp:attachment":[{"href":"https:\/\/consfriburgo.esteri.it\/de\/wp-json\/wp\/v2\/media?parent=14417"}],"curies":[{"name":"wp","href":"https:\/\/api.w.org\/{rel}","templated":true}]}}