{"id":1442,"date":"2023-05-08T14:14:32","date_gmt":"2023-05-08T12:14:32","guid":{"rendered":"https:\/\/consfriburgo.esteri.it\/informazioni-settoriali\/"},"modified":"2023-12-01T10:47:36","modified_gmt":"2023-12-01T09:47:36","slug":"informazioni-settoriali","status":"publish","type":"page","link":"https:\/\/consfriburgo.esteri.it\/de\/italia-e-germania\/diplomazia-economica\/fare-affari-in-germania\/servizi-per-le-imprese\/informazioni-settoriali\/","title":{"rendered":"Brancheninformationen"},"content":{"rendered":"<article id=\"articolo_centro\" class=\"col-md-19 col-sm-19 padding_articolo item-page\" role=\"main\" aria-label=\"articolo\">\n<div>\n<p><strong>1. Nicht-wirtschaftliche \u00f6ffentliche Einrichtungen<\/strong><\/p>\n<p><strong>INFORMEST<\/strong><br \/>\nService- und Dokumentationszentrum f\u00fcr internationale wirtschaftliche Zusammenarbeit<\/p>\n<p>&#8211; Gemeinn\u00fctzige \u00f6ffentliche Einrichtung, die gegr\u00fcndet wurde, um Marktteilnehmern Informationsdienste, Dokumentation, Ausbildung, Unterst\u00fctzung und Beratung zu den L\u00e4ndern Osteuropas (Balkan, Mittel- und Osteuropa, GUS) und Mittel- und Ostasiens (China, Mongolei, Vietnam) anzubieten;<\/p>\n<p>&#8211; Die Dienstleistungen von Informest zur Nutzung \u00f6ffentlicher F\u00f6rderinstrumente f\u00fcr die Internationalisierung umfassen die Unterst\u00fctzung von Unternehmen bei der Beantragung von F\u00f6rdermitteln oder Beitr\u00e4gen bis zum Abschluss des entsprechenden Verfahrens;<\/p>\n<p><a href=\"http:\/\/www.informest.it\">www.informest.it<\/a><\/p>\n<p><strong>IPI<\/strong><br \/>\nInstitut f\u00fcr Industrief\u00f6rderung<\/p>\n<p>&#8211; Staatliche Einrichtung, die dem Ministerium f\u00fcr produktive T\u00e4tigkeiten untersteht und auf die F\u00f6rderung des Wachstums und der Wettbewerbsf\u00e4higkeit von Produktions- und Wirtschaftssystemen in einem globalisierten internationalen Kontext spezialisiert ist;<\/p>\n<p>&#8211; Es ist an der Konzeption, Umsetzung und Verwaltung von Programmen, Systemma\u00dfnahmen und Instrumenten beteiligt, die die Entwicklung des italienischen Unternehmertums unterst\u00fctzen sollen;<\/p>\n<p>&#8211; Sie arbeitet im Rahmen der internationalen multilateralen und bilateralen industriellen Kooperationsprozesse, die von der italienischen Regierung gef\u00f6rdert werden.<\/p>\n<p><a href=\"http:\/\/www.ipi.it\">www.ipi.it<\/a><\/p>\n<p>&nbsp;<\/p>\n<p><strong>2. Einige wichtige repr\u00e4sentative Organisationen<\/strong><\/p>\n<p><strong>CONFINDUSTRIA<\/strong><br \/>\nRepr\u00e4sentative Organisation der Produktions- und Dienstleistungsunternehmen in Italien<\/p>\n<p>&#8211; Allgemeiner Verband der italienischen Industrie, der zusammen mit politischen Institutionen und nationalen und internationalen wirtschaftlichen, sozialen und kulturellen Organisationen zum wirtschaftlichen Wachstum und sozialen Fortschritt des Landes beitr\u00e4gt;<\/p>\n<p>&#8211; setzt sich f\u00fcr die Unterst\u00fctzung wirtschaftlicher, politischer, sozialer und kultureller Organisationen im Land und in der Europ\u00e4ischen Union ein;<\/p>\n<p>&#8211; Vertritt und sch\u00fctzt den Sektor der Waren- und Dienstleistungsproduktion;<\/p>\n<p><a href=\"http:\/\/www.confindustria.it\">www.confindustria.it<\/a><\/p>\n<p>&nbsp;<\/p>\n<p><strong>CONFAPI<\/strong><br \/>\nItalienischer Verband der Klein- und Mittelst\u00e4ndischen Industrie<\/p>\n<p>&#8211; Verband, der die Interessen der kleinen und mittleren Industrie f\u00f6rdert;<\/p>\n<p>&#8211; F\u00f6rdert die wirtschaftliche und zivile Entwicklung des Landes in Verbindung mit nationalen und ausl\u00e4ndischen Organisationen und Institutionen;<\/p>\n<p><a href=\"http:\/\/www.confapi.it\">www.confapi.it<\/a><\/p>\n<p>&nbsp;<\/p>\n<p><strong>CONFCOMMERCIO<\/strong><br \/>\nAllgemeiner italienischer Verband f\u00fcr Handel, Tourismus, Dienstleistungen und KMU<\/p>\n<p>&#8211; Verband, der die Gemeinschaftspolitiken des Sektors definiert und mit der Europ\u00e4ischen Union zusammenarbeitet;<\/p>\n<p>&#8211; Unterst\u00fctzt und k\u00fcmmert sich um den Papierkram f\u00fcr die Gew\u00e4hrung von Beitr\u00e4gen f\u00fcr Werbeaktivit\u00e4ten im Ausland;<\/p>\n<p>&#8211; Er sorgt f\u00fcr die Identifizierung von Absatzm\u00e4rkten und sucht nach Namen von potenziellen K\u00e4ufern auf internationalen M\u00e4rkten;<\/p>\n<p><a href=\"http:\/\/www.confcommercio.it\">www.confcommercio.it<\/a><\/p>\n<p>&nbsp;<\/p>\n<p><strong>CONFAPI<\/strong><br \/>\nItalienischer Verband der kleinen und mittelst\u00e4ndischen Industrie<\/p>\n<p>&#8211; Verband, der die Interessen der kleinen und mittleren Industrie f\u00f6rdert;<\/p>\n<p>&#8211; F\u00f6rdert die wirtschaftliche und zivile Entwicklung des Landes in Verbindung mit nationalen und ausl\u00e4ndischen Organisationen und Institutionen;<\/p>\n<p><a href=\"http:\/\/www.confapi.it\">www.confapi.it<\/a><\/p>\n<p>&nbsp;<\/p>\n<p><strong>CONFCOMMERCIO<\/strong><br \/>\nAllgemeiner italienischer Verband f\u00fcr Handel, Tourismus, Dienstleistungen und KMU<\/p>\n<p>&#8211; Verband, der die Gemeinschaftspolitiken des Sektors definiert und mit der Europ\u00e4ischen Union zusammenarbeitet;<\/p>\n<p>&#8211; Unterst\u00fctzt und k\u00fcmmert sich um den Papierkram f\u00fcr die Gew\u00e4hrung von Beitr\u00e4gen f\u00fcr Werbeaktivit\u00e4ten im Ausland;<\/p>\n<p>&#8211; Er sorgt f\u00fcr die Identifizierung von Absatzm\u00e4rkten und sucht nach Namen von potenziellen K\u00e4ufern auf internationalen M\u00e4rkten;<\/p>\n<p>www.confcommercio.it<\/p>\n<p>&nbsp;<\/p>\n<p><strong>CONFARTIGIANATO<\/strong><br \/>\nInformations- und Vertretungsorganisation f\u00fcr Handwerksbetriebe<\/p>\n<p>&#8211; Verband, der die Entwicklung neuer Unternehmen durch Schulungen und Informationen \u00fcber nationale und lokale M\u00f6glichkeiten und Einrichtungen unterst\u00fctzt;<\/p>\n<p>&#8211; Erm\u00f6glicht eine erste Bewertung der Qualit\u00e4t des Gesch\u00e4ftsprojekts und bietet grundlegende Beratung zu Rechtsvorschriften, Krediten, Steuern und Umwelt;<\/p>\n<p>&#8211; bietet eine subventionierte Finanzierung an, um das &#8222;Gesch\u00e4ftsprojekt&#8220; mit den notwendigen Instrumenten auszustatten, um es zu verwirklichen;<\/p>\n<p><a href=\"http:\/\/www.confartigianato.it\">www.confartigianato.it<\/a><\/p>\n<p>&nbsp;<\/p>\n<p><strong>CNA<\/strong><br \/>\nNationale Konf\u00f6deration der Handwerker und der kleinen und mittleren Unternehmen<\/p>\n<p>&#8211; Organisation, die Handwerksbetriebe vertritt;<\/p>\n<p>&#8211; Erarbeitet Strategien f\u00fcr den Sektor und bietet einen Informationsdienst \u00fcber die von der Europ\u00e4ischen Union vorgeschlagenen M\u00f6glichkeiten, Programme und Ausschreibungen;<\/p>\n<p>&#8211; Er repr\u00e4sentiert die Welt der Selbstst\u00e4ndigen, indem er Berater, Fachleute und Mitarbeiter unter dem Namen &#8222;CNA in proprio&#8220; zusammenbringt;<\/p>\n<p><a href=\"http:\/\/www.cna.it\">www.cna.it<\/a><\/p>\n<p>&nbsp;<\/p>\n<p><strong>CONFAGRICOLTURA<\/strong><br \/>\nItalienische Landwirtschaftsorganisation<\/p>\n<p>&#8211; Verband zur F\u00f6rderung, Unterst\u00fctzung und Koordinierung wirtschaftlicher Aktivit\u00e4ten f\u00fcr einzelne Produkte oder Produktionsbereiche;<\/p>\n<p>&#8211; Vertritt und sch\u00fctzt die Mitgliedsunternehmen gegen\u00fcber den Institutionen;<\/p>\n<p>&#8211; stellt seinen Mitgliedern qualifizierte Dienstleistungen verschiedener Art zur Verf\u00fcgung (Rechtsberatung, Ausbildung und technische Unterst\u00fctzung f\u00fcr die Betriebsf\u00fchrung);<\/p>\n<p><a href=\"http:\/\/www.confagricoltura.it\">www.confagricoltura.it<\/a><\/p>\n<p>&nbsp;<\/p>\n<p>&nbsp;<\/p>\n<\/div>\n<\/article>\n","protected":false},"excerpt":{"rendered":"1. Nicht-wirtschaftliche \u00f6ffentliche Einrichtungen INFORMEST Service- und Dokumentationszentrum f\u00fcr internationale wirtschaftliche Zusammenarbeit &#8211; Gemeinn\u00fctzige \u00f6ffentliche Einrichtung, die gegr\u00fcndet wurde, um Marktteilnehmern Informationsdienste, Dokumentation, Ausbildung, Unterst\u00fctzung und Beratung zu den L\u00e4ndern Osteuropas (Balkan, Mittel- und Osteuropa, GUS) und Mittel- und Ostasiens (China, Mongolei, Vietnam) anzubieten; &#8211; Die Dienstleistungen von Informest zur Nutzung \u00f6ffentlicher F\u00f6rderinstrumente f\u00fcr die [&hellip;]","protected":false},"author":7,"featured_media":0,"parent":1488,"menu_order":0,"comment_status":"closed","ping_status":"closed","template":"","meta":{"footnotes":""},"class_list":["post-1442","page","type-page","status-publish","hentry"],"_links":{"self":[{"href":"https:\/\/consfriburgo.esteri.it\/de\/wp-json\/wp\/v2\/pages\/1442","targetHints":{"allow":["GET"]}}],"collection":[{"href":"https:\/\/consfriburgo.esteri.it\/de\/wp-json\/wp\/v2\/pages"}],"about":[{"href":"https:\/\/consfriburgo.esteri.it\/de\/wp-json\/wp\/v2\/types\/page"}],"author":[{"embeddable":true,"href":"https:\/\/consfriburgo.esteri.it\/de\/wp-json\/wp\/v2\/users\/7"}],"replies":[{"embeddable":true,"href":"https:\/\/consfriburgo.esteri.it\/de\/wp-json\/wp\/v2\/comments?post=1442"}],"version-history":[{"count":7,"href":"https:\/\/consfriburgo.esteri.it\/de\/wp-json\/wp\/v2\/pages\/1442\/revisions"}],"predecessor-version":[{"id":4298,"href":"https:\/\/consfriburgo.esteri.it\/de\/wp-json\/wp\/v2\/pages\/1442\/revisions\/4298"}],"up":[{"embeddable":true,"href":"https:\/\/consfriburgo.esteri.it\/de\/wp-json\/wp\/v2\/pages\/1488"}],"wp:attachment":[{"href":"https:\/\/consfriburgo.esteri.it\/de\/wp-json\/wp\/v2\/media?parent=1442"}],"curies":[{"name":"wp","href":"https:\/\/api.w.org\/{rel}","templated":true}]}}