{"id":14432,"date":"2025-11-05T16:34:47","date_gmt":"2025-11-05T15:34:47","guid":{"rendered":"https:\/\/consfriburgo.esteri.it\/?page_id=14432"},"modified":"2025-11-05T16:37:22","modified_gmt":"2025-11-05T15:37:22","slug":"italienische-staatsbuergerschaft-verzicht","status":"publish","type":"page","link":"https:\/\/consfriburgo.esteri.it\/de\/servizi-consolari-e-visti\/servizi-per-il-cittadino-straniero\/cittadinanza\/italienische-staatsbuergerschaft-verzicht\/","title":{"rendered":"ITALIENISCHE STAATSB\u00dcRGERSCHAFT \u2013 Verzicht"},"content":{"rendered":"<p><strong>ABTEILUNG F\u00dcR STAATSB\u00dcRGERSCHAFTSANGELEGENHEITEN<\/strong><br \/>\nfriburgo.cittadinanza@esteri.it<\/p>\n<p>Italienischen Staatsb\u00fcrger*innen k\u00f6nnen freiwillig auf die italienische Staatsb\u00fcrgerschaft verzichten, unter der Bedingung, dass sie ihren Wohnsitz ins Ausland verlegen oder bereits verlegt haben, und wenn sie andere Staatsb\u00fcrgerschaften besitzen gem\u00e4\u00df Gesetz 91\/1992, \u00a711 (Art. 11, Gesetz Nr. 91 vom 5. Februar 1992).<br \/>\nDie M\u00f6glichkeit, auf die italienische Staatsb\u00fcrgerschaft zu verzichten, kann nur von vollj\u00e4hrigen Italiener*innen in Anspruch genommen werden.<br \/>\nAll diejenigen, die die italienische Staatsb\u00fcrgerschaft als minderj\u00e4hriges Kind erhalten haben \u2013 aufgrund von Zusammenleben mit einem italienischen Elternteil, der entweder die italienische Staatsb\u00fcrgerschaft bekommen oder wieder erworben hat \u2013 k\u00f6nnen auf diese verzichten (es gibt kein zeitliches Limit); aber erst sobald sie vollj\u00e4hrig sind und unter der Bedingung, dass sie eine weitere Staatsb\u00fcrgerschaft besitzen (Art. 14 des Gesetzes 91\/1992.<\/p>\n<p>Um einen Termin f\u00fcr den Verzicht der italienischen Staatsb\u00fcrgerschaft zu vereinbaren, muss mann einen Termin mit der Abteilung f\u00fcr Staatsb\u00fcrgerschaftsangelegenheiten vereinbaren:<br \/>\nfriburgo.cittadinanza@esteri.it<\/p>\n<p>Folgende Unterlagen sind notwendig:<\/p>\n<ol>\n<li><strong>Auszug aus dem Geburtenregister<\/strong>, ausgestellt von der italienischen Heimatgemeinde (Comune in Italia), in der die Geburt erfolgt oder registriert worden ist;<\/li>\n<li><strong>italienischer Reisepass und italienischer Personalausweis<\/strong>;<\/li>\n<li><strong>deutscher bzw. ausl\u00e4ndischer Reisepass oder Personalausweis<\/strong>;<\/li>\n<li>vom deutschen Einwohnermeldeamt ausgestellte\u00a0<strong>erweiterte Meldebescheinigung<\/strong>;<\/li>\n<li><strong>Zahlungsbest\u00e4tigung<\/strong>\u00a0der \u00dcberweisung in H\u00f6he von \u20ac 250.- an das italienische Innenministerium Ministero dell\u2019Interno<\/li>\n<\/ol>\n<p><strong>ZAHLUNGSEMPF\u00c4NGER<\/strong>: \u201cMINISTERO DELL\u2019 INTERNO D.L.C.I. \u2013 CITTADINANZA\u201d, Piazzale del Viminale, 00184 ROMA (ITALIA)<br \/>\n<strong>CODICE IBAN<\/strong>: IT54D0760103200000000809020<br \/>\n<strong>SWIFT CODE<\/strong>: BPPIITRRXXX<br \/>\n<strong>EUROGIRO<\/strong>: PIBPITRA<br \/>\n<strong>Verwendungszweck<\/strong>: Vorname Nachname Verzicht auf die italienische Staatsb\u00fcrgerschaft (nome cognome rinuncia alla cittadinanza italiana)<\/p>\n<p>F\u00fcr den Verzicht auf die italienische Staatsangeh\u00f6rigkeit wird zus\u00e4tzlich\u00a0<strong>eine konsularische Geb\u00fchr in H\u00f6he von 50\u20ac<\/strong> in diesem Konsulat erhoben (Art. 4. lett. b) des <a href=\"https:\/\/conscolonia.esteri.it\/wp-content\/uploads\/2025\/02\/tariffa_consolare_aggiornata__2025rev-FINale.pdf\">konsularischen Tarifverzeichnisses<\/a>, zuletzt ge\u00e4ndert durch gesetzesvertretendes\u00a0Dekret Nr. 139\/2024).<\/p>\n","protected":false},"excerpt":{"rendered":"ABTEILUNG F\u00dcR STAATSB\u00dcRGERSCHAFTSANGELEGENHEITEN friburgo.cittadinanza@esteri.it Italienischen Staatsb\u00fcrger*innen k\u00f6nnen freiwillig auf die italienische Staatsb\u00fcrgerschaft verzichten, unter der Bedingung, dass sie ihren Wohnsitz ins Ausland verlegen oder bereits verlegt haben, und wenn sie andere Staatsb\u00fcrgerschaften besitzen gem\u00e4\u00df Gesetz 91\/1992, \u00a711 (Art. 11, Gesetz Nr. 91 vom 5. Februar 1992). Die M\u00f6glichkeit, auf die italienische Staatsb\u00fcrgerschaft zu verzichten, kann [&hellip;]","protected":false},"author":4,"featured_media":0,"parent":1062,"menu_order":5,"comment_status":"closed","ping_status":"closed","template":"","meta":{"footnotes":""},"class_list":["post-14432","page","type-page","status-publish","hentry"],"_links":{"self":[{"href":"https:\/\/consfriburgo.esteri.it\/de\/wp-json\/wp\/v2\/pages\/14432","targetHints":{"allow":["GET"]}}],"collection":[{"href":"https:\/\/consfriburgo.esteri.it\/de\/wp-json\/wp\/v2\/pages"}],"about":[{"href":"https:\/\/consfriburgo.esteri.it\/de\/wp-json\/wp\/v2\/types\/page"}],"author":[{"embeddable":true,"href":"https:\/\/consfriburgo.esteri.it\/de\/wp-json\/wp\/v2\/users\/4"}],"replies":[{"embeddable":true,"href":"https:\/\/consfriburgo.esteri.it\/de\/wp-json\/wp\/v2\/comments?post=14432"}],"version-history":[{"count":1,"href":"https:\/\/consfriburgo.esteri.it\/de\/wp-json\/wp\/v2\/pages\/14432\/revisions"}],"predecessor-version":[{"id":14435,"href":"https:\/\/consfriburgo.esteri.it\/de\/wp-json\/wp\/v2\/pages\/14432\/revisions\/14435"}],"up":[{"embeddable":true,"href":"https:\/\/consfriburgo.esteri.it\/de\/wp-json\/wp\/v2\/pages\/1062"}],"wp:attachment":[{"href":"https:\/\/consfriburgo.esteri.it\/de\/wp-json\/wp\/v2\/media?parent=14432"}],"curies":[{"name":"wp","href":"https:\/\/api.w.org\/{rel}","templated":true}]}}