{"id":14444,"date":"2025-07-02T17:34:46","date_gmt":"2025-07-02T15:34:46","guid":{"rendered":"https:\/\/consfriburgo.esteri.it\/?page_id=14444"},"modified":"2025-11-06T10:21:28","modified_gmt":"2025-11-06T09:21:28","slug":"italienische-staatsbuergerschaft-bescheinigung-des-nicht-verzichts","status":"publish","type":"page","link":"https:\/\/consfriburgo.esteri.it\/de\/servizi-consolari-e-visti\/servizi-per-il-cittadino-straniero\/cittadinanza\/italienische-staatsbuergerschaft-bescheinigung-des-nicht-verzichts\/","title":{"rendered":"ITALIENISCHE STAATSB\u00dcRGERSCHAFT \u2013 Bescheinigung des \u201eNicht-Verzichts\u201c"},"content":{"rendered":"<p>Wenn der\/die Betroffene entschieden hat, seinen festen Wohnsitz in Italien zu errichten, dann sind die Beh\u00f6rden der italienischen Gemeinde f\u00fcr die Anerkennung der italienischen Staatsb\u00fcrgerschaft zust\u00e4ndig. Sobald die Registrierung im Einwohnermelderegister vollzogen worden ist, kann der ausl\u00e4ndische Staatsb\u00fcrger das Verfahren f\u00fcr die Anerkennung der Staatsb\u00fcrgerschaft\u00a0<em>iure sanguinis<\/em>\u00a0(hierf\u00fcr sind per Gesetz insgesamt 180 Tage vorgesehen) beantragen, indem er die vom Rundschreiben K 28.1\/1991 (Circolare K.28.1\/1991) vorgesehenen Unterlagen vorlegt. Es ist nicht m\u00f6glich, dass der\/die Betroffene hiermit einen Anwalt oder jemand anderes an seiner statt beauftragt: der\/die Betroffene muss pers\u00f6nlich in dem betreffenden Bezirk anwesend sein.<\/p>\n<p>Der Antrag auf Ausstellung der Bescheinigung \u00fcber \u201eVers\u00e4umnis des Verzichts \/ Nicht-Verzichts\u201c\u201c wird direkt von der italienischen Herkunftsgemeinde beim Konsulat gestellt, und zwar ausschlie\u00dflich mittels zertifizierter Email PEC (posta elettronica certificata).<br \/>\nDie Antwort des Konsulats bei der Herkunftsgemeinde (und nicht beim\/bei der Betroffenen) erfolgt immer nur mittels zertifizierter Email PEC (posta elettronica certificata), falls der Antrag formal korrekt gestellt worden ist.<\/p>\n<p>Die Betroffenen k\u00f6nnen sich nicht bez\u00fcglich von Gemeinden oder von anderen Konsularb\u00fcros durchgef\u00fchrten Verfahren direkt an das betreffende Konsularb\u00fcro wenden, da dieses nicht in Kenntnis der \u00fcber den eigenen Verantwortungsrahmen herausgehenden Zustand der Verfahren ist.<\/p>\n","protected":false},"excerpt":{"rendered":"Wenn der\/die Betroffene entschieden hat, seinen festen Wohnsitz in Italien zu errichten, dann sind die Beh\u00f6rden der italienischen Gemeinde f\u00fcr die Anerkennung der italienischen Staatsb\u00fcrgerschaft zust\u00e4ndig. Sobald die Registrierung im Einwohnermelderegister vollzogen worden ist, kann der ausl\u00e4ndische Staatsb\u00fcrger das Verfahren f\u00fcr die Anerkennung der Staatsb\u00fcrgerschaft\u00a0iure sanguinis\u00a0(hierf\u00fcr sind per Gesetz insgesamt 180 Tage vorgesehen) beantragen, indem [&hellip;]","protected":false},"author":4,"featured_media":0,"parent":1062,"menu_order":7,"comment_status":"closed","ping_status":"closed","template":"","meta":{"footnotes":""},"class_list":["post-14444","page","type-page","status-publish","hentry"],"_links":{"self":[{"href":"https:\/\/consfriburgo.esteri.it\/de\/wp-json\/wp\/v2\/pages\/14444","targetHints":{"allow":["GET"]}}],"collection":[{"href":"https:\/\/consfriburgo.esteri.it\/de\/wp-json\/wp\/v2\/pages"}],"about":[{"href":"https:\/\/consfriburgo.esteri.it\/de\/wp-json\/wp\/v2\/types\/page"}],"author":[{"embeddable":true,"href":"https:\/\/consfriburgo.esteri.it\/de\/wp-json\/wp\/v2\/users\/4"}],"replies":[{"embeddable":true,"href":"https:\/\/consfriburgo.esteri.it\/de\/wp-json\/wp\/v2\/comments?post=14444"}],"version-history":[{"count":1,"href":"https:\/\/consfriburgo.esteri.it\/de\/wp-json\/wp\/v2\/pages\/14444\/revisions"}],"predecessor-version":[{"id":14447,"href":"https:\/\/consfriburgo.esteri.it\/de\/wp-json\/wp\/v2\/pages\/14444\/revisions\/14447"}],"up":[{"embeddable":true,"href":"https:\/\/consfriburgo.esteri.it\/de\/wp-json\/wp\/v2\/pages\/1062"}],"wp:attachment":[{"href":"https:\/\/consfriburgo.esteri.it\/de\/wp-json\/wp\/v2\/media?parent=14444"}],"curies":[{"name":"wp","href":"https:\/\/api.w.org\/{rel}","templated":true}]}}