{"id":1445,"date":"2023-03-01T15:03:53","date_gmt":"2023-03-01T14:03:53","guid":{"rendered":"https:\/\/consfriburgo.esteri.it\/italia-e-germania\/diplomazia-economica\/fare-affari-in-italia\/quadro-macroeconomico\/"},"modified":"2023-05-18T12:13:13","modified_gmt":"2023-05-18T10:13:13","slug":"quadro-macroeconomico","status":"publish","type":"page","link":"https:\/\/consfriburgo.esteri.it\/de\/italia-e-germania\/diplomazia-economica\/fare-affari-in-italia\/quadro-macroeconomico\/","title":{"rendered":"Gesamtwirtschaftliche Rahmenbedingungen"},"content":{"rendered":"<p><strong><a href=\"http:\/\/www.bancaditalia.it\/\">Website der Italienischen Zentralbank<\/a><\/strong><\/p>\n<p>&nbsp;<\/p>\n<p>Auf der Homepage der Italienischen Zentralbank k\u00f6nnen Sie einen Bereich mit Ver\u00f6ffentlichungen finden, \u00fcber den Sie Zugang zu wirtschaftlichen, statistischen und geldpolitischen Diensten in Italien haben.<\/p>\n<p>Von besonderem Interesse f\u00fcr eine genaue und aktuelle Analyse der nationalen Wirtschaftslage ist das Wirtschaftsbulletin, das vom Institut jedes Jahr im November und M\u00e4rz aktualisiert wird.<\/p>\n<p>&nbsp;<\/p>\n<p>&nbsp;<\/p>\n<p>&nbsp;<\/p>\n","protected":false},"excerpt":{"rendered":"Website der Italienischen Zentralbank &nbsp; Auf der Homepage der Italienischen Zentralbank k\u00f6nnen Sie einen Bereich mit Ver\u00f6ffentlichungen finden, \u00fcber den Sie Zugang zu wirtschaftlichen, statistischen und geldpolitischen Diensten in Italien haben. Von besonderem Interesse f\u00fcr eine genaue und aktuelle Analyse der nationalen Wirtschaftslage ist das Wirtschaftsbulletin, das vom Institut jedes Jahr im November und M\u00e4rz [&hellip;]","protected":false},"author":7,"featured_media":0,"parent":954,"menu_order":0,"comment_status":"closed","ping_status":"closed","template":"","meta":{"footnotes":""},"class_list":["post-1445","page","type-page","status-publish","hentry"],"_links":{"self":[{"href":"https:\/\/consfriburgo.esteri.it\/de\/wp-json\/wp\/v2\/pages\/1445","targetHints":{"allow":["GET"]}}],"collection":[{"href":"https:\/\/consfriburgo.esteri.it\/de\/wp-json\/wp\/v2\/pages"}],"about":[{"href":"https:\/\/consfriburgo.esteri.it\/de\/wp-json\/wp\/v2\/types\/page"}],"author":[{"embeddable":true,"href":"https:\/\/consfriburgo.esteri.it\/de\/wp-json\/wp\/v2\/users\/7"}],"replies":[{"embeddable":true,"href":"https:\/\/consfriburgo.esteri.it\/de\/wp-json\/wp\/v2\/comments?post=1445"}],"version-history":[{"count":5,"href":"https:\/\/consfriburgo.esteri.it\/de\/wp-json\/wp\/v2\/pages\/1445\/revisions"}],"predecessor-version":[{"id":1450,"href":"https:\/\/consfriburgo.esteri.it\/de\/wp-json\/wp\/v2\/pages\/1445\/revisions\/1450"}],"up":[{"embeddable":true,"href":"https:\/\/consfriburgo.esteri.it\/de\/wp-json\/wp\/v2\/pages\/954"}],"wp:attachment":[{"href":"https:\/\/consfriburgo.esteri.it\/de\/wp-json\/wp\/v2\/media?parent=1445"}],"curies":[{"name":"wp","href":"https:\/\/api.w.org\/{rel}","templated":true}]}}