{"id":1454,"date":"2023-03-01T15:08:29","date_gmt":"2023-03-01T14:08:29","guid":{"rendered":"https:\/\/consfriburgo.esteri.it\/ice\/"},"modified":"2023-05-18T12:27:13","modified_gmt":"2023-05-18T10:27:13","slug":"ice","status":"publish","type":"page","link":"https:\/\/consfriburgo.esteri.it\/de\/italia-e-germania\/diplomazia-economica\/fare-affari-in-italia\/link-utili\/ice\/","title":{"rendered":"ICE \u2013 Italienische Agentur f\u00fcr Au\u00dfenhandel"},"content":{"rendered":"<p><a href=\"https:\/\/www.ice.it\/it\"><strong>ICE-Website<\/strong><\/a><\/p>\n<p><strong>ICE \u2013 Italienische Agentur f\u00fcr Au\u00dfenhandel\u00a0<\/strong>ist eine \u00f6ffentlich-rechtliche K\u00f6rperschaft. Sie hat die Aufgabe, die italienischen Wirtschafts- und Handelsbeziehungen im Ausland zu entwickeln, zu erleichtern und zu f\u00f6rdern. Besonderes Augenmerk gilt dabei den Bed\u00fcrfnissen kleiner und mittlerer Unternehmen, ihrer Konsortien und Zusammenschl\u00fcsse.<br \/>\nDas weltweite ICE-Netz bietet italienischen Unternehmen mit 79 B\u00fcros Hilfe und Beratung an.<br \/>\nDie T\u00e4tigkeit dieser ICE-Auslandsb\u00fcros ist darauf ausgerichtet, Hilfs- und Beratungsdienstleistungen anzubieten, Werbeaktionen f\u00fcr einzelne Unternehmen und den Standort Italien zu entwickeln, Informationen \u00fcber das Land, Gesch\u00e4ftschancen, internationale Ausschreibungen und Investitionen nach und aus Italien zu erstellen.<\/p>\n","protected":false},"excerpt":{"rendered":"ICE-Website ICE \u2013 Italienische Agentur f\u00fcr Au\u00dfenhandel\u00a0ist eine \u00f6ffentlich-rechtliche K\u00f6rperschaft. Sie hat die Aufgabe, die italienischen Wirtschafts- und Handelsbeziehungen im Ausland zu entwickeln, zu erleichtern und zu f\u00f6rdern. Besonderes Augenmerk gilt dabei den Bed\u00fcrfnissen kleiner und mittlerer Unternehmen, ihrer Konsortien und Zusammenschl\u00fcsse. Das weltweite ICE-Netz bietet italienischen Unternehmen mit 79 B\u00fcros Hilfe und Beratung an. [&hellip;]","protected":false},"author":7,"featured_media":0,"parent":1462,"menu_order":0,"comment_status":"closed","ping_status":"closed","template":"","meta":{"footnotes":""},"class_list":["post-1454","page","type-page","status-publish","hentry"],"_links":{"self":[{"href":"https:\/\/consfriburgo.esteri.it\/de\/wp-json\/wp\/v2\/pages\/1454","targetHints":{"allow":["GET"]}}],"collection":[{"href":"https:\/\/consfriburgo.esteri.it\/de\/wp-json\/wp\/v2\/pages"}],"about":[{"href":"https:\/\/consfriburgo.esteri.it\/de\/wp-json\/wp\/v2\/types\/page"}],"author":[{"embeddable":true,"href":"https:\/\/consfriburgo.esteri.it\/de\/wp-json\/wp\/v2\/users\/7"}],"replies":[{"embeddable":true,"href":"https:\/\/consfriburgo.esteri.it\/de\/wp-json\/wp\/v2\/comments?post=1454"}],"version-history":[{"count":2,"href":"https:\/\/consfriburgo.esteri.it\/de\/wp-json\/wp\/v2\/pages\/1454\/revisions"}],"predecessor-version":[{"id":1457,"href":"https:\/\/consfriburgo.esteri.it\/de\/wp-json\/wp\/v2\/pages\/1454\/revisions\/1457"}],"up":[{"embeddable":true,"href":"https:\/\/consfriburgo.esteri.it\/de\/wp-json\/wp\/v2\/pages\/1462"}],"wp:attachment":[{"href":"https:\/\/consfriburgo.esteri.it\/de\/wp-json\/wp\/v2\/media?parent=1454"}],"curies":[{"name":"wp","href":"https:\/\/api.w.org\/{rel}","templated":true}]}}