{"id":1458,"date":"2023-03-01T15:19:52","date_gmt":"2023-03-01T14:19:52","guid":{"rendered":"https:\/\/consfriburgo.esteri.it\/sviluppo-italia\/"},"modified":"2023-05-18T12:31:20","modified_gmt":"2023-05-18T10:31:20","slug":"sviluppo-italia","status":"publish","type":"page","link":"https:\/\/consfriburgo.esteri.it\/de\/italia-e-germania\/diplomazia-economica\/fare-affari-in-italia\/link-utili\/sviluppo-italia\/","title":{"rendered":"Invitalia"},"content":{"rendered":"<p><strong><a href=\"https:\/\/www.invitalia.it\/\">Invitalia &#8211; Website<\/a><\/strong><\/p>\n<p>Invitalia, die nationale Agentur f\u00fcr die Anwerbung von Investitionen und Unternehmensentwicklung handelt im Auftrag der Regierung, um die Wettbewerbsf\u00e4higkeit des Landes, besonders S\u00fcditaliens, zu st\u00e4rken und entwicklungsstrategische Bereiche zu unterst\u00fctzen. Sie verfolgt vorrangig folgende Ziele: F\u00f6rderung von Investitionen aus dem Ausland, Unterst\u00fctzung von Innovation und Wachstum des Produktionssystems, Aussch\u00f6pfen der Kapazit\u00e4ten der verschiedenen Regionen.<\/p>\n<p>&nbsp;<\/p>\n","protected":false},"excerpt":{"rendered":"Invitalia &#8211; Website Invitalia, die nationale Agentur f\u00fcr die Anwerbung von Investitionen und Unternehmensentwicklung handelt im Auftrag der Regierung, um die Wettbewerbsf\u00e4higkeit des Landes, besonders S\u00fcditaliens, zu st\u00e4rken und entwicklungsstrategische Bereiche zu unterst\u00fctzen. Sie verfolgt vorrangig folgende Ziele: F\u00f6rderung von Investitionen aus dem Ausland, Unterst\u00fctzung von Innovation und Wachstum des Produktionssystems, Aussch\u00f6pfen der Kapazit\u00e4ten der [&hellip;]","protected":false},"author":7,"featured_media":0,"parent":1462,"menu_order":0,"comment_status":"closed","ping_status":"closed","template":"","meta":{"footnotes":""},"class_list":["post-1458","page","type-page","status-publish","hentry"],"_links":{"self":[{"href":"https:\/\/consfriburgo.esteri.it\/de\/wp-json\/wp\/v2\/pages\/1458","targetHints":{"allow":["GET"]}}],"collection":[{"href":"https:\/\/consfriburgo.esteri.it\/de\/wp-json\/wp\/v2\/pages"}],"about":[{"href":"https:\/\/consfriburgo.esteri.it\/de\/wp-json\/wp\/v2\/types\/page"}],"author":[{"embeddable":true,"href":"https:\/\/consfriburgo.esteri.it\/de\/wp-json\/wp\/v2\/users\/7"}],"replies":[{"embeddable":true,"href":"https:\/\/consfriburgo.esteri.it\/de\/wp-json\/wp\/v2\/comments?post=1458"}],"version-history":[{"count":3,"href":"https:\/\/consfriburgo.esteri.it\/de\/wp-json\/wp\/v2\/pages\/1458\/revisions"}],"predecessor-version":[{"id":1461,"href":"https:\/\/consfriburgo.esteri.it\/de\/wp-json\/wp\/v2\/pages\/1458\/revisions\/1461"}],"up":[{"embeddable":true,"href":"https:\/\/consfriburgo.esteri.it\/de\/wp-json\/wp\/v2\/pages\/1462"}],"wp:attachment":[{"href":"https:\/\/consfriburgo.esteri.it\/de\/wp-json\/wp\/v2\/media?parent=1458"}],"curies":[{"name":"wp","href":"https:\/\/api.w.org\/{rel}","templated":true}]}}