{"id":1465,"date":"2023-03-01T15:23:22","date_gmt":"2023-03-01T14:23:22","guid":{"rendered":"https:\/\/consfriburgo.esteri.it\/italia-e-germania\/diplomazia-economica\/fare-affari-in-italia\/link-utili\/assocamerestero\/"},"modified":"2023-05-18T12:39:38","modified_gmt":"2023-05-18T10:39:38","slug":"assocamerestero","status":"publish","type":"page","link":"https:\/\/consfriburgo.esteri.it\/de\/italia-e-germania\/diplomazia-economica\/fare-affari-in-italia\/link-utili\/assocamerestero\/","title":{"rendered":"Assocamerestero"},"content":{"rendered":"<p><a href=\"http:\/\/www.assocamerestero.it\/\"><strong>Assocamerestero &#8211; Website<\/strong><\/a><\/p>\n<p>ASSOCAMERESTERO vertritt als Verband die italienischen Auslandshandelskammern und Unioncamere. Im Mittelpunkt seiner st\u00e4ndigen Arbeit steht die strategische Ausrichtung der weltweiten Aktivit\u00e4ten der Italienischen Handelskammern im Dienste der internationalen Ausrichtung mittelst\u00e4ndischer Unternehmen und der Werbung f\u00fcr das Made in Italy. Zu diesem Zweck bietet er gezielte organisatorische und projektbezogene Unterst\u00fctzung an.<\/p>\n<p>&nbsp;<\/p>\n<p>&nbsp;<\/p>\n","protected":false},"excerpt":{"rendered":"Assocamerestero &#8211; Website ASSOCAMERESTERO vertritt als Verband die italienischen Auslandshandelskammern und Unioncamere. Im Mittelpunkt seiner st\u00e4ndigen Arbeit steht die strategische Ausrichtung der weltweiten Aktivit\u00e4ten der Italienischen Handelskammern im Dienste der internationalen Ausrichtung mittelst\u00e4ndischer Unternehmen und der Werbung f\u00fcr das Made in Italy. Zu diesem Zweck bietet er gezielte organisatorische und projektbezogene Unterst\u00fctzung an. &nbsp; &nbsp;","protected":false},"author":7,"featured_media":0,"parent":1462,"menu_order":0,"comment_status":"closed","ping_status":"closed","template":"","meta":{"footnotes":""},"class_list":["post-1465","page","type-page","status-publish","hentry"],"_links":{"self":[{"href":"https:\/\/consfriburgo.esteri.it\/de\/wp-json\/wp\/v2\/pages\/1465","targetHints":{"allow":["GET"]}}],"collection":[{"href":"https:\/\/consfriburgo.esteri.it\/de\/wp-json\/wp\/v2\/pages"}],"about":[{"href":"https:\/\/consfriburgo.esteri.it\/de\/wp-json\/wp\/v2\/types\/page"}],"author":[{"embeddable":true,"href":"https:\/\/consfriburgo.esteri.it\/de\/wp-json\/wp\/v2\/users\/7"}],"replies":[{"embeddable":true,"href":"https:\/\/consfriburgo.esteri.it\/de\/wp-json\/wp\/v2\/comments?post=1465"}],"version-history":[{"count":3,"href":"https:\/\/consfriburgo.esteri.it\/de\/wp-json\/wp\/v2\/pages\/1465\/revisions"}],"predecessor-version":[{"id":1466,"href":"https:\/\/consfriburgo.esteri.it\/de\/wp-json\/wp\/v2\/pages\/1465\/revisions\/1466"}],"up":[{"embeddable":true,"href":"https:\/\/consfriburgo.esteri.it\/de\/wp-json\/wp\/v2\/pages\/1462"}],"wp:attachment":[{"href":"https:\/\/consfriburgo.esteri.it\/de\/wp-json\/wp\/v2\/media?parent=1465"}],"curies":[{"name":"wp","href":"https:\/\/api.w.org\/{rel}","templated":true}]}}