{"id":1469,"date":"2023-03-01T15:25:53","date_gmt":"2023-03-01T14:25:53","guid":{"rendered":"https:\/\/consfriburgo.esteri.it\/italia-e-germania\/diplomazia-economica\/fare-affari-in-italia\/link-utili\/unioncamere\/"},"modified":"2023-05-18T12:42:37","modified_gmt":"2023-05-18T10:42:37","slug":"unioncamere","status":"publish","type":"page","link":"https:\/\/consfriburgo.esteri.it\/de\/italia-e-germania\/diplomazia-economica\/fare-affari-in-italia\/link-utili\/unioncamere\/","title":{"rendered":"Unioncamere"},"content":{"rendered":"<p><strong><a href=\"http:\/\/www.unioncamere.it\/\">Unioncamere &#8211; Website<\/a><\/strong><\/p>\n<p>&nbsp;<\/p>\n<p><strong>Italienischer Verband der Industrie-, Handels- und Handwerkskammern<\/strong><\/p>\n<p>Der Verband pflegt und vertritt die allgemeinen Interessen der Handelskammern als Ansprechpartner der gewerblichen Wirtschaft lokal wie auch national und international. Zudem f\u00f6rdert, realisiert und gestaltet er direkt oder \u00fcber eigene Fachagenturen Dienstleistungen und Aktivit\u00e4ten im Interesse der Handelskammern und der Wirtschaftsbereiche. Er setzt sich f\u00fcr die Konsolidierung und Entwicklung der Zusammenarbeit mit dem Netz der Industrie- und Handelskammern ein und erleichtert mit Hilfe fortschrittlicher Technologien den Zugang zu EU-Initiativen und \u2013Programmen. Er f\u00f6rdert internationale Abkommen, um Italien weltweit voranzubringen.<\/p>\n","protected":false},"excerpt":{"rendered":"Unioncamere &#8211; Website &nbsp; Italienischer Verband der Industrie-, Handels- und Handwerkskammern Der Verband pflegt und vertritt die allgemeinen Interessen der Handelskammern als Ansprechpartner der gewerblichen Wirtschaft lokal wie auch national und international. Zudem f\u00f6rdert, realisiert und gestaltet er direkt oder \u00fcber eigene Fachagenturen Dienstleistungen und Aktivit\u00e4ten im Interesse der Handelskammern und der Wirtschaftsbereiche. Er setzt [&hellip;]","protected":false},"author":7,"featured_media":0,"parent":1462,"menu_order":0,"comment_status":"closed","ping_status":"closed","template":"","meta":{"footnotes":""},"class_list":["post-1469","page","type-page","status-publish","hentry"],"_links":{"self":[{"href":"https:\/\/consfriburgo.esteri.it\/de\/wp-json\/wp\/v2\/pages\/1469","targetHints":{"allow":["GET"]}}],"collection":[{"href":"https:\/\/consfriburgo.esteri.it\/de\/wp-json\/wp\/v2\/pages"}],"about":[{"href":"https:\/\/consfriburgo.esteri.it\/de\/wp-json\/wp\/v2\/types\/page"}],"author":[{"embeddable":true,"href":"https:\/\/consfriburgo.esteri.it\/de\/wp-json\/wp\/v2\/users\/7"}],"replies":[{"embeddable":true,"href":"https:\/\/consfriburgo.esteri.it\/de\/wp-json\/wp\/v2\/comments?post=1469"}],"version-history":[{"count":2,"href":"https:\/\/consfriburgo.esteri.it\/de\/wp-json\/wp\/v2\/pages\/1469\/revisions"}],"predecessor-version":[{"id":1470,"href":"https:\/\/consfriburgo.esteri.it\/de\/wp-json\/wp\/v2\/pages\/1469\/revisions\/1470"}],"up":[{"embeddable":true,"href":"https:\/\/consfriburgo.esteri.it\/de\/wp-json\/wp\/v2\/pages\/1462"}],"wp:attachment":[{"href":"https:\/\/consfriburgo.esteri.it\/de\/wp-json\/wp\/v2\/media?parent=1469"}],"curies":[{"name":"wp","href":"https:\/\/api.w.org\/{rel}","templated":true}]}}