{"id":1478,"date":"2023-03-01T15:33:07","date_gmt":"2023-03-01T14:33:07","guid":{"rendered":"https:\/\/consfriburgo.esteri.it\/italia-e-germania\/diplomazia-economica\/fare-affari-in-italia\/link-utili\/confindustria\/"},"modified":"2023-05-18T12:53:21","modified_gmt":"2023-05-18T10:53:21","slug":"confindustria","status":"publish","type":"page","link":"https:\/\/consfriburgo.esteri.it\/de\/italia-e-germania\/diplomazia-economica\/fare-affari-in-italia\/link-utili\/confindustria\/","title":{"rendered":"Confindustria &#8211; Arbeitsgeberverband"},"content":{"rendered":"<article id=\"articolo_centro\" role=\"main\" aria-label=\"articolo\">\n<div>\n<p><a href=\"https:\/\/www.confindustria.it\/home\"><strong>Confindustria &#8211; Website<\/strong><\/a><\/p>\n<p><strong>Italienischer Industrieverband<\/strong><\/p>\n<p>Der 1910 gegr\u00fcndete Industrieverband Confindustria ist die f\u00fchrende Interessenvertretung der Verarbeitungsindustrie und Dienstleistungsunternehmen in Italien.<br \/>\nAls freiwillige Mitglieder geh\u00f6ren ihm 147.000 Unternehmen aller Gr\u00f6\u00dfen mit insgesamt rund 5.416.777 Mitarbeitern an.<br \/>\nZu den satzungsm\u00e4\u00dfigen Aufgaben der Confindustria z\u00e4hlt es, gemeinsam mit den politischen Institutionen und den wirtschaftlichen, sozialen und kulturellen, nationalen und internationalen Organisationen zum Wirtschaftswachstum und zum sozialen Fortschritt des Landes beizutragen.<\/p>\n<\/div>\n<\/article>\n","protected":false},"excerpt":{"rendered":"Confindustria &#8211; Website Italienischer Industrieverband Der 1910 gegr\u00fcndete Industrieverband Confindustria ist die f\u00fchrende Interessenvertretung der Verarbeitungsindustrie und Dienstleistungsunternehmen in Italien. Als freiwillige Mitglieder geh\u00f6ren ihm 147.000 Unternehmen aller Gr\u00f6\u00dfen mit insgesamt rund 5.416.777 Mitarbeitern an. Zu den satzungsm\u00e4\u00dfigen Aufgaben der Confindustria z\u00e4hlt es, gemeinsam mit den politischen Institutionen und den wirtschaftlichen, sozialen und kulturellen, nationalen [&hellip;]","protected":false},"author":7,"featured_media":0,"parent":1462,"menu_order":0,"comment_status":"closed","ping_status":"closed","template":"","meta":{"footnotes":""},"class_list":["post-1478","page","type-page","status-publish","hentry"],"_links":{"self":[{"href":"https:\/\/consfriburgo.esteri.it\/de\/wp-json\/wp\/v2\/pages\/1478","targetHints":{"allow":["GET"]}}],"collection":[{"href":"https:\/\/consfriburgo.esteri.it\/de\/wp-json\/wp\/v2\/pages"}],"about":[{"href":"https:\/\/consfriburgo.esteri.it\/de\/wp-json\/wp\/v2\/types\/page"}],"author":[{"embeddable":true,"href":"https:\/\/consfriburgo.esteri.it\/de\/wp-json\/wp\/v2\/users\/7"}],"replies":[{"embeddable":true,"href":"https:\/\/consfriburgo.esteri.it\/de\/wp-json\/wp\/v2\/comments?post=1478"}],"version-history":[{"count":2,"href":"https:\/\/consfriburgo.esteri.it\/de\/wp-json\/wp\/v2\/pages\/1478\/revisions"}],"predecessor-version":[{"id":1479,"href":"https:\/\/consfriburgo.esteri.it\/de\/wp-json\/wp\/v2\/pages\/1478\/revisions\/1479"}],"up":[{"embeddable":true,"href":"https:\/\/consfriburgo.esteri.it\/de\/wp-json\/wp\/v2\/pages\/1462"}],"wp:attachment":[{"href":"https:\/\/consfriburgo.esteri.it\/de\/wp-json\/wp\/v2\/media?parent=1478"}],"curies":[{"name":"wp","href":"https:\/\/api.w.org\/{rel}","templated":true}]}}