{"id":1483,"date":"2023-03-01T15:34:54","date_gmt":"2023-03-01T14:34:54","guid":{"rendered":"https:\/\/consfriburgo.esteri.it\/italia-e-germania\/diplomazia-economica\/fare-affari-in-italia\/link-utili\/altre-associazioni-di-categoria\/"},"modified":"2023-05-18T13:06:29","modified_gmt":"2023-05-18T11:06:29","slug":"altre-associazioni-di-categoria","status":"publish","type":"page","link":"https:\/\/consfriburgo.esteri.it\/de\/italia-e-germania\/diplomazia-economica\/fare-affari-in-italia\/link-utili\/altre-associazioni-di-categoria\/","title":{"rendered":"Weitere Verb\u00e4nde"},"content":{"rendered":"<p><strong>CASSA DEPOSITI E PRESTITI<\/strong><br \/>\nDie Depositen und Darlehenskasse &#8222;Cassa depositi e prestiti&#8220; ist eine vom Ministerium f\u00fcr Wirtschaft und Finanzen kontrollierte Aktiengesellschaft. Sie verwaltet einen Teil der inl\u00e4ndischen Spareinlagen und verwendet sie zur St\u00fctzung des nationalen Wirtschaftswachstums. Die Cassa depositi e prestiti beteiligt sich gemeinsam mit wichtigen ausl\u00e4ndischen Finanzinstitutionen an der F\u00f6rderung von Initiativen, die als Katalysator f\u00fcr Investitionen in gro\u00dfe internationale Infrastrukturprojekte wirken sollen. Au\u00dferdem f\u00f6rdert sie Beziehungen zu ausl\u00e4ndischen Gespr\u00e4chspartnern, die an Investitionen in Italien interessiert sind und unterst\u00fctzt inl\u00e4ndische Unternehmen bei ihrer Expansion ins Ausland.<\/p>\n<p><a href=\"http:\/\/www.cdp.it\/en\/index.html\">http:\/\/www.cdp.it\/en\/index.html<\/a><\/p>\n<p>&nbsp;<\/p>\n<p><strong>INFORMEST<\/strong><br \/>\nDiese gemeinn\u00fctzige \u00f6ffentliche Einrichtung wurde geschaffen, um Marktakteuren Informations-, Dokumentations-, Bildungs-, Hilfs- und Beratungsdienstleistungen \u00fcber mittel- und s\u00fcdosteurop\u00e4ische L\u00e4nder, L\u00e4nder der ehemaligen Sowjetunion, China und Asien anzubieten. Zu den Dienstleistungen von Informest zur Nutzung der Hilfsinstrumente f\u00fcr die Internationalisierung schlie\u00dfen eine Unterst\u00fctzung von Unternehmen bei der Beantragung von Finanzierungen oder Beitr\u00e4gen bis zum Abschluss des entsprechenden Verfahrens ein.<\/p>\n<p><a href=\"http:\/\/www.informest.it\/default.aspx\">http:\/\/www.informest.it\/default.aspx<\/a><\/p>\n<p>&nbsp;<\/p>\n<p><strong>FORMEZ PA<\/strong><br \/>\nIst ein Institut, das technische Unterst\u00fctzung sowie Aus- und Weiterbildungsdienstleistungen vor allem f\u00fcr Lokalverwaltungen anbietet. In Zusammenarbeit mit \u00f6ffentlichen und privaten Organisationen beteiligt es sich an Initiativen dieser Art auf nationaler und internationaler Ebene. Die Anlaufstelle des Formez PA f\u00fcr Unternehmen erbringt st\u00e4ndige Schulungs-, Hilfs- und Beratungsleistungen.<\/p>\n<p><a href=\"https:\/\/www.formez.it\/\">Formez PA<\/a><\/p>\n<p>&nbsp;<\/p>\n<p><strong>SACE S.p.A.<\/strong><br \/>\nAusfuhrkreditversicherungsgesellschaft mit Gesellschaftskapital, das vom Ministerium f\u00fcr Wirtschaft und Finanzen gezeichnet wurde. Sie \u00fcbernimmt die Versicherung und R\u00fcckversicherung politischer, wirtschaftlicher und kommerzieller Risiken, denen italienische Unternehmer bei ihren internationalen Gesch\u00e4ften ausgesetzt sind. Sie unterst\u00fctzt Ausfuhren mittelst\u00e4ndischer Unternehmen aus Italien und erleichtert so ihren Zugang zu Versicherungsgarantien.<\/p>\n<p><a href=\"http:\/\/www.sace.it\/en\">http:\/\/www.sace.it\/en<\/a><\/p>\n<p>&nbsp;<\/p>\n<p><strong>SIMEST S.p.A.<\/strong><br \/>\nAn der mit 76% des Aktienpakets von der italienischen Regierung kontrollierten Gesellschaft sind Banken, Unternehmen sowie Unternehmer- und Brancenverb\u00e4nde beteiligt. Die wichtigsten Aufgaben der SIMEST sind:<br \/>\n\u2022 F\u00f6rderung und Unterst\u00fctzung von Auslandsaktivit\u00e4ten aller italienischen Unternehmen, vor allem der mittelst\u00e4ndischen Wirtschaft. Dazu z\u00e4hlen Handels-, Handwerks- und Tourismusunternehmen sowie Genossenschaften, Konsortien und sonstige Wirtschaftsorganisationen. Genutzt werden zwei Hauptaktivit\u00e4tskan\u00e4le: Unterst\u00fctzung des Warenaustauschs und der Auslandsinvestitionen.<br \/>\n\u2022 Bereitstellung von Hilfs- und Beratungsdienstleistungen f\u00fcr alle Phasen der Anbahnung und Realisierung von Auslandsinvestitionen;<br \/>\n\u2022 Finanzielle Unterst\u00fctzung von Investitionen italienischer Unternehmen im Ausland durch Schaffung von Anreizen und direkten Verg\u00fcnstigungen;<br \/>\n\u2022 Die Beteiligung von SIMEST am Kapital der Auslandsunternehmen erm\u00f6glicht das Teilen des potentiellen Risikos der neuen Initiative mit einem institutionellen Partner, der Eigenkapital einbringt und aufgrund einer Vielzahl von weltweit vorangetriebenen Projekten seine mehrj\u00e4hrige Erfahrung auf den Auslandsm\u00e4rkten zur Verf\u00fcgung stellt;<br \/>\n\u2022 Verwaltung der Risikokapitalfonds des Ministeriums f\u00fcr Produktionst\u00e4tigkeiten;<br \/>\n\u2022 Auszahlung von Zinsbeihilfen f\u00fcr Finanzierungszusagen an italienische Exporteure;<br \/>\n\u2022 Finanzierung von Ausgaben zur Realisierung dauerhafter Handelsstrukturen;<br \/>\n\u2022 Auszahlung von Finanzierungen f\u00fcr Machbarkeitsstudien und technische Hilfe;<br \/>\n\u2022 Finanzierung der Kosten internationaler Ausschreibungen;<br \/>\n\u2022 Durchf\u00fchrung von Ma\u00dfnahmen zur Erkundung von Gesch\u00e4ftsm\u00f6glichkeiten.<\/p>\n<p><a href=\"https:\/\/www.simest.it\/en\/\">Homepage &#8211; Simest<\/a><\/p>\n<p>&nbsp;<\/p>\n","protected":false},"excerpt":{"rendered":"CASSA DEPOSITI E PRESTITI Die Depositen und Darlehenskasse &#8222;Cassa depositi e prestiti&#8220; ist eine vom Ministerium f\u00fcr Wirtschaft und Finanzen kontrollierte Aktiengesellschaft. Sie verwaltet einen Teil der inl\u00e4ndischen Spareinlagen und verwendet sie zur St\u00fctzung des nationalen Wirtschaftswachstums. Die Cassa depositi e prestiti beteiligt sich gemeinsam mit wichtigen ausl\u00e4ndischen Finanzinstitutionen an der F\u00f6rderung von Initiativen, die [&hellip;]","protected":false},"author":7,"featured_media":0,"parent":1462,"menu_order":0,"comment_status":"closed","ping_status":"closed","template":"","meta":{"footnotes":""},"class_list":["post-1483","page","type-page","status-publish","hentry"],"_links":{"self":[{"href":"https:\/\/consfriburgo.esteri.it\/de\/wp-json\/wp\/v2\/pages\/1483","targetHints":{"allow":["GET"]}}],"collection":[{"href":"https:\/\/consfriburgo.esteri.it\/de\/wp-json\/wp\/v2\/pages"}],"about":[{"href":"https:\/\/consfriburgo.esteri.it\/de\/wp-json\/wp\/v2\/types\/page"}],"author":[{"embeddable":true,"href":"https:\/\/consfriburgo.esteri.it\/de\/wp-json\/wp\/v2\/users\/7"}],"replies":[{"embeddable":true,"href":"https:\/\/consfriburgo.esteri.it\/de\/wp-json\/wp\/v2\/comments?post=1483"}],"version-history":[{"count":3,"href":"https:\/\/consfriburgo.esteri.it\/de\/wp-json\/wp\/v2\/pages\/1483\/revisions"}],"predecessor-version":[{"id":1486,"href":"https:\/\/consfriburgo.esteri.it\/de\/wp-json\/wp\/v2\/pages\/1483\/revisions\/1486"}],"up":[{"embeddable":true,"href":"https:\/\/consfriburgo.esteri.it\/de\/wp-json\/wp\/v2\/pages\/1462"}],"wp:attachment":[{"href":"https:\/\/consfriburgo.esteri.it\/de\/wp-json\/wp\/v2\/media?parent=1483"}],"curies":[{"name":"wp","href":"https:\/\/api.w.org\/{rel}","templated":true}]}}