{"id":151,"date":"2023-02-23T16:20:50","date_gmt":"2023-02-23T15:20:50","guid":{"rendered":"https:\/\/consfriburgo.esteri.it\/chi-siamo\/numeri-di-emergenza\/"},"modified":"2023-11-28T14:04:21","modified_gmt":"2023-11-28T13:04:21","slug":"numeri-di-emergenza","status":"publish","type":"page","link":"https:\/\/consfriburgo.esteri.it\/de\/chi-siamo\/numeri-di-emergenza\/","title":{"rendered":"Notfallnummer"},"content":{"rendered":"<h4><strong>Bereitschaftsdienst<\/strong><\/h4>\n<p style=\"text-align: justify;\">Der Bereitschaftsdienst des Italienischen Konsulats in Freiburg ist f\u00fcr Notf\u00e4lle, die den Regierungsbezirk Freiburg betreffen und die nicht auf die normalen \u00d6ffnungszeiten des B\u00fcros verschoben werden k\u00f6nnen, vorgesehen.<\/p>\n<p style=\"text-align: justify;\">Im Falle eines <strong>ABSOLUTEN NOTFALLS<\/strong> au\u00dferhalb der <strong>\u00d6ffnungszeiten<\/strong> des Konsulats k\u00f6nnen Sie sich an den Bereitschaftsdienst der Zentrale wenden: Tel. 0049-(0)171-7640699 &#8211; Bereitschaftsdienst: am Wochenende von 8:00 bis 22:00 Uhr. Au\u00dferhalb dieser Zeiten ist der Krisenstab des Ministeriums f\u00fcr ausw\u00e4rtige Angelegenheiten und internationale Zusammenarbeit rund um die Uhr \u00fcber die italienische Festnetznummer 0039-06-36225 oder die Nummern 0039-06-3691-2790\/2666 des MAECI-Diensthabenden zu erreichen.<\/p>\n<p style=\"text-align: justify;\"><a href=\"https:\/\/consfriburgo.esteri.it\/wp-content\/uploads\/2023\/08\/consolato-emergenze-sito-distretti_polizia.pdf\"><strong>Liste der Polizeireviere im Konsularbezirk Freiburg<\/strong><\/a><\/p>\n<h4 style=\"text-align: justify;\">Gesundheitlichen Notf\u00e4lle<\/h4>\n<p style=\"text-align: justify;\">\u00d6ffentliche Einrichtungen oder \u00c4rzte leisten bei Vorlage der italienischen Krankenversicherungskarte (TEAM) medizinische Notfallhilfe.<\/p>\n<p style=\"text-align: justify;\">N\u00fctzliche Nummern<\/p>\n<p style=\"text-align: justify;\">&#8211; 112 Ambulanz und Feuerwehr<br \/>\n&#8211; 110 Polizei<br \/>\n&#8211; 116117 Medizinische Wache<br \/>\n&#8211; 0180-6076111 Jugend\u00e4rztlicher Dienst<br \/>\n&#8211; 0180-3222 55542 Zahn\u00e4rztlicher Notfall<br \/>\n&#8211; +49(0)761-19240 Vergiftungs- und Drogennotfall<br \/>\n&#8211; +49(0)761-72266 Tier\u00e4rztlicher Notfall<br \/>\n&#8211; 0800-0022833 Bereitschaftsdienst Apothekeninformationsdienst<br \/>\n&#8211; +49(0)761-270 33333 Uniklinik Notfallzentrum<\/p>\n<p style=\"text-align: justify;\">\n<p style=\"text-align: justify;\"><strong>Opfer von Gewalt<\/strong><br \/>\nWenn Sie Opfer von Gewalt geworden sind, melden Sie dies der Polizei unter der Nummer 110.<br \/>\nN\u00fctzliche Nummern<br \/>\nWeisser Ring (allgemeine Gewalt) 0761-131066<br \/>\nHelpline (sexuelle Gewalt) 0800-2255530<br \/>\nBig-Hotline (Gewalt in der Familie &#8211; mehrsprachiger 24-Stunden-Dienst) +49(0)30-6110300<br \/>\nNINA Info-Hotline (Kindesmissbrauch) 0800-2255530<\/p>\n<p style=\"text-align: justify;\">\n<p style=\"text-align: justify;\"><strong>Unterkunft f\u00fcr die Nacht<\/strong><br \/>\nBei Bed\u00fcrftigkeit und in Notf\u00e4llen ist es m\u00f6glich, eine \u00dcbernachtungsm\u00f6glichkeit zu beantragen bei<br \/>\nOASE, (Obdach, Anlaufstelle, Soziale Dienste, Erstversorgung)<br \/>\nHaslacher Stra\u00dfe 11 &#8211; Freiburg 0761-2013279 oder -2013283, oder 0176 1625 8468<\/p>\n<p style=\"text-align: justify;\">\n<p style=\"text-align: justify;\"><strong>Finanzielle Schwierigkeiten<\/strong><br \/>\nDie prim\u00e4re Aufgabe der finanziellen Unterst\u00fctzung liegt bei den Familienmitgliedern, die mit Hilfe der Dienste von Western Union oder MoneyGram in Echtzeit Geldbetr\u00e4ge senden k\u00f6nnen, die der Nutzer durch Vorlage eines Ausweises und eines Codes abholt.<\/p>\n","protected":false},"excerpt":{"rendered":"Bereitschaftsdienst Der Bereitschaftsdienst des Italienischen Konsulats in Freiburg ist f\u00fcr Notf\u00e4lle, die den Regierungsbezirk Freiburg betreffen und die nicht auf die normalen \u00d6ffnungszeiten des B\u00fcros verschoben werden k\u00f6nnen, vorgesehen. Im Falle eines ABSOLUTEN NOTFALLS au\u00dferhalb der \u00d6ffnungszeiten des Konsulats k\u00f6nnen Sie sich an den Bereitschaftsdienst der Zentrale wenden: Tel. 0049-(0)171-7640699 &#8211; Bereitschaftsdienst: am Wochenende von [&hellip;]","protected":false},"author":3,"featured_media":0,"parent":36,"menu_order":10,"comment_status":"closed","ping_status":"closed","template":"","meta":{"footnotes":""},"class_list":["post-151","page","type-page","status-publish","hentry"],"_links":{"self":[{"href":"https:\/\/consfriburgo.esteri.it\/de\/wp-json\/wp\/v2\/pages\/151","targetHints":{"allow":["GET"]}}],"collection":[{"href":"https:\/\/consfriburgo.esteri.it\/de\/wp-json\/wp\/v2\/pages"}],"about":[{"href":"https:\/\/consfriburgo.esteri.it\/de\/wp-json\/wp\/v2\/types\/page"}],"author":[{"embeddable":true,"href":"https:\/\/consfriburgo.esteri.it\/de\/wp-json\/wp\/v2\/users\/3"}],"replies":[{"embeddable":true,"href":"https:\/\/consfriburgo.esteri.it\/de\/wp-json\/wp\/v2\/comments?post=151"}],"version-history":[{"count":7,"href":"https:\/\/consfriburgo.esteri.it\/de\/wp-json\/wp\/v2\/pages\/151\/revisions"}],"predecessor-version":[{"id":4165,"href":"https:\/\/consfriburgo.esteri.it\/de\/wp-json\/wp\/v2\/pages\/151\/revisions\/4165"}],"up":[{"embeddable":true,"href":"https:\/\/consfriburgo.esteri.it\/de\/wp-json\/wp\/v2\/pages\/36"}],"wp:attachment":[{"href":"https:\/\/consfriburgo.esteri.it\/de\/wp-json\/wp\/v2\/media?parent=151"}],"curies":[{"name":"wp","href":"https:\/\/api.w.org\/{rel}","templated":true}]}}