{"id":166,"date":"2023-02-23T16:25:12","date_gmt":"2023-02-23T15:25:12","guid":{"rendered":"https:\/\/consfriburgo.esteri.it\/servizi-consolari-e-visti\/servizi-per-il-cittadino-straniero\/"},"modified":"2023-11-28T12:11:18","modified_gmt":"2023-11-28T11:11:18","slug":"servizi-per-il-cittadino-straniero","status":"publish","type":"page","link":"https:\/\/consfriburgo.esteri.it\/de\/servizi-consolari-e-visti\/servizi-per-il-cittadino-straniero\/","title":{"rendered":"Dienstleistungen f\u00fcr den ausl\u00e4ndischen B\u00fcrger"},"content":{"rendered":"<p>Am 26. Oktober 1997 trat Italien nach einem schrittweisen Anpassungsprozess an die im Schengener Durchf\u00fchrungs\u00fcbereinkommen festgelegte gemeinsame Visumpolitik dem Schengener System bei.<br \/>\nDer Verst\u00e4rkung der gemeinsamen Au\u00dfengrenze folgte somit die parallele und schrittweise Abschaffung der Kontrollen an den Binnengrenzen und damit die Bekr\u00e4ftigung der uneingeschr\u00e4nkten Freiz\u00fcgigkeit auf dem gesamten Hoheitsgebiet aller Unterzeichnerstaaten des Schengener \u00dcbereinkommens: die Verwirklichung des so genannten Schengen-Raums.<\/p>\n<p>In Deutschland ist das <a href=\"http:\/\/www.consfrancoforte.esteri.it\/Consolato_Francoforte\">italienische Generalkonsulat in Frankfurt<\/a> f\u00fcr die Entgegennahme von Visumantr\u00e4gen f\u00fcr Italien aus dem gesamten Bundesgebiet zust\u00e4ndig.<\/p>\n<p>Informationen zu MAECI: http:\/\/<a href=\"http:\/\/Am 26. Oktober 1997 trat Italien nach einem schrittweisen Anpassungsprozess an die im Schengener Durchf\u00fchrungs\u00fcbereinkommen festgelegte gemeinsame Visumpolitik dem Schengener System bei. Der Verst\u00e4rkung der gemeinsamen Au\u00dfengrenze folgte somit die parallele und schrittweise Abschaffung der Kontrollen an den Binnengrenzen und damit die Bekr\u00e4ftigung der uneingeschr\u00e4nkten Freiz\u00fcgigkeit auf dem gesamten Hoheitsgebiet aller Unterzeichnerstaaten des Schengener \u00dcbereinkommens: die Verwirklichung des so genannten Schengen-Raums. In Deutschland ist das italienische Generalkonsulat in Frankfurt f\u00fcr die Entgegennahme von Visumantr\u00e4gen f\u00fcr Italien aus dem gesamten Bundesgebiet zust\u00e4ndig. Informationen zu MAECI: http:\/\/www.esteri.it\/mae\/it\/servizi\/stranieri\/ingressosoggiornoinitalia\/visto_ingresso\">www.esteri.it\/mae\/it\/servizi\/stranieri\/ingressosoggiornoinitalia\/visto_ingresso<\/a><\/p>\n","protected":false},"excerpt":{"rendered":"Am 26. Oktober 1997 trat Italien nach einem schrittweisen Anpassungsprozess an die im Schengener Durchf\u00fchrungs\u00fcbereinkommen festgelegte gemeinsame Visumpolitik dem Schengener System bei. Der Verst\u00e4rkung der gemeinsamen Au\u00dfengrenze folgte somit die parallele und schrittweise Abschaffung der Kontrollen an den Binnengrenzen und damit die Bekr\u00e4ftigung der uneingeschr\u00e4nkten Freiz\u00fcgigkeit auf dem gesamten Hoheitsgebiet aller Unterzeichnerstaaten des Schengener \u00dcbereinkommens: [&hellip;]","protected":false},"author":3,"featured_media":0,"parent":35,"menu_order":4,"comment_status":"closed","ping_status":"closed","template":"","meta":{"footnotes":""},"class_list":["post-166","page","type-page","status-publish","hentry"],"_links":{"self":[{"href":"https:\/\/consfriburgo.esteri.it\/de\/wp-json\/wp\/v2\/pages\/166","targetHints":{"allow":["GET"]}}],"collection":[{"href":"https:\/\/consfriburgo.esteri.it\/de\/wp-json\/wp\/v2\/pages"}],"about":[{"href":"https:\/\/consfriburgo.esteri.it\/de\/wp-json\/wp\/v2\/types\/page"}],"author":[{"embeddable":true,"href":"https:\/\/consfriburgo.esteri.it\/de\/wp-json\/wp\/v2\/users\/3"}],"replies":[{"embeddable":true,"href":"https:\/\/consfriburgo.esteri.it\/de\/wp-json\/wp\/v2\/comments?post=166"}],"version-history":[{"count":3,"href":"https:\/\/consfriburgo.esteri.it\/de\/wp-json\/wp\/v2\/pages\/166\/revisions"}],"predecessor-version":[{"id":4137,"href":"https:\/\/consfriburgo.esteri.it\/de\/wp-json\/wp\/v2\/pages\/166\/revisions\/4137"}],"up":[{"embeddable":true,"href":"https:\/\/consfriburgo.esteri.it\/de\/wp-json\/wp\/v2\/pages\/35"}],"wp:attachment":[{"href":"https:\/\/consfriburgo.esteri.it\/de\/wp-json\/wp\/v2\/media?parent=166"}],"curies":[{"name":"wp","href":"https:\/\/api.w.org\/{rel}","templated":true}]}}