{"id":167,"date":"2023-02-23T17:32:29","date_gmt":"2023-02-23T16:32:29","guid":{"rendered":"https:\/\/consfriburgo.esteri.it\/servizi-consolari-e-visti\/servizi-per-il-cittadino-straniero\/visti\/"},"modified":"2023-10-23T15:23:11","modified_gmt":"2023-10-23T13:23:11","slug":"visti","status":"publish","type":"page","link":"https:\/\/consfriburgo.esteri.it\/de\/servizi-consolari-e-visti\/servizi-per-il-cittadino-straniero\/visti\/","title":{"rendered":"Visum"},"content":{"rendered":"<p style=\"text-align: justify;\">Auf dem neuen Online-Portal Das <a href=\"http:\/\/vistoperitalia.esteri.it\/home.aspx\">Visum f\u00fcr Italien<\/a>, das vom Ministerium f\u00fcr ausw\u00e4rtige Angelegenheiten und internationale Zusammenarbeit herausgegeben wird, finden Sie alle Informationen \u00fcber die Voraussetzungen und Bedingungen f\u00fcr die Erteilung eines Visums f\u00fcr unser Land.<\/p>\n<p style=\"text-align: justify;\">\n<p style=\"text-align: justify;\"><strong>Das Einreisevisum<\/strong><\/p>\n<p style=\"text-align: justify;\">Das Visum, das aus einer speziellen &#8222;Vignette&#8220; (oder &#8222;Vignette&#8220;) besteht, die in den Reisepass oder ein anderes g\u00fcltiges Reisedokument des Antragstellers eingeklebt wird, ist eine Genehmigung, die einem Ausl\u00e4nder die Einreise in das Hoheitsgebiet der Italienischen Republik oder der anderen Vertragsparteien zum Zwecke der Durchreise oder des Aufenthalts gestattet, wobei die Erfordernisse im Zusammenhang mit dem reibungslosen Ablauf der internationalen Beziehungen und dem Schutz der nationalen Sicherheit und der \u00f6ffentlichen Ordnung zu pr\u00fcfen sind.<\/p>\n<p style=\"text-align: justify;\">Das von den italienischen Auslandsvertretungen ausgestellte Visum, das als &#8222;Einheitliches Schengen-Visum&#8220; (VSU) bezeichnet wird, erm\u00f6glicht den Zugang zum italienischen Hoheitsgebiet und zu den anderen L\u00e4ndern, die das Schengener Durchf\u00fchrungs\u00fcbereinkommen anwenden, f\u00fcr die Durchreise oder f\u00fcr einen kurzen Aufenthalt (bis zu 90 Tagen). Auch die von den diplomatisch-konsularischen Vertretungen der anderen L\u00e4nder, die das \u00dcbereinkommen anwenden, ausgestellten VSU erm\u00f6glichen den Zugang zum italienischen Hoheitsgebiet.<\/p>\n<p style=\"text-align: justify;\">Visa f\u00fcr den l\u00e4ngerfristigen Aufenthalt (mehr als 90 Tage) werden als &#8222;Nationale Visa&#8220; (VN) bezeichnet und erm\u00f6glichen den Zugang zu l\u00e4ngeren Aufenthalten im Hoheitsgebiet des Staates, der das Visum ausgestellt hat, und, sofern sie noch g\u00fcltig sind, den freien Verkehr f\u00fcr einen Zeitraum von h\u00f6chstens 90 Tagen pro Halbjahr im Hoheitsgebiet der anderen Mitgliedstaaten.<\/p>\n<p style=\"text-align: justify;\">ACHTUNG: Die f\u00fcr die Erteilung von Einreisevisa f\u00fcr Italien zust\u00e4ndige konsularische Vertretung (im gesamten Bundesgebiet) ist das italienische Generalkonsulat in Frankfurt am Main:<\/p>\n<p style=\"text-align: justify;\">Generalkonsulat von Italien in Frankfurt am Main<br \/>\nDanziger Platz, 12<br \/>\n60314 Frankfurt am Main<br \/>\nVisumstelle &#8211; Visaabteilung<br \/>\nTel.: 0049 (0)69 7531 &#8211; 156<br \/>\nE-Mail: <a href=\"mailto:visti.francoforte@esteri.it\">visti.francoforte@esteri.it<\/a><\/p>\n","protected":false},"excerpt":{"rendered":"Auf dem neuen Online-Portal Das Visum f\u00fcr Italien, das vom Ministerium f\u00fcr ausw\u00e4rtige Angelegenheiten und internationale Zusammenarbeit herausgegeben wird, finden Sie alle Informationen \u00fcber die Voraussetzungen und Bedingungen f\u00fcr die Erteilung eines Visums f\u00fcr unser Land. Das Einreisevisum Das Visum, das aus einer speziellen &#8222;Vignette&#8220; (oder &#8222;Vignette&#8220;) besteht, die in den Reisepass oder ein anderes [&hellip;]","protected":false},"author":3,"featured_media":0,"parent":166,"menu_order":2,"comment_status":"closed","ping_status":"closed","template":"","meta":{"footnotes":""},"class_list":["post-167","page","type-page","status-publish","hentry"],"_links":{"self":[{"href":"https:\/\/consfriburgo.esteri.it\/de\/wp-json\/wp\/v2\/pages\/167","targetHints":{"allow":["GET"]}}],"collection":[{"href":"https:\/\/consfriburgo.esteri.it\/de\/wp-json\/wp\/v2\/pages"}],"about":[{"href":"https:\/\/consfriburgo.esteri.it\/de\/wp-json\/wp\/v2\/types\/page"}],"author":[{"embeddable":true,"href":"https:\/\/consfriburgo.esteri.it\/de\/wp-json\/wp\/v2\/users\/3"}],"replies":[{"embeddable":true,"href":"https:\/\/consfriburgo.esteri.it\/de\/wp-json\/wp\/v2\/comments?post=167"}],"version-history":[{"count":3,"href":"https:\/\/consfriburgo.esteri.it\/de\/wp-json\/wp\/v2\/pages\/167\/revisions"}],"predecessor-version":[{"id":3085,"href":"https:\/\/consfriburgo.esteri.it\/de\/wp-json\/wp\/v2\/pages\/167\/revisions\/3085"}],"up":[{"embeddable":true,"href":"https:\/\/consfriburgo.esteri.it\/de\/wp-json\/wp\/v2\/pages\/166"}],"wp:attachment":[{"href":"https:\/\/consfriburgo.esteri.it\/de\/wp-json\/wp\/v2\/media?parent=167"}],"curies":[{"name":"wp","href":"https:\/\/api.w.org\/{rel}","templated":true}]}}