{"id":2048,"date":"2023-04-28T10:55:17","date_gmt":"2023-04-28T08:55:17","guid":{"rendered":"https:\/\/consfriburgo.esteri.it\/?page_id=2048"},"modified":"2025-11-25T14:50:18","modified_gmt":"2025-11-25T13:50:18","slug":"informationen-passabteilung","status":"publish","type":"page","link":"https:\/\/consfriburgo.esteri.it\/de\/servizi-consolari-e-visti\/servizi-per-il-cittadino-italiano\/personalausweis-und-reisepass\/pasaaporti\/informationen-passabteilung\/","title":{"rendered":"Informationen \u2013 Passabteilung"},"content":{"rendered":"<h4 style=\"text-align: center;\">Das Passamt ist die Stelle, die die Formalit\u00e4ten im Zusammenhang mit der Ausstellung von P\u00e4ssen erledigt. Bitte beachten Sie, dass Sie zur Vereinbarung eines Termins das Portal &#8222;<a href=\"https:\/\/prenotami.esteri.it\/\">Prenot@mi<\/a>&#8220; benutzen m\u00fcssen<\/h4>\n<p style=\"text-align: justify;\">E-Mail: <a href=\"mailto:passaporti.friburgo@esteri.it\"><strong>passaporti.friburgo@esteri.it<\/strong><\/a><br \/>\nPEC: <strong><a href=\"mailto:con.friburgo.pass@cert.esteri.it\">con.friburgo.pass@cert.esteri.it<\/a><\/strong><\/p>\n<p>&nbsp;<\/p>\n<h5 style=\"text-align: center;\">! ACHTUNG !<\/h5>\n<p style=\"text-align: justify;\">Neuank\u00f6mmlinge, ob aus Italien oder aus einem anderen Konsularbezirk, m\u00fcssen sich im Voraus bei der AIRE registrieren lassen (f\u00fcr weitere Informationen hier klicken).<\/p>\n<p style=\"text-align: justify;\">Auch Adress\u00e4nderungen m\u00fcssen dem Standesamt des Konsulats im Voraus mitgeteilt werden, bevor der Reisepass ausgestellt wird.<\/p>\n<p style=\"text-align: justify;\">F\u00fcr im Ausland geborene italienische Staatsb\u00fcrger ist eine unabdingbare Voraussetzung f\u00fcr die Ausstellung eines Reisepasses die Umschreibung der Geburtsurkunde bei der italienischen Wohnsitzgemeinde oder die AIRE-Registrierung der Mutter oder des italienischen Elternteils.<\/p>\n<h5 style=\"text-align: justify;\">KOSTEN<\/h5>\n<p style=\"text-align: justify;\">Ein Reisepass ist ein Dokument, das gegen Zahlung der in den geltenden Rechtsvorschriften vorgesehenen Geb\u00fchren ausgestellt wird.<br \/>\nDie Ausstellung eines neuen Reisepasses kostet <strong>116,20 \u20ac<\/strong>. Der Pass ist in der ganzen Welt g\u00fcltig (alle von der italienischen Regierung anerkannten L\u00e4nder).<\/p>\n<p><strong>Der Betrag ist an das Konsulat mit einer der folgenden Zahlungsarten zu entrichten:<\/strong><\/p>\n<p><strong>1)<\/strong> Bank\u00fcberweisung (<a href=\"https:\/\/consfriburgo.esteri.it\/wp-content\/uploads\/2025\/11\/bonifico-1.pdf\">Link<\/a>)<\/p>\n<p>Bankkonto Nr. 065192703, BLZ 68070024,<\/p>\n<p>IBAN DE73680700240065192703<\/p>\n<p>BIC\/SWIFT DEUTDEDBFRE<\/p>\n<p>bei der Deutschen Bank Freiburg, ausgestellt auf das Konsulat der Italienischen Republik.<\/p>\n<p style=\"text-align: justify;\">Bitte geben Sie im Verwendungszweck den Vornamen, den Nachnamen und das Geburtsdatum des italienischen Staatsb\u00fcrgers an, f\u00fcr den das Dokument ausgestellt werden soll. Die oben genannte \u00dcberweisung muss mindestens 3 Tage vor der Einreichung des Passantrags bei der konsularischen Vertretung erfolgen und eine Kopie der Zahlung muss den Unterlagen beigef\u00fcgt werden (<a href=\"https:\/\/consfriburgo.esteri.it\/wp-content\/uploads\/2025\/11\/bonifico-1.pdf\">Beispiel<\/a>).<\/p>\n<p style=\"text-align: justify;\"><strong>2)<\/strong> Nur wenn die Zahlung per Bank\u00fcberweisung nicht m\u00f6glich ist, ist es m\u00f6glich, mit EC-Karte oder in bar an der Kasse dieses Konsulats zu zahlen.<\/p>\n<h5 style=\"text-align: justify;\">BEANTRAGUNG EINES REISEPASSES<\/h5>\n<p style=\"text-align: justify;\">Seit dem 3. Dezember 2009 wird der biometrische Reisepass nur noch durch die Erfassung der Fingerabdr\u00fccke des Antragstellers ausgestellt, so wie es das geltende Recht vorsieht.<\/p>\n<p style=\"text-align: justify;\">Am selben Tag, an dem der Antragsteller zur Abnahme seiner Fingerabdr\u00fccke bei der Passbeh\u00f6rde vorstellig wird, muss er folgende Unterlagen mitbringen<\/p>\n<p style=\"text-align: justify;\">1. Wenn sie beabsichtigen, per Bank\u00fcberweisung zu zahlen, ist eine Kopie der \u00dcberweisung des Betrags von 116,20 \u20ac auf das <a href=\"https:\/\/consfriburgo.esteri.it\/wp-content\/uploads\/2025\/11\/bonifico-1.pdf\">Konto des Konsulats<\/a> erforderlich.<\/p>\n<p style=\"text-align: justify;\">2. Abgelaufener Reisepass (der nach der Annullierung zur\u00fcckgegeben werden kann).<\/p>\n<p style=\"text-align: justify;\">3. Ein neueres biometrisches Foto (<a href=\"https:\/\/consfriburgo.esteri.it\/wp-content\/uploads\/2023\/09\/picture-instructions.pdf\">f\u00fcr das Format hier klicken<\/a>). In diesem Konsulat ist ein Fotoautomat in Betrieb, der biometrische Passfotos erstellt (die Kosten betragen 10 \u20ac f\u00fcr 4 Fotos).<\/p>\n<h5 style=\"text-align: justify;\">DIEBSTAHL ODER VERLUST VON AUSWEISPAPIEREN<\/h5>\n<p style=\"text-align: justify;\">1. Bei Diebstahl oder Verlust eines Ausweises kann von diesem Konsulat ein Reisedokument, ein so genanntes <a href=\"https:\/\/consfriburgo.esteri.it\/it\/servizi-consolari-e-visti\/servizi-per-il-cittadino-italiano\/carta-didentita-elettronica-e-passaporti\/pasaaporti\/emergency-travel-documents-etd\/\">ETD (Emergency Travel Document)<\/a>, ausgestellt werden, wof\u00fcr eine Kopie der Anzeige bei der zust\u00e4ndigen \u00f6rtlichen Polizeibeh\u00f6rde eingereicht werden muss.<\/p>\n<p style=\"text-align: justify;\">2. In Not- und Dringlichkeitsf\u00e4llen kann die Bundespolizei ein nationales Dokument, den so genannten &#8222;Notreiseausweis&#8220;, mit einer G\u00fcltigkeit von bis zu 30 Tagen ausstellen, um an den Wohnort zur\u00fcckzukehren. Die Identit\u00e4t des Antragstellers wird im Rahmen einer Ermessensentscheidung festgestellt. Das Dokument kann auch online gebucht werden (<a href=\"https:\/\/www.service-bw.de\/zufi\/leistungen\/1815\">https:\/\/www.service-bw.de\/zufi\/leistungen\/1815<\/a>) und wird von den Dienststellen der Bundespolizei an Flugh\u00e4fen, Seeh\u00e4fen und gr\u00f6\u00dferen Bahnh\u00f6fen ausgestellt. Ein Passfoto ist erforderlich.<\/p>\n<h5>AUSSTELLUNG VON REISEP\u00c4SSEN F\u00dcR MINDERJ\u00c4HRIGE<\/h5>\n<p style=\"text-align: justify;\">Bitte beachten Sie, dass seit dem 25. November 2009, nach Inkrafttreten der Rechtsverordnung 135\/2009, minderj\u00e4hrige Kinder nicht mehr in den Reisepass der Eltern eingetragen werden d\u00fcrfen. Bis zum 26. Juni 2012 m\u00fcssen alle Minderj\u00e4hrigen, die ins Ausland reisen, gem\u00e4\u00df den neuen Bestimmungen der Europ\u00e4ischen Union einen eigenen Reisepass besitzen. Mit Reisep\u00e4ssen, die vor dem 25. November 2009 ausgestellt wurden und in denen noch Minderj\u00e4hrige eingetragen sind, k\u00f6nnen Minderj\u00e4hrige die Grenzen nicht \u00fcberschreiten. Minderj\u00e4hrige k\u00f6nnen nur noch mit ihrem eigenen Reisedokument reisen.<\/p>\n<p style=\"text-align: justify;\">F\u00fcr die Ausstellung eines Reisepasses f\u00fcr Minderj\u00e4hrige muss der Passantrag mit den <strong><a href=\"https:\/\/consfriburgo.esteri.it\/wp-content\/uploads\/2023\/04\/domanda_passaporto_minorenni.pdf\">Angaben des Minderj\u00e4hrigen<\/a><\/strong> ausgef\u00fcllt und mit zwei aktuellen biometrischen Fotos versehen werden. Die Vorlagen k\u00f6nnen in der Rubrik <a href=\"https:\/\/consfriburgo.esteri.it\/it\/chi-siamo\/la-sede\/modulistica-e-banche-dati\/\">Formulare und Datenbanken<\/a> heruntergeladen werden. Der Passantrag f\u00fcr ein Kind unter 12 Jahren kann auch auf dem Postweg gestellt werden. In diesem Fall muss <strong>eines der Fotos von der Wohnsitzgemeinde in Deutschland beglaubigt werden<\/strong>.<\/p>\n<p style=\"text-align: justify;\">Es wird dringend empfohlen, den Reisepass mindestens <strong>einen Monat vor<\/strong> Ablauf der G\u00fcltigkeit des in Ihrem Besitz befindlichen Dokuments zu beantragen und die Beantragung in verkehrsreichen Zeiten (vor den Weihnachts-, Oster- und Sommerferien) zu vermeiden.<\/p>\n<p style=\"text-align: justify;\">Bitte beachten Sie, dass f\u00fcr den Aufenthalt in Deutschland und f\u00fcr Reisen in EU-L\u00e4nder oder die Schweiz ein g\u00fcltiger Personalausweis f\u00fcr den Auslandsverkehr ausreicht.<\/p>\n<h5 style=\"text-align: justify;\">KLARSTELLUNGEN ZU ELEKTRONISCHEN REISEP\u00c4SSEN UND EINREISEVISA IN DIE VEREINIGTEN STAATEN<\/h5>\n<p style=\"text-align: justify;\">Landsleute, die in die Vereinigten Staaten reisen, werden darauf hingewiesen, dass dieses Generalkonsulat nicht befugt ist, Informationen \u00fcber die US-Visabestimmungen zu erteilen, die zudem aus Sicherheitsgr\u00fcnden st\u00e4ndig aktualisiert werden. Wenden Sie sich daher bitte an das US-Generalkonsulat in Frankfurt, konsultieren Sie die Website des <a href=\"http:\/\/www.state.gov\/\">US-Au\u00dfenministeriums<\/a> oder das <a href=\"https:\/\/esta.cbp.dhs.gov\/\">Electronic System for Travel Authorization (ESTA)<\/a>.<br \/>\nBitte beachten Sie jedoch, dass Sie f\u00fcr die Einreise in die Vereinigten Staaten einen elektronischen Reisepass mit Fingerabdr\u00fccken und digitaler Unterschrift ben\u00f6tigen, der f\u00fcr alle von der italienischen Regierung anerkannten L\u00e4nder g\u00fcltig ist, sowie eine im Voraus \u00fcber das Internet zu beantragende Reisegenehmigung \u00fcber das elektronische System f\u00fcr Reisegenehmigungen (ESTA).<\/p>\n<h5 style=\"text-align: justify;\">HAFTBARKEIT<\/h5>\n<p style=\"text-align: justify;\">Bitte beachten Sie, dass Sie sich im Falle falscher Erkl\u00e4rungen oder der Vorlage falscher Unterlagen strafbar machen.<\/p>\n<p style=\"text-align: justify;\">Bitte beachten Sie, dass es sich bei den obigen Ausf\u00fchrungen um allgemeine Informationen handelt, die die komplexe Materie nicht ersch\u00f6pfend behandeln. Wenn Sie Informationen zu besonderen und pers\u00f6nlichen F\u00e4llen w\u00fcnschen, k\u00f6nnen Sie sich schriftlich an uns wenden (unter Beif\u00fcgung des Antwortstempels) oder eine E-Mail-Anfrage an unsere Adresse <a href=\"mailto:passaporti.friburgo@esteri.it\">passaporti.friburgo@esteri<\/a>.<\/p>\n","protected":false},"excerpt":{"rendered":"Das Passamt ist die Stelle, die die Formalit\u00e4ten im Zusammenhang mit der Ausstellung von P\u00e4ssen erledigt. Bitte beachten Sie, dass Sie zur Vereinbarung eines Termins das Portal &#8222;Prenot@mi&#8220; benutzen m\u00fcssen E-Mail: passaporti.friburgo@esteri.it PEC: con.friburgo.pass@cert.esteri.it &nbsp; ! ACHTUNG ! Neuank\u00f6mmlinge, ob aus Italien oder aus einem anderen Konsularbezirk, m\u00fcssen sich im Voraus bei der AIRE registrieren [&hellip;]","protected":false},"author":4,"featured_media":0,"parent":1251,"menu_order":0,"comment_status":"closed","ping_status":"closed","template":"","meta":{"footnotes":""},"class_list":["post-2048","page","type-page","status-publish","hentry"],"_links":{"self":[{"href":"https:\/\/consfriburgo.esteri.it\/de\/wp-json\/wp\/v2\/pages\/2048","targetHints":{"allow":["GET"]}}],"collection":[{"href":"https:\/\/consfriburgo.esteri.it\/de\/wp-json\/wp\/v2\/pages"}],"about":[{"href":"https:\/\/consfriburgo.esteri.it\/de\/wp-json\/wp\/v2\/types\/page"}],"author":[{"embeddable":true,"href":"https:\/\/consfriburgo.esteri.it\/de\/wp-json\/wp\/v2\/users\/4"}],"replies":[{"embeddable":true,"href":"https:\/\/consfriburgo.esteri.it\/de\/wp-json\/wp\/v2\/comments?post=2048"}],"version-history":[{"count":6,"href":"https:\/\/consfriburgo.esteri.it\/de\/wp-json\/wp\/v2\/pages\/2048\/revisions"}],"predecessor-version":[{"id":14625,"href":"https:\/\/consfriburgo.esteri.it\/de\/wp-json\/wp\/v2\/pages\/2048\/revisions\/14625"}],"up":[{"embeddable":true,"href":"https:\/\/consfriburgo.esteri.it\/de\/wp-json\/wp\/v2\/pages\/1251"}],"wp:attachment":[{"href":"https:\/\/consfriburgo.esteri.it\/de\/wp-json\/wp\/v2\/media?parent=2048"}],"curies":[{"name":"wp","href":"https:\/\/api.w.org\/{rel}","templated":true}]}}