{"id":3052,"date":"2023-10-23T09:20:05","date_gmt":"2023-10-23T07:20:05","guid":{"rendered":"https:\/\/consfriburgo.esteri.it\/?page_id=3052"},"modified":"2023-11-27T09:38:56","modified_gmt":"2023-11-27T08:38:56","slug":"personalausweis-und-reispass","status":"publish","type":"page","link":"https:\/\/consfriburgo.esteri.it\/de\/servizi-consolari-e-visti\/servizi-per-il-cittadino-italiano\/personalausweis-und-reispass\/","title":{"rendered":"Personalausweis und Reispass"},"content":{"rendered":"<header class=\"entry-header\">\n<ul>\n<li class=\"entry-title h3\"><a style=\"font-size: 16px;\" href=\"https:\/\/consfriburgo.esteri.it\/it\/servizi-consolari-e-visti\/servizi-per-il-cittadino-italiano\/carta-di-identita\/\">Elektronischer Personalausweis<\/a><\/li>\n<\/ul>\n<\/header>\n<div class=\"entry-content\">\n<ul>\n<li><a href=\"https:\/\/consfriburgo.esteri.it\/it\/servizi-consolari-e-visti\/servizi-per-il-cittadino-italiano\/pasaaporti\/\">Reisep\u00e4sse<\/a><\/li>\n<\/ul>\n<p>&nbsp;<\/p>\n<p style=\"text-align: justify;\">In der rechten Spalte finden Sie Informationen \u00fcber weitere Dienstleistungen f\u00fcr italienische B\u00fcrger.<\/p>\n<p style=\"text-align: justify;\"><strong>Um einen Termin zu vereinbaren, sei es f\u00fcr einen elektronischen Personalausweis oder einen Reisepass, m\u00fcssen Sie sich auf dem Portal PRENOT@AMI registrieren. Um Zugang zum Portal zu erhalten, klicken Sie bitte HIER unten<\/strong><\/p>\n<h3 style=\"text-align: center;\"><strong><a href=\"https:\/\/prenotami.esteri.it\/\">\u00a0\u201ePrenot@mi\u201c<\/a><\/strong><\/h3>\n<p>&nbsp;<\/p>\n<p style=\"text-align: justify;\"><strong>Das Portal\u00a0<a href=\"https:\/\/prenotami.esteri.it\/\">\u201ePrenot@mi\u201c<\/a>\u00a0ist der erste und einzige Schritt f\u00fcr das CIE- und Passverfahren. Sollten Sie bei der Registrierung auf Schwierigkeiten sto\u00dfen oder Zweifel haben, wenden Sie sich bitte per E-Mail an\u00a0<a href=\"mailto:friburgo.assistente@esteri.it\">friburgo.assistente@esteri.it<\/a>\u00a0oder telefonisch von Montag bis Freitag zwischen 09:00 und 12:00 Uhr unter der Nummer\u00a00761 386610\u00a0an uns.<\/strong><\/p>\n<p>&nbsp;<\/p>\n<h4>BITTE BESUCHEN SIE DAS KONSULAT NICHT PERS\u00d6NLICH OHNE TERMIN.<\/h4>\n<\/div>\n","protected":false},"excerpt":{"rendered":"Elektronischer Personalausweis Reisep\u00e4sse &nbsp; In der rechten Spalte finden Sie Informationen \u00fcber weitere Dienstleistungen f\u00fcr italienische B\u00fcrger. Um einen Termin zu vereinbaren, sei es f\u00fcr einen elektronischen Personalausweis oder einen Reisepass, m\u00fcssen Sie sich auf dem Portal PRENOT@AMI registrieren. Um Zugang zum Portal zu erhalten, klicken Sie bitte HIER unten \u00a0\u201ePrenot@mi\u201c &nbsp; Das Portal\u00a0\u201ePrenot@mi\u201c\u00a0ist der [&hellip;]","protected":false},"author":7,"featured_media":0,"parent":164,"menu_order":0,"comment_status":"closed","ping_status":"closed","template":"","meta":{"footnotes":""},"class_list":["post-3052","page","type-page","status-publish","hentry"],"_links":{"self":[{"href":"https:\/\/consfriburgo.esteri.it\/de\/wp-json\/wp\/v2\/pages\/3052","targetHints":{"allow":["GET"]}}],"collection":[{"href":"https:\/\/consfriburgo.esteri.it\/de\/wp-json\/wp\/v2\/pages"}],"about":[{"href":"https:\/\/consfriburgo.esteri.it\/de\/wp-json\/wp\/v2\/types\/page"}],"author":[{"embeddable":true,"href":"https:\/\/consfriburgo.esteri.it\/de\/wp-json\/wp\/v2\/users\/7"}],"replies":[{"embeddable":true,"href":"https:\/\/consfriburgo.esteri.it\/de\/wp-json\/wp\/v2\/comments?post=3052"}],"version-history":[{"count":3,"href":"https:\/\/consfriburgo.esteri.it\/de\/wp-json\/wp\/v2\/pages\/3052\/revisions"}],"predecessor-version":[{"id":3603,"href":"https:\/\/consfriburgo.esteri.it\/de\/wp-json\/wp\/v2\/pages\/3052\/revisions\/3603"}],"up":[{"embeddable":true,"href":"https:\/\/consfriburgo.esteri.it\/de\/wp-json\/wp\/v2\/pages\/164"}],"wp:attachment":[{"href":"https:\/\/consfriburgo.esteri.it\/de\/wp-json\/wp\/v2\/media?parent=3052"}],"curies":[{"name":"wp","href":"https:\/\/api.w.org\/{rel}","templated":true}]}}