{"id":3187,"date":"2023-09-29T10:37:05","date_gmt":"2023-09-29T08:37:05","guid":{"rendered":"https:\/\/consfriburgo.esteri.it\/?page_id=3187"},"modified":"2024-05-02T09:37:27","modified_gmt":"2024-05-02T07:37:27","slug":"kulturelle-veranstaltungen","status":"publish","type":"page","link":"https:\/\/consfriburgo.esteri.it\/de\/italia-e-germania\/diplomazia-culturale\/kulturelle-veranstaltungen\/","title":{"rendered":"Kulturelle Veranstaltungen"},"content":{"rendered":"<p><img loading=\"lazy\" decoding=\"async\" class=\"aligncenter\" src=\"https:\/\/consfriburgo.esteri.it\/wp-content\/uploads\/2023\/10\/amb5-300x225.jpg\" width=\"460\" height=\"345\" \/><\/p>\n<p style=\"text-align: justify;\">Das Italienische Konsulat in Freiburg bietet der italienischen und deutschen \u00d6ffentlichkeit in Zusammenarbeit mit verschiedenen institutionellen Partnern, Universit\u00e4ten, Museen und deutsch-italienischen Vereinigungen kulturelle Initiativen in verschiedenen Bereichen an, die von der Literatur \u00fcber das Kino bis zur Musik und Wissenschaft reichen.<\/p>\n<p style=\"text-align: justify;\">Auf dieser Seite finden Sie eine Auswahl der kommenden Veranstaltungen sowie eine Liste der wichtigsten bereits organisierten Veranstaltungen.<\/p>\n<p style=\"text-align: justify;\">Um alle aktuellen Informationen \u00fcber kommende Veranstaltungen zu erhalten, abonnieren Sie unseren Newsletter (unten auf der Seite) und folgen Sie uns auf <a href=\"https:\/\/consfriburgo.esteri.it\/it\/chi-siamo\/contatti\/\">unseren sozialen Kan\u00e4len<\/a>!<\/p>\n<p style=\"text-align: justify;\"><strong>KOMMENDE VERANSTALTUNGEN<\/strong><\/p>\n<p>&nbsp;<\/p>\n<p>&nbsp;<\/p>\n<p>&nbsp;<\/p>\n<p>&nbsp;<\/p>\n<p style=\"text-align: justify;\">16\/12\/2023, <strong>Weihnachtskonzert 2023 Dante Alighieri Gesellschaft Freiburg e.V.<\/strong>, Katholische Akademie, Wintererstra\u00dfe 1, Freiburg<br \/>\nIn der Bearbeitung und Leitung von Prof. Jaime Gonz\u00e1lez (Oboe) wird ein Kammerorchester (Fl\u00f6te, Fagott, Streichquintett) mit Studenten der Musikhochschule Freiburg, klassisches und weihnachtliches Konzert. K\u00fcnstlerischer Leiter Jaime Gonz\u00e1lez, Deutsch-Italienischer Chor Freiburg und Vivace-Kinderchor. In einem Kinderworkshop werden in den Wochen zuvor bei Vivace Weihnachtsdekorationen gebastelt, die dem Konzertsaal einen weihnachtlichen Touch verleihen werden. Catering mit Sekt und Fingerfood.<\/p>\n<h5><strong>VERGANGENEN VERASTALTUNGEN<\/strong><\/h5>\n<ul>\n<li style=\"text-align: justify;\"><em>12\/11\/2023 h. 16, <strong>Konzert &#8222;Citt\u00e0 della Cultura 2023 &#8211; Bergamo e Brescia&#8220;<\/strong>, Herz Jesu Kloster, Okenstra\u00dfe 17, Freiburg<\/em><br \/>\nVon den Freiburger Com.It.ES gef\u00f6rderte Initiative. Konzert mit klassischer Musik, mit Auftritten der K\u00fcnstlerinnen Caroline Lafont, Camilla Pilla Arnese und Maria Khylko. Es wird auch eine Ausstellung von Fotografien (zum Verkauf) von Bergamo und Brescia von Tiziano Terzi geben.<\/li>\n<li><em>11\/11\/2023 h. 20, <strong>Schaukochen und Verkostung<\/strong>, Neuer Messplatz 1, Freiburg<\/em><br \/>\nKostenlose Verkostung von K\u00fcrbis-Risotto an Amaretto, dank Agrichef Gabriele Corti vom <span class=\"OYPEnA text-decoration-none text-strikethrough-none\"><a href=\"https:\/\/www.caremma.com\/l-azienda-agricola-biologica-sud-milano\/\">Cascina Caremma<\/a>,<\/span>\u00a0in Zusammenarbeit mit dem Verband f\u00fcr gr\u00fcnen Tourismus, gef\u00f6rdert von CIA-Agricoltori Italiani. Eine Gelegenheit, die italienische K\u00fcche in Verbindung mit den lokalen landwirtschaftlichen Traditionen aufzuwerten.<\/li>\n<li><em>10\/11\/2023 h. 18,<strong> Pr\u00e4sentation und Verkostung von italienischen Produkten<\/strong>, Neuer Messplatz 1, Freiburg<\/em>\n<ul>\n<li style=\"text-align: justify;\">18.00-18.15 Uhr: Bio-Haseln\u00fcsse aus dem Piemont, Brotaufstriche und 100%ige Haselnusspaste (bio, gluten- und laktosefrei) aus <a href=\"https:\/\/www.bing.com\/ck\/a?!&amp;&amp;p=7d7818406f5a85efJmltdHM9MTY5Njg5NjAwMCZpZ3VpZD0wNTg3YWNhZC03OTRkLTY2NWEtMmQxNi1iZTZjNzg4YjY3ZTUmaW5zaWQ9NTU5MQ&amp;ptn=3&amp;hsh=3&amp;fclid=0587acad-794d-665a-2d16-be6c788b67e5&amp;u=a1aHR0cHM6Ly93d3cuYmluZy5jb20vYWxpbmsvbGluaz91cmw9aHR0cHMlM2ElMmYlMmZ3d3cuY3VvcmRpbm9jY2lvbGEuY29tJTJmJnNvdXJjZT1zZXJwLWxvY2FsJmg9V2thODlzZHVBYmVESDZWS3NUT0JraVVOaWprMjFodmhJcE8zOGElMmZKREM0JTNkJnA9bHdfdHAmaWc9QUNFNzg0MjU4ODU3NDc2NUJDMzU5MzI5QkRENTlCNkImeXBpZD1ZTjEzNTR4MTAxOTA2MDI5NjY0Njk0ODg0NDQ&amp;ntb=1\">Cuor di Nocciola delle Langhe<\/a>, von Alberto Robaldo<\/li>\n<li style=\"text-align: justify;\">18.15-18.30 Uhr: Oliven, Taralli, Fisch von La Qualit\u00e0 Autentica, vorgestellt von Giuseppe Farruggio.<\/li>\n<li style=\"text-align: justify;\">18.30 &#8211; 19.00 Uhr: Showcooking einer der bekanntesten Nudelsorten der Firma Terra Nobile aus Atessa (Chieti), Abruzzen. Organisiert von Manuela und Matteo Sartori von <a href=\"https:\/\/www.feinkost-zylinder.de\/\">Zylinder Wein- und Feinkost<\/a>.<\/li>\n<\/ul>\n<\/li>\n<\/ul>\n","protected":false},"excerpt":{"rendered":"Das Italienische Konsulat in Freiburg bietet der italienischen und deutschen \u00d6ffentlichkeit in Zusammenarbeit mit verschiedenen institutionellen Partnern, Universit\u00e4ten, Museen und deutsch-italienischen Vereinigungen kulturelle Initiativen in verschiedenen Bereichen an, die von der Literatur \u00fcber das Kino bis zur Musik und Wissenschaft reichen. Auf dieser Seite finden Sie eine Auswahl der kommenden Veranstaltungen sowie eine Liste der [&hellip;]","protected":false},"author":7,"featured_media":0,"parent":158,"menu_order":0,"comment_status":"closed","ping_status":"closed","template":"","meta":{"footnotes":""},"class_list":["post-3187","page","type-page","status-publish","hentry"],"_links":{"self":[{"href":"https:\/\/consfriburgo.esteri.it\/de\/wp-json\/wp\/v2\/pages\/3187","targetHints":{"allow":["GET"]}}],"collection":[{"href":"https:\/\/consfriburgo.esteri.it\/de\/wp-json\/wp\/v2\/pages"}],"about":[{"href":"https:\/\/consfriburgo.esteri.it\/de\/wp-json\/wp\/v2\/types\/page"}],"author":[{"embeddable":true,"href":"https:\/\/consfriburgo.esteri.it\/de\/wp-json\/wp\/v2\/users\/7"}],"replies":[{"embeddable":true,"href":"https:\/\/consfriburgo.esteri.it\/de\/wp-json\/wp\/v2\/comments?post=3187"}],"version-history":[{"count":6,"href":"https:\/\/consfriburgo.esteri.it\/de\/wp-json\/wp\/v2\/pages\/3187\/revisions"}],"predecessor-version":[{"id":5324,"href":"https:\/\/consfriburgo.esteri.it\/de\/wp-json\/wp\/v2\/pages\/3187\/revisions\/5324"}],"up":[{"embeddable":true,"href":"https:\/\/consfriburgo.esteri.it\/de\/wp-json\/wp\/v2\/pages\/158"}],"wp:attachment":[{"href":"https:\/\/consfriburgo.esteri.it\/de\/wp-json\/wp\/v2\/media?parent=3187"}],"curies":[{"name":"wp","href":"https:\/\/api.w.org\/{rel}","templated":true}]}}