{"id":3212,"date":"2023-10-11T09:53:26","date_gmt":"2023-10-11T07:53:26","guid":{"rendered":"https:\/\/consfriburgo.esteri.it\/?page_id=3212"},"modified":"2025-03-06T12:31:41","modified_gmt":"2025-03-06T11:31:41","slug":"personalausweis-und-reisepass","status":"publish","type":"page","link":"https:\/\/consfriburgo.esteri.it\/de\/servizi-consolari-e-visti\/servizi-per-il-cittadino-italiano\/personalausweis-und-reisepass\/","title":{"rendered":"Elektronische Personalausweis und Reisep\u00e4sse"},"content":{"rendered":"<ul>\n<li><a href=\"https:\/\/consfriburgo.esteri.it\/it\/servizi-consolari-e-visti\/servizi-per-il-cittadino-italiano\/carta-di-identita\/\">Elektronischer Personalausweis<\/a><\/li>\n<li><a href=\"https:\/\/consfriburgo.esteri.it\/it\/servizi-consolari-e-visti\/servizi-per-il-cittadino-italiano\/pasaaporti\/\">Reisep\u00e4sse<\/a><\/li>\n<\/ul>\n<p style=\"text-align: justify;\">In der rechten Spalte finden Sie Informationen \u00fcber weitere Dienstleistungen f\u00fcr italienische B\u00fcrger.<\/p>\n<p style=\"text-align: justify;\"><strong>Um einen Termin zu vereinbaren, sei es f\u00fcr einen elektronischen Personalausweis oder einen Reisepass, m\u00fcssen Sie sich auf dem Portal PRENOT@AMI registrieren. Um Zugang zum Portal zu erhalten, klicken Sie bitte HIER unten<\/strong><\/p>\n<h3 style=\"text-align: center;\"><strong><a href=\"https:\/\/prenotami.esteri.it\/\">\u00a0&#8222;Prenot@mi&#8220;<\/a><\/strong><\/h3>\n<h2 style=\"text-align: center;\"><strong><span style=\"text-decoration: underline;\">Es wird darauf hingewiesen, dass das Buchungssystem KOSTENFREI ist<\/span><\/strong><\/h2>\n<p>&nbsp;<\/p>\n<h3 style=\"text-align: center;\"><a href=\"https:\/\/www.youtube.com\/watch?v=7Z0tvnej_JM\">Videoanleitung PRENOT@MI<\/a><\/h3>\n<p>&nbsp;<\/p>\n<p style=\"text-align: justify;\"><strong>Das Portal <a href=\"https:\/\/prenotami.esteri.it\/\">&#8222;Prenot@mi&#8220;<\/a> ist der erste und einzige Schritt f\u00fcr das CIE- und Passverfahren. Sollten Sie bei der Registrierung auf Schwierigkeiten sto\u00dfen oder Zweifel haben, wenden Sie sich bitte per E-Mail an <a href=\"mailto:friburgo.assistente@esteri.it\">friburgo.assistente@esteri.it<\/a> oder telefonisch von Montag bis Freitag zwischen 09:00 und 12:00 Uhr unter der Nummer <span style=\"text-decoration: underline;\">0761 386610<\/span> an uns.<\/strong><\/p>\n<p>Es wird darauf hingewiesen, dass \u00fcber das Prenot@mi-Portal ausschlie\u00dflich Termine f\u00fcr Personalausweise (CIE) und Reisep\u00e4sse vereinbart werden k\u00f6nnen.<\/p>\n<p>F\u00fcr alle anderen Anfragen wenden Sie sich bitte an die Telefonzentrale oder das zust\u00e4ndige B\u00fcro. Falls Ihre Anfrage bei einem nicht zust\u00e4ndigen B\u00fcro eingeht, wird diese an das zust\u00e4ndige B\u00fcro weitergeleitet.<\/p>\n<p>Bitte beachten Sie, dass jedes B\u00fcro \u00fcber eine direkte Telefonnummer und eine direkte E-Mail-Adresse verf\u00fcgt.<\/p>\n<h4 style=\"text-align: center;\">BITTE BESUCHEN SIE DAS KONSULAT NICHT PERS\u00d6NLICH OHNE TERMIN.<\/h4>\n<p>&nbsp;<\/p>\n","protected":false},"excerpt":{"rendered":"Elektronischer Personalausweis Reisep\u00e4sse In der rechten Spalte finden Sie Informationen \u00fcber weitere Dienstleistungen f\u00fcr italienische B\u00fcrger. Um einen Termin zu vereinbaren, sei es f\u00fcr einen elektronischen Personalausweis oder einen Reisepass, m\u00fcssen Sie sich auf dem Portal PRENOT@AMI registrieren. Um Zugang zum Portal zu erhalten, klicken Sie bitte HIER unten \u00a0&#8222;Prenot@mi&#8220; Es wird darauf hingewiesen, dass [&hellip;]","protected":false},"author":7,"featured_media":0,"parent":164,"menu_order":0,"comment_status":"closed","ping_status":"closed","template":"","meta":{"footnotes":""},"class_list":["post-3212","page","type-page","status-publish","hentry"],"_links":{"self":[{"href":"https:\/\/consfriburgo.esteri.it\/de\/wp-json\/wp\/v2\/pages\/3212","targetHints":{"allow":["GET"]}}],"collection":[{"href":"https:\/\/consfriburgo.esteri.it\/de\/wp-json\/wp\/v2\/pages"}],"about":[{"href":"https:\/\/consfriburgo.esteri.it\/de\/wp-json\/wp\/v2\/types\/page"}],"author":[{"embeddable":true,"href":"https:\/\/consfriburgo.esteri.it\/de\/wp-json\/wp\/v2\/users\/7"}],"replies":[{"embeddable":true,"href":"https:\/\/consfriburgo.esteri.it\/de\/wp-json\/wp\/v2\/comments?post=3212"}],"version-history":[{"count":6,"href":"https:\/\/consfriburgo.esteri.it\/de\/wp-json\/wp\/v2\/pages\/3212\/revisions"}],"predecessor-version":[{"id":10774,"href":"https:\/\/consfriburgo.esteri.it\/de\/wp-json\/wp\/v2\/pages\/3212\/revisions\/10774"}],"up":[{"embeddable":true,"href":"https:\/\/consfriburgo.esteri.it\/de\/wp-json\/wp\/v2\/pages\/164"}],"wp:attachment":[{"href":"https:\/\/consfriburgo.esteri.it\/de\/wp-json\/wp\/v2\/media?parent=3212"}],"curies":[{"name":"wp","href":"https:\/\/api.w.org\/{rel}","templated":true}]}}