{"id":35,"date":"2023-02-22T15:26:13","date_gmt":"2023-02-22T14:26:13","guid":{"rendered":"https:\/\/consfriburgo.esteri.it\/servizi-consolari-e-visti\/"},"modified":"2025-03-06T12:16:43","modified_gmt":"2025-03-06T11:16:43","slug":"servizi-consolari-e-visti","status":"publish","type":"page","link":"https:\/\/consfriburgo.esteri.it\/de\/servizi-consolari-e-visti\/","title":{"rendered":"Konsularische Dienstleistungen und Visa"},"content":{"rendered":"<p style=\"text-align: justify;\">Die konsularischen Dienstleistungen werden nach den Grunds\u00e4tzen der <em>Gleichheit, Unparteilichkeit, Effizienz<\/em> und <em>Transparenz<\/em> erbracht.<\/p>\n<p style=\"text-align: justify;\">Landsleute, die Eltern von minderj\u00e4hrigen Kindern sind, werden dar\u00fcber informiert, dass <strong>ab dem 14. Juni 2023 gem\u00e4\u00df dem Gesetzesdekret 69\/2023 die Zustimmung des anderen Elternteils f\u00fcr die Ausstellung von Ausweispapieren (Reisepass und CIE)<\/strong> nicht mehr erforderlich ist.<\/p>\n<p style=\"text-align: justify;\"><strong>F\u00fcr die Ausstellung von Dokumenten f\u00fcr Minderj\u00e4hrige ist jedoch weiterhin die Unterschrift beider Elternteile oder derjenigen, die die elterliche Verantwortung aus\u00fcben, erforderlich.<\/strong><\/p>\n<p style=\"text-align: justify;\">F\u00fcr die Beantragung eines Termins f\u00fcr die Ausstellung eines Reisepasses oder Personalausweises ist ausschlie\u00dflich die Plattform <strong><a href=\"https:\/\/prenotami.esteri.it\/\">Prenot@Mi<\/a><\/strong> zu verwenden.<\/p>\n<p style=\"text-align: justify;\">In F\u00e4llen absoluter und dokumentierter Dringlichkeit (Notwendigkeit der Reise aus schwerwiegenden, nachgewiesenen famili\u00e4ren oder gesundheitlichen Gr\u00fcnden oder aus unvorhersehbaren gesch\u00e4ftlichen Gr\u00fcnden) werden die Einwohner des Konsularbezirks gebeten<br \/>\n1. Einen Termin \u00fcber das Portal <strong><a href=\"https:\/\/prenotami.esteri.it\/\">Prenot@mi<\/a><\/strong> zu buchen<br \/>\n2. Per E-Mail das Datum des gebuchten Termins mitzuteilen und dessen Vorverlegung zu beantragen, wobei die Gr\u00fcnde f\u00fcr die Dringlichkeit anzugeben sind, die durch Beif\u00fcgung der entsprechenden Unterlagen an dieselbe E-Mail zu dokumentieren sind.<\/p>\n<p style=\"text-align: justify;\">Das Merkmal der &#8222;Dringlichkeit&#8220; wird vom Leiter des Amtes beurteilt und die Entscheidung wird dem Antragsteller per E-Mail mitgeteilt. Die Ausstellung des Passes unterliegt in diesem Fall zus\u00e4tzlich zu den Kosten des Passes der Zahlung der Dringlichkeitsgeb\u00fchr in H\u00f6he von 50,00 \u20ac (Art. 74 der Konsulartariftabelle im Anhang des Gesetzesdekrets Nr. 71 vom 3. Februar 2011, zuletzt aktualisiert durch das Gesetzesdekret Nr. 221 vom 29. Oktober 2016).<\/p>\n<p>Es wird darauf hingewiesen, dass \u00fcber das Prenot@mi-Portal ausschlie\u00dflich Termine f\u00fcr Personalausweise (CIE) und Reisep\u00e4sse vereinbart werden k\u00f6nnen.<\/p>\n<p>F\u00fcr alle anderen Anfragen wenden Sie sich bitte an die Telefonzentrale oder das zust\u00e4ndige B\u00fcro. Falls Ihre Anfrage bei einem nicht zust\u00e4ndigen B\u00fcro eingeht, wird diese an das zust\u00e4ndige B\u00fcro weitergeleitet.<\/p>\n<p>Bitte beachten Sie, dass jedes B\u00fcro \u00fcber eine direkte Telefonnummer und eine direkte E-Mail-Adresse verf\u00fcgt.<\/p>\n<p style=\"text-align: justify;\"><strong>Antr\u00e4ge auf Einschreibung in AIRE<\/strong> (Anagrafe dei cittadini italiani residenti all&#8217;estero) und Mitteilungen \u00fcber <strong>Adress\u00e4nderungen und Versetzungen in einen anderen Konsularbezirk<\/strong> (Personen, die bereits im Konsularbezirk London, K\u00f6ln, Paris oder Buoenos Aires eingeschrieben sind und nach Berlin umziehen und umgekehrt) m\u00fcssen \u00fcber das Portal <strong><a href=\"https:\/\/serviziconsolarionline.esteri.it\/ScoFE\/index.sco\">Fast It<\/a> <\/strong>eingereicht werden,<strong> indem das entsprechende Formular ausgef\u00fcllt und die erforderlichen Unterlagen beigef\u00fcgt werden<\/strong>, oder ausnahmsweise per Post unter Angabe der entsprechenden Gr\u00fcnde.<br \/>\nDas <strong><a href=\"https:\/\/serviziconsolarionline.esteri.it\/ScoFE\/index.sco\">Fast-It<\/a><\/strong>-Portal ist in folgenden Sprachen verf\u00fcgbar: Italienisch, Deutsch, Englisch, Franz\u00f6sisch, Spanisch und Portugiesisch.<\/p>\n<p style=\"text-align: justify;\">Alle Landsleute, auch diejenigen, die bereits im konsularischen Standesamt registriert sind, sind eingeladen, sich im <a href=\"https:\/\/serviziconsolarionline.esteri.it\/ScoFE\/index.sco\">Fast It<\/a>-Portal zu registrieren.<\/p>\n<p style=\"text-align: justify;\">Antr\u00e4ge auf Erteilung der <strong>Staatsangeh\u00f6rigkeit durch Heirat<\/strong> m\u00fcssen direkt auf der elektronischen Plattform des Innenministeriums gestellt werden, wobei die Anweisungen auf der Seite <strong><a href=\"https:\/\/ambberlino.esteri.it\/it\/servizi-consolari-e-visti\/servizi-per-il-cittadino-straniero\/cittadinanza\/cittadinanza-per-matrimonio-o-unione-civile\/\">Staatsangeh\u00f6rigkeit durch Heirat<\/a><\/strong> zu beachten sind.<\/p>\n","protected":false},"excerpt":{"rendered":"Die konsularischen Dienstleistungen werden nach den Grunds\u00e4tzen der Gleichheit, Unparteilichkeit, Effizienz und Transparenz erbracht. Landsleute, die Eltern von minderj\u00e4hrigen Kindern sind, werden dar\u00fcber informiert, dass ab dem 14. Juni 2023 gem\u00e4\u00df dem Gesetzesdekret 69\/2023 die Zustimmung des anderen Elternteils f\u00fcr die Ausstellung von Ausweispapieren (Reisepass und CIE) nicht mehr erforderlich ist. F\u00fcr die Ausstellung von [&hellip;]","protected":false},"author":1,"featured_media":0,"parent":0,"menu_order":6,"comment_status":"closed","ping_status":"closed","template":"","meta":{"footnotes":""},"class_list":["post-35","page","type-page","status-publish","hentry"],"_links":{"self":[{"href":"https:\/\/consfriburgo.esteri.it\/de\/wp-json\/wp\/v2\/pages\/35","targetHints":{"allow":["GET"]}}],"collection":[{"href":"https:\/\/consfriburgo.esteri.it\/de\/wp-json\/wp\/v2\/pages"}],"about":[{"href":"https:\/\/consfriburgo.esteri.it\/de\/wp-json\/wp\/v2\/types\/page"}],"author":[{"embeddable":true,"href":"https:\/\/consfriburgo.esteri.it\/de\/wp-json\/wp\/v2\/users\/1"}],"replies":[{"embeddable":true,"href":"https:\/\/consfriburgo.esteri.it\/de\/wp-json\/wp\/v2\/comments?post=35"}],"version-history":[{"count":6,"href":"https:\/\/consfriburgo.esteri.it\/de\/wp-json\/wp\/v2\/pages\/35\/revisions"}],"predecessor-version":[{"id":10771,"href":"https:\/\/consfriburgo.esteri.it\/de\/wp-json\/wp\/v2\/pages\/35\/revisions\/10771"}],"wp:attachment":[{"href":"https:\/\/consfriburgo.esteri.it\/de\/wp-json\/wp\/v2\/media?parent=35"}],"curies":[{"name":"wp","href":"https:\/\/api.w.org\/{rel}","templated":true}]}}